{"id":234554,"date":"2019-09-06T18:00:08","date_gmt":"2019-09-06T18:00:08","guid":{"rendered":"https:\/\/www.rctvinternational.com\/?post_type=product&#038;p=234554"},"modified":"2025-05-07T22:57:54","modified_gmt":"2025-05-07T22:57:54","slug":"camaleona","status":"publish","type":"product","link":"http:\/\/3.144.191.25\/en\/product\/camaleona\/","title":{"rendered":"Camaleona"},"content":{"rendered":"<div style=\"width: 100%; min-height: 1px;\" id=\"vimeo-wc-video-6a021545432f4\" data-js=\"vimeo-wc-video\" data-atts=\"{&quot;autopause&quot;:&quot;true&quot;,&quot;autoplay&quot;:false,&quot;background&quot;:false,&quot;byline&quot;:&quot;true&quot;,&quot;color&quot;:&quot;none&quot;,&quot;controls&quot;:&quot;true&quot;,&quot;dnt&quot;:&quot;true&quot;,&quot;height&quot;:&quot;none&quot;,&quot;id&quot;:false,&quot;loop&quot;:false,&quot;maxheight&quot;:&quot;none&quot;,&quot;maxwidth&quot;:&quot;none&quot;,&quot;muted&quot;:false,&quot;pip&quot;:false,&quot;playsinline&quot;:&quot;true&quot;,&quot;portrait&quot;:&quot;true&quot;,&quot;quality&quot;:&quot;auto&quot;,&quot;responsive&quot;:&quot;true&quot;,&quot;speed&quot;:false,&quot;texttrack&quot;:&quot;none&quot;,&quot;title&quot;:&quot;true&quot;,&quot;transparent&quot;:true,&quot;url&quot;:&quot;https:\\\/\\\/vimeo.com\\\/790170508&quot;,&quot;width&quot;:&quot;none&quot;}\"><\/div>\n<p>&nbsp;<\/p>","protected":false},"excerpt":{"rendered":"<p><img decoding=\"async\" loading=\"lazy\" class=\"alignnone size-medium wp-image-234592\" src=\"http:\/\/www.rctvinternational.com\/wp-content\/uploads\/2023\/01\/Claquetas_2022-34-229x300.png\" alt=\"\" width=\"229\" height=\"300\" \/><\/p>\n<p><img decoding=\"async\" loading=\"lazy\" class=\"alignnone size-full wp-image-232350\" src=\"http:\/\/www.rctvinternational.com\/wp-content\/uploads\/2020\/10\/Sinopsis.png\" alt=\"\" width=\"125\" height=\"57\" \/><\/p>\n<p style=\"text-align: justify;\">Natalia Elena Rivas (Juliet Lima) es una joven de 21 a\u00f1os que se reencuentra con Juan Pablo Alc\u00e1ntara (Daniel Elbittar) despu\u00e9s de haber perdido contacto por un largo tiempo. Ambos estaban enamorados en su infancia y adem\u00e1s de su amistad, sus pasados tienen algo en com\u00fan: ambos quedaron marcados cuando eran unos inocentes ni\u00f1os tras la terrible e inusual muerte de sus padres.<\/p>\n<p style=\"text-align: justify;\">Natalia, para adaptarse a la dura realidad, se convierte en una mujer camale\u00f3nica. Su habilidad para transformarse en una persona completamente diferente es grandiosa y le permite desenvolverse como una excelente periodista. As\u00ed, ella adopta diferentes personajes e inmiscuirse en diversas situaciones sin que nadie pueda reconocerla.<\/p>\n<p style=\"text-align: justify;\">Daniel se reencuentra con ella cuando la joven se encontraba caracterizando uno de sus personajes y conocer\u00e1 a otra de las identidades de Natalia sin saber que se trata de la misma persona.<\/p>\n<p style=\"text-align: justify;\">El destino los har\u00e1 enamorarse y vivir una historia de amor complicada, llena de secretos, pasi\u00f3n y misterios. Adem\u00e1s, deber\u00e1n hacer frente a las circunstancias tr\u00e1gicas de su pasado y el asesinato de sus padres, algo que les ha afectado profundamente.<\/p>\n<p style=\"text-align: justify;\">Al final podr\u00e1n superar el impacto de tan horrible hecho, no sin antes enfrentar diversas adversidades. Encontrar\u00e1n no solo la respuesta a sus preguntas, sino tambi\u00e9n lecciones que la vida les dar\u00e1 sobre venganza, la justicia y el romance, hasta encontrar la felicidad que se merecen y vivir juntos su verdadera y aut\u00e9ntica historia de amor.<\/p>\n<p style=\"text-align: justify;\">Adem\u00e1s del drama y el romance, esta historia cuenta con muchos momentos de comedia mayormente propiciados por las personalidades diferentes de las identidades de Natalia. Algo que tambi\u00e9n aporta una divertida intriga a la trama.<\/p>\n<p><img decoding=\"async\" loading=\"lazy\" class=\"alignnone size-full wp-image-231431\" src=\"http:\/\/www.rctvinternational.com\/wp-content\/uploads\/2020\/04\/deberias-saber-que.jpg\" alt=\"\" width=\"265\" height=\"39\" \/><\/p>\n<p style=\"text-align: justify;\">El guion de este espectacular drama, con muchos momentos de comedia, es una obra original de Carolina Espada, quien tambi\u00e9n escribi\u00f3 la destacada telenovela Mi Gorda Bella. Esta producci\u00f3n es uno de los t\u00edtulos que siguen reproduci\u00e9ndose con \u00e9xito en sistemas de plataformas streaming como Vix y Amazon Prime Video.<\/p>","protected":false},"featured_media":234588,"template":"","meta":{"_et_pb_use_builder":"","_et_pb_old_content":"","_et_gb_content_width":""},"product_cat":[23],"product_tag":[704,707,709,705,518,62,706,708],"acf":[],"_links":{"self":[{"href":"http:\/\/3.144.191.25\/en\/wp-json\/wp\/v2\/product\/234554"}],"collection":[{"href":"http:\/\/3.144.191.25\/en\/wp-json\/wp\/v2\/product"}],"about":[{"href":"http:\/\/3.144.191.25\/en\/wp-json\/wp\/v2\/types\/product"}],"wp:featuredmedia":[{"embeddable":true,"href":"http:\/\/3.144.191.25\/en\/wp-json\/wp\/v2\/media\/234588"}],"wp:attachment":[{"href":"http:\/\/3.144.191.25\/en\/wp-json\/wp\/v2\/media?parent=234554"}],"wp:term":[{"taxonomy":"product_cat","embeddable":true,"href":"http:\/\/3.144.191.25\/en\/wp-json\/wp\/v2\/product_cat?post=234554"},{"taxonomy":"product_tag","embeddable":true,"href":"http:\/\/3.144.191.25\/en\/wp-json\/wp\/v2\/product_tag?post=234554"}],"curies":[{"name":"wp","href":"https:\/\/api.w.org\/{rel}","templated":true}]}}