{"id":234556,"date":"2023-06-29T19:59:44","date_gmt":"2023-06-29T19:59:44","guid":{"rendered":"https:\/\/www.rctvinternational.com\/?post_type=product&#038;p=234556"},"modified":"2025-05-07T22:45:56","modified_gmt":"2025-05-07T22:45:56","slug":"carissima","status":"publish","type":"product","link":"http:\/\/3.144.191.25\/en\/product\/carissima\/","title":{"rendered":"Carissima"},"content":{"rendered":"<p style=\"text-align: center;\"><div style=\"width: 100%; min-height: 1px;\" id=\"vimeo-wc-video-6a020a272ca5d\" data-js=\"vimeo-wc-video\" data-atts=\"{&quot;autopause&quot;:&quot;true&quot;,&quot;autoplay&quot;:false,&quot;background&quot;:false,&quot;byline&quot;:&quot;true&quot;,&quot;color&quot;:&quot;none&quot;,&quot;controls&quot;:&quot;true&quot;,&quot;dnt&quot;:&quot;true&quot;,&quot;height&quot;:&quot;none&quot;,&quot;id&quot;:false,&quot;loop&quot;:false,&quot;maxheight&quot;:&quot;none&quot;,&quot;maxwidth&quot;:&quot;none&quot;,&quot;muted&quot;:false,&quot;pip&quot;:false,&quot;playsinline&quot;:&quot;true&quot;,&quot;portrait&quot;:&quot;true&quot;,&quot;quality&quot;:&quot;auto&quot;,&quot;responsive&quot;:&quot;true&quot;,&quot;speed&quot;:false,&quot;texttrack&quot;:&quot;none&quot;,&quot;title&quot;:&quot;true&quot;,&quot;transparent&quot;:true,&quot;url&quot;:&quot;https:\\\/\\\/vimeo.com\\\/839826010&quot;,&quot;width&quot;:&quot;none&quot;}\"><\/div><\/p>\n<p>&nbsp;<\/p>","protected":false},"excerpt":{"rendered":"<p><img decoding=\"async\" loading=\"lazy\" class=\"alignnone size-medium wp-image-235068\" src=\"https:\/\/www.rctvinternational.com\/wp-content\/uploads\/2023\/06\/Carissima-Claquetas-230x300.png\" alt=\"\" width=\"230\" height=\"300\" \/><\/p>\n<p><img decoding=\"async\" loading=\"lazy\" class=\"alignnone size-full wp-image-232350\" src=\"http:\/\/www.rctvinternational.com\/wp-content\/uploads\/2020\/10\/Sinopsis.png\" alt=\"\" width=\"125\" height=\"57\" \/><\/p>\n<p style=\"text-align: justify;\">Avril Zurli <strong>(Roxana Diaz)<\/strong> y Gabriel Santuario <strong>(Carlos Montilla)<\/strong> est\u00e1n unidos por el destino y tienen una historia de amor dif\u00edcil.<\/p>\n<p style=\"text-align: justify;\">\u00c9l est\u00e1 determinado a vengar la muerte de su padre, quien ha sido asesinado por Monserrat Vallemor\u00edn <strong>(Franklin Virg\u00fcez)<\/strong>, un hombre malo, con poder dentro del crimen organizado. El objetivo principal para llevar a cabo su venganza ser\u00e1 la persona m\u00e1s querida por este despreciable hombre, su \u201cahijada\u201d Avril. Sin embargo, Gabriel terminar\u00e1 enamor\u00e1ndose inevitablemente de la joven.<\/p>\n<p style=\"text-align: justify;\">Ella, aunque tiene un v\u00ednculo con Monserrat, no corresponde al afecto de su padrino. Adem\u00e1s, le tiene una gran desconfianza, raz\u00f3n por la cual la chica guarda distancia. La verdad es que Monserrat es su verdadero padre y \u00e9l le hace creer que es solamente su ahijada para protegerla de los peligros y amenazas propias de su estilo de vida criminal.<\/p>\n<p style=\"text-align: justify;\">Por otro lado, Monserrat cree que su \u00fanica hija es Avril, desconociendo que la madre de ella tuvo otro embarazo, y se lo mantuvo escondido. Esta ni\u00f1a, tambi\u00e9n hija de Monserrat, ahora es una hermosa joven llamada Adriana. Ambas muchachas, sin saber que son hermanas, se disputar\u00e1n el amor de Gabriel.<\/p>\n<p style=\"text-align: justify;\">La historia de amor entre nuestros protagonistas se complicar\u00e1 mucho m\u00e1s. Un d\u00eda aparece Jos\u00e9 Tom\u00e1s Urriola, \u00e9l tambi\u00e9n tiene planeado vengarse de Monserrat y tambi\u00e9n se enamora de Avril. Ella se sentir\u00e1 atra\u00edda por el en alg\u00fan momento, pero surgen dudas.<\/p>\n<p style=\"text-align: justify;\">\u00bfHasta d\u00f3nde llegar\u00e1 este amor? \u00bfQu\u00e9 pasar\u00e1 cuando Avril descubra el plan de venganza de Gabriel? D\u00e9jate cautivar por este apasionado drama lleno de secretos familiares y un amor que deber\u00e1 sortear grandes obst\u00e1culos para poder alcanzar la felicidad.<\/p>\n<p>&nbsp;<\/p>\n<p><img decoding=\"async\" loading=\"lazy\" class=\"alignnone size-full wp-image-231431\" src=\"http:\/\/www.rctvinternational.com\/wp-content\/uploads\/2020\/04\/deberias-saber-que.jpg\" alt=\"\" width=\"265\" height=\"39\" \/><\/p>\n<p style=\"text-align: justify;\">En el guion de esta historia intervinieron grandes dramaturgos como Manuel Gonz\u00e1lez hijo, Daniel Gonz\u00e1lez, Manuel Gonz\u00e1lez, Julio C\u00e9sar M\u00e1rmol hijo y Julio C\u00e9sar M\u00e1rmol.<\/p>","protected":false},"featured_media":234703,"template":"","meta":{"_et_pb_use_builder":"","_et_pb_old_content":"","_et_gb_content_width":""},"product_cat":[23],"product_tag":[710,312,713,712,711,251],"acf":[],"_links":{"self":[{"href":"http:\/\/3.144.191.25\/en\/wp-json\/wp\/v2\/product\/234556"}],"collection":[{"href":"http:\/\/3.144.191.25\/en\/wp-json\/wp\/v2\/product"}],"about":[{"href":"http:\/\/3.144.191.25\/en\/wp-json\/wp\/v2\/types\/product"}],"wp:featuredmedia":[{"embeddable":true,"href":"http:\/\/3.144.191.25\/en\/wp-json\/wp\/v2\/media\/234703"}],"wp:attachment":[{"href":"http:\/\/3.144.191.25\/en\/wp-json\/wp\/v2\/media?parent=234556"}],"wp:term":[{"taxonomy":"product_cat","embeddable":true,"href":"http:\/\/3.144.191.25\/en\/wp-json\/wp\/v2\/product_cat?post=234556"},{"taxonomy":"product_tag","embeddable":true,"href":"http:\/\/3.144.191.25\/en\/wp-json\/wp\/v2\/product_tag?post=234556"}],"curies":[{"name":"wp","href":"https:\/\/api.w.org\/{rel}","templated":true}]}}