{"id":234561,"date":"2023-04-15T16:19:14","date_gmt":"2023-04-15T16:19:14","guid":{"rendered":"https:\/\/www.rctvinternational.com\/?post_type=product&#038;p=234561"},"modified":"2025-05-08T00:07:12","modified_gmt":"2025-05-08T00:07:12","slug":"alma-aborigen","status":"publish","type":"product","link":"http:\/\/3.144.191.25\/en\/product\/alma-aborigen\/","title":{"rendered":"Alma Aborigen"},"content":{"rendered":"<p style=\"text-align: center;\"><div style=\"width: 100%; min-height: 1px;\" id=\"vimeo-wc-video-6a0215e465a95\" data-js=\"vimeo-wc-video\" data-atts=\"{&quot;autopause&quot;:&quot;true&quot;,&quot;autoplay&quot;:false,&quot;background&quot;:false,&quot;byline&quot;:&quot;true&quot;,&quot;color&quot;:&quot;none&quot;,&quot;controls&quot;:&quot;true&quot;,&quot;dnt&quot;:&quot;true&quot;,&quot;height&quot;:&quot;none&quot;,&quot;id&quot;:false,&quot;loop&quot;:false,&quot;maxheight&quot;:&quot;none&quot;,&quot;maxwidth&quot;:&quot;none&quot;,&quot;muted&quot;:false,&quot;pip&quot;:false,&quot;playsinline&quot;:&quot;true&quot;,&quot;portrait&quot;:&quot;true&quot;,&quot;quality&quot;:&quot;auto&quot;,&quot;responsive&quot;:&quot;true&quot;,&quot;speed&quot;:false,&quot;texttrack&quot;:&quot;none&quot;,&quot;title&quot;:&quot;true&quot;,&quot;transparent&quot;:true,&quot;url&quot;:&quot;https:\\\/\\\/vimeo.com\\\/756949143&quot;,&quot;width&quot;:&quot;none&quot;}\"><\/div><\/p>\n<p>&nbsp;<\/p>\n<p>&nbsp;<\/p>\n<p>&nbsp;<\/p>","protected":false},"excerpt":{"rendered":"<p style=\"text-align: justify;\"><img decoding=\"async\" loading=\"lazy\" class=\"alignnone size-medium wp-image-234910\" src=\"http:\/\/www.rctvinternational.com\/wp-content\/uploads\/2023\/04\/Estrllas_Sobre_el_Alma_Aborigen-238x300.png\" alt=\"\" width=\"238\" height=\"300\" \/><\/p>\n<p><img decoding=\"async\" loading=\"lazy\" class=\"alignnone size-full wp-image-232350\" src=\"http:\/\/www.rctvinternational.com\/wp-content\/uploads\/2020\/10\/Sinopsis.png\" alt=\"\" width=\"125\" height=\"57\" \/><\/p>\n<p>La joven m\u00e1s bella y m\u00e1s deseada por los galanes es Am\u00e9rica Pe\u00f1a.<\/p>\n<p>Reinaldo Solares es el due\u00f1o de una hacienda ubicada de las cercan\u00edas de Pueblo Abajo, el lugar donde vive la joven belleza. Guaicaipuro Pe\u00f1a, hermano de la joven, le promete una cruel venganza al joven hacendado si se atreviera a aprovecharse de la ingenuidad de Am\u00e9rica. En ambos personajes, Guaicaipuro y Reinaldo, se retrata la naturaleza apasionada, de gran valent\u00eda, que forma parte del coraz\u00f3n venezolano.<\/p>\n<p>Cuando Reinaldo Solares se dispone a participar en los &#8216;Toros Coleados&#8217; una importante tradici\u00f3n para la sociedad venezolana de la \u00e9poca, se enfrenta al mejor coleador del lugar, el mismo Guaicaipuro Pe\u00f1a.<\/p>\n<p>Reinaldo logra convencer a Guaicaipuro que \u00e9l tambi\u00e9n es un llanero y no un &#8216;ni\u00f1o bien&#8217;. Su romance con Am\u00e9rica obtiene la aprobaci\u00f3n que esperaban de Guaicaipuro, en medio de la emoci\u00f3n y las aclamaciones del p\u00fablico.<\/p>\n<p><img decoding=\"async\" loading=\"lazy\" class=\"alignnone size-full wp-image-231431\" src=\"http:\/\/www.rctvinternational.com\/wp-content\/uploads\/2020\/04\/deberias-saber-que.jpg\" alt=\"\" width=\"265\" height=\"39\" \/><\/p>\n<p style=\"text-align: justify;\">Alma Aborigen es una adaptaci\u00f3n del cuento de R\u00f3mulo Gallegos que forma parte de su publicaci\u00f3n La Doncella y El \u00faltimo patriota. Pertenece al segundo Ciclo de Oro de R\u00f3mulo Gallegos, de <strong>RCTV<\/strong>. Protagonizado por el primer actor Jean Carlo Simancas, muy reconocido por varios papeles populares en la TV venezolana.<\/p>","protected":false},"featured_media":234584,"template":"","meta":{"_et_pb_use_builder":"","_et_pb_old_content":"","_et_gb_content_width":""},"product_cat":[22,24],"product_tag":[714,715,716,271,717,718,321,231],"acf":[],"_links":{"self":[{"href":"http:\/\/3.144.191.25\/en\/wp-json\/wp\/v2\/product\/234561"}],"collection":[{"href":"http:\/\/3.144.191.25\/en\/wp-json\/wp\/v2\/product"}],"about":[{"href":"http:\/\/3.144.191.25\/en\/wp-json\/wp\/v2\/types\/product"}],"wp:featuredmedia":[{"embeddable":true,"href":"http:\/\/3.144.191.25\/en\/wp-json\/wp\/v2\/media\/234584"}],"wp:attachment":[{"href":"http:\/\/3.144.191.25\/en\/wp-json\/wp\/v2\/media?parent=234561"}],"wp:term":[{"taxonomy":"product_cat","embeddable":true,"href":"http:\/\/3.144.191.25\/en\/wp-json\/wp\/v2\/product_cat?post=234561"},{"taxonomy":"product_tag","embeddable":true,"href":"http:\/\/3.144.191.25\/en\/wp-json\/wp\/v2\/product_tag?post=234561"}],"curies":[{"name":"wp","href":"https:\/\/api.w.org\/{rel}","templated":true}]}}