{"id":234563,"date":"2023-04-13T17:19:14","date_gmt":"2023-04-13T17:19:14","guid":{"rendered":"https:\/\/www.rctvinternational.com\/?post_type=product&#038;p=234563"},"modified":"2025-05-08T00:09:48","modified_gmt":"2025-05-08T00:09:48","slug":"el-analisis","status":"publish","type":"product","link":"http:\/\/3.144.191.25\/en\/product\/el-analisis\/","title":{"rendered":"El An\u00e1lisis"},"content":{"rendered":"<div style=\"width: 100%; min-height: 1px;\" id=\"vimeo-wc-video-6a0222478e4d2\" data-js=\"vimeo-wc-video\" data-atts=\"{&quot;autopause&quot;:&quot;true&quot;,&quot;autoplay&quot;:false,&quot;background&quot;:false,&quot;byline&quot;:&quot;true&quot;,&quot;color&quot;:&quot;none&quot;,&quot;controls&quot;:&quot;true&quot;,&quot;dnt&quot;:&quot;true&quot;,&quot;height&quot;:&quot;none&quot;,&quot;id&quot;:false,&quot;loop&quot;:false,&quot;maxheight&quot;:&quot;none&quot;,&quot;maxwidth&quot;:&quot;none&quot;,&quot;muted&quot;:false,&quot;pip&quot;:false,&quot;playsinline&quot;:&quot;true&quot;,&quot;portrait&quot;:&quot;true&quot;,&quot;quality&quot;:&quot;auto&quot;,&quot;responsive&quot;:&quot;true&quot;,&quot;speed&quot;:false,&quot;texttrack&quot;:&quot;none&quot;,&quot;title&quot;:&quot;true&quot;,&quot;transparent&quot;:true,&quot;url&quot;:&quot;https:\\\/\\\/vimeo.com\\\/756952111&quot;,&quot;width&quot;:&quot;none&quot;}\"><\/div>\n<p>&nbsp;<\/p>","protected":false},"excerpt":{"rendered":"<p style=\"text-align: justify;\"><img decoding=\"async\" loading=\"lazy\" class=\"alignnone size-medium wp-image-234581\" src=\"http:\/\/www.rctvinternational.com\/wp-content\/uploads\/2023\/01\/El_Analisis_claquetas_2022-237x300.png\" alt=\"\" width=\"237\" height=\"300\" \/><\/p>\n<p><img decoding=\"async\" loading=\"lazy\" class=\"alignnone size-full wp-image-232350\" src=\"http:\/\/www.rctvinternational.com\/wp-content\/uploads\/2020\/10\/Sinopsis.png\" alt=\"\" width=\"125\" height=\"57\" \/><\/p>\n<p style=\"text-align: justify;\">Carlos contrae nupcias con Marta y trata desde el inicio del matrimonio de convencerla de las desventajas de la vida dom\u00e9stica, incit\u00e1ndola a llevar una vida m\u00e1s independiente.<\/p>\n<p style=\"text-align: justify;\">Marta acepta las sugerencias de su esposo y comienza a actuar como una joven que se aleja de las tradiciones de la \u00e9poca, despertando hacia la modernidad. Pero claro, el matrimonio enfrenta un ambiente social de pensamiento conservador y m\u00e1s bien sumido profundamente en las ra\u00edces de las viejas costumbres.<\/p>\n<p style=\"text-align: justify;\">La mayor \u00abaudacia\u00bb de Marta es su participaci\u00f3n en un activo comit\u00e9 de damas. Gradualmente, la actitud de Marta comienza a despertar suspicacias en todos sus allegados, inclusive su madre y su confesor. Carlos sospecha hasta de un posible amor\u00edo entre Marta y su mejor amigo, Jacinto.<\/p>\n<p style=\"text-align: justify;\">Al enterarse, Marta no puede soportar la confusi\u00f3n y las dudas, sobre todo cuando provienen de su en realidad celoso y dominante esposo. Al experimentar un pesar insostenible, Marta toma la decisi\u00f3n de acabar con su vida.<\/p>\n<p><img decoding=\"async\" loading=\"lazy\" class=\"alignnone size-full wp-image-231431\" src=\"http:\/\/www.rctvinternational.com\/wp-content\/uploads\/2020\/04\/deberias-saber-que.jpg\" alt=\"\" width=\"265\" height=\"39\" \/><\/p>\n<p style=\"text-align: justify;\">Protagonizado por Elba Escobar y Henry Sakka bajo la direcci\u00f3n de Luis Alberto Lamata, uno de los directores mas exitosos de Venezuela tanto en el cine como en la televisi\u00f3n, que aporto su visi\u00f3n tambi\u00e9n en otras obras destacadas producidas por <strong>RCTV<\/strong> como Pobre Negro.<\/p>","protected":false},"featured_media":234577,"template":"","meta":{"_et_pb_use_builder":"","_et_pb_old_content":"","_et_gb_content_width":""},"product_cat":[22,24],"product_tag":[719,720,723,722,721,730,731,728,727,732,729,726,724,725,733],"acf":[],"_links":{"self":[{"href":"http:\/\/3.144.191.25\/en\/wp-json\/wp\/v2\/product\/234563"}],"collection":[{"href":"http:\/\/3.144.191.25\/en\/wp-json\/wp\/v2\/product"}],"about":[{"href":"http:\/\/3.144.191.25\/en\/wp-json\/wp\/v2\/types\/product"}],"wp:featuredmedia":[{"embeddable":true,"href":"http:\/\/3.144.191.25\/en\/wp-json\/wp\/v2\/media\/234577"}],"wp:attachment":[{"href":"http:\/\/3.144.191.25\/en\/wp-json\/wp\/v2\/media?parent=234563"}],"wp:term":[{"taxonomy":"product_cat","embeddable":true,"href":"http:\/\/3.144.191.25\/en\/wp-json\/wp\/v2\/product_cat?post=234563"},{"taxonomy":"product_tag","embeddable":true,"href":"http:\/\/3.144.191.25\/en\/wp-json\/wp\/v2\/product_tag?post=234563"}],"curies":[{"name":"wp","href":"https:\/\/api.w.org\/{rel}","templated":true}]}}