{"id":234564,"date":"2023-04-15T16:28:05","date_gmt":"2023-04-15T16:28:05","guid":{"rendered":"https:\/\/www.rctvinternational.com\/?post_type=product&#038;p=234564"},"modified":"2025-05-08T00:02:30","modified_gmt":"2025-05-08T00:02:30","slug":"el-milagro-del-ano","status":"publish","type":"product","link":"http:\/\/3.144.191.25\/en\/product\/el-milagro-del-ano\/","title":{"rendered":"El Milagro Del A\u00f1o"},"content":{"rendered":"<p style=\"text-align: center;\"><div style=\"width: 100%; min-height: 1px;\" id=\"vimeo-wc-video-6a022f98aa9f2\" data-js=\"vimeo-wc-video\" data-atts=\"{&quot;autopause&quot;:&quot;true&quot;,&quot;autoplay&quot;:false,&quot;background&quot;:false,&quot;byline&quot;:&quot;true&quot;,&quot;color&quot;:&quot;none&quot;,&quot;controls&quot;:&quot;true&quot;,&quot;dnt&quot;:&quot;true&quot;,&quot;height&quot;:&quot;none&quot;,&quot;id&quot;:false,&quot;loop&quot;:false,&quot;maxheight&quot;:&quot;none&quot;,&quot;maxwidth&quot;:&quot;none&quot;,&quot;muted&quot;:false,&quot;pip&quot;:false,&quot;playsinline&quot;:&quot;true&quot;,&quot;portrait&quot;:&quot;true&quot;,&quot;quality&quot;:&quot;auto&quot;,&quot;responsive&quot;:&quot;true&quot;,&quot;speed&quot;:false,&quot;texttrack&quot;:&quot;none&quot;,&quot;title&quot;:&quot;true&quot;,&quot;transparent&quot;:true,&quot;url&quot;:&quot;https:\\\/\\\/vimeo.com\\\/757167004&quot;,&quot;width&quot;:&quot;none&quot;}\"><\/div><\/p>\n<p>&nbsp;<\/p>","protected":false},"excerpt":{"rendered":"<p style=\"text-align: justify;\"><img decoding=\"async\" loading=\"lazy\" class=\"alignnone size-medium wp-image-234912\" src=\"http:\/\/www.rctvinternational.com\/wp-content\/uploads\/2023\/04\/El_Milagro_del_Ano_claquetas-29-29-238x300.png\" alt=\"\" width=\"238\" height=\"300\" \/><\/p>\n<p style=\"text-align: justify;\"><img decoding=\"async\" loading=\"lazy\" class=\"alignnone size-full wp-image-232350\" src=\"http:\/\/www.rctvinternational.com\/wp-content\/uploads\/2020\/10\/Sinopsis.png\" alt=\"\" width=\"125\" height=\"57\" \/><\/p>\n<p style=\"text-align: justify;\">Chavalo, un joven pescador, regresa a tierra con un compa\u00f1ero gravemente herido. Los pobladores los reciben con preguntas y Chavalo les informa que lo acontecido: desdichadamente han desaparecido, en alta mar, los otros dos pescadores que estaban con \u00e9l.<\/p>\n<p style=\"text-align: justify;\">Chavalo es hermano de Payito, cura en el poblado, por quien se siente amparado. Rosa Mar\u00edas, la ingenua novia de Chavalo, cree en su inocencia y el sacerdote, en su virtud cristiana y sagrada lo proteg\u00eda. Pero todo el pueblo se siente desconsolado por la p\u00e9rdida de los pescadores. Ciertamente, Chavalo se encuentra a salvo de las dudas y acciones de los pobladores. A salvo, por un tiempo.<\/p>\n<p style=\"text-align: justify;\">La gente, con incertidumbre, empieza a hacer comentarios acerca de la tragedia. Ciertas sospechas caen sobre Chavalo, sobre todo por la manera sorprendente en la que el result\u00f3 ileso de las circunstancias que, seg\u00fan \u00e9l, causaron heridas a Andr\u00e9s y la muerte inevitable de los otros.<\/p>\n<p style=\"text-align: justify;\">Chavalo dec\u00eda que se hab\u00eda salvado por la fe que ten\u00eda en su santa patrona: la virgen del mar, mientras que los otros fallecieron por fallar en su fe. As\u00ed, Chavalo dec\u00eda que se hab\u00eda salvado por un\u00a0 milagro.<\/p>\n<p style=\"text-align: justify;\">Andr\u00e9s, el herido, ahora agoniza. Antes de morir, se confiesa con Payito. Le cuenta que Chavalo asesin\u00f3 a los dos compa\u00f1eros desaparecidos. Adem\u00e1s, le dice que estuvo a punto de eliminarlo a \u00e9l tambi\u00e9n, pero se salv\u00f3 porque le record\u00f3 que eran compadres y Chavalo lo perdon\u00f3. El motivo del delito correspondi\u00f3 al dinero de la pesca.<\/p>\n<p style=\"text-align: justify;\">En la procesi\u00f3n anual de la virgen del mar, en la que siempre ocurre un milagro, cae de la mano de la virgen un exvoto que Chavalo le hab\u00eda donado: una barca de plata. Los pobladores interpretan esa se\u00f1al como una acusaci\u00f3n divina al Chavalo. Todo el pueblo deja de creer en la versi\u00f3n de Chavalo.<\/p>\n<p style=\"text-align: justify;\">Rabiosos, los pobladores hacen justicia por mano propia y Chavalo paga con su vida como castigo por la muerte de los desventurados pescadores. Chavalo muere a cuchilladas por la gente del pueblo que hab\u00eda sido incitado por el hermano religioso atormentado y agobiado por la ira.<\/p>\n<p><img decoding=\"async\" loading=\"lazy\" class=\"alignnone size-full wp-image-231431\" src=\"http:\/\/www.rctvinternational.com\/wp-content\/uploads\/2020\/04\/deberias-saber-que.jpg\" alt=\"\" width=\"265\" height=\"39\" \/><\/p>\n<p style=\"text-align: justify;\">El milagro del a\u00f1o es una de las 20 adaptaciones de cuentos de R\u00f3mulo Gallegos, producidas para el Ciclo de Oro de R\u00f3mulo Gallegos por <strong>RCTV. <\/strong>Dirigida por Tito Rojas, director de grandes \u00e9xitos como Cristal, Abigail y La dama de Rosa.<\/p>","protected":false},"featured_media":234572,"template":"","meta":{"_et_pb_use_builder":"","_et_pb_old_content":"","_et_gb_content_width":""},"product_cat":[22,24],"product_tag":[52,737,271,739,734,69,735,736,738],"acf":[],"_links":{"self":[{"href":"http:\/\/3.144.191.25\/en\/wp-json\/wp\/v2\/product\/234564"}],"collection":[{"href":"http:\/\/3.144.191.25\/en\/wp-json\/wp\/v2\/product"}],"about":[{"href":"http:\/\/3.144.191.25\/en\/wp-json\/wp\/v2\/types\/product"}],"wp:featuredmedia":[{"embeddable":true,"href":"http:\/\/3.144.191.25\/en\/wp-json\/wp\/v2\/media\/234572"}],"wp:attachment":[{"href":"http:\/\/3.144.191.25\/en\/wp-json\/wp\/v2\/media?parent=234564"}],"wp:term":[{"taxonomy":"product_cat","embeddable":true,"href":"http:\/\/3.144.191.25\/en\/wp-json\/wp\/v2\/product_cat?post=234564"},{"taxonomy":"product_tag","embeddable":true,"href":"http:\/\/3.144.191.25\/en\/wp-json\/wp\/v2\/product_tag?post=234564"}],"curies":[{"name":"wp","href":"https:\/\/api.w.org\/{rel}","templated":true}]}}