{"id":234566,"date":"2018-01-23T22:18:22","date_gmt":"2018-01-23T22:18:22","guid":{"rendered":"https:\/\/www.rctvinternational.com\/?post_type=product&#038;p=234566"},"modified":"2025-05-07T23:25:48","modified_gmt":"2025-05-07T23:25:48","slug":"la-nina-de-mis-ojos","status":"publish","type":"product","link":"http:\/\/3.144.191.25\/en\/product\/la-nina-de-mis-ojos\/","title":{"rendered":"La Ni\u00f1a de Mis Ojos"},"content":{"rendered":"<p style=\"text-align: center;\"><div style=\"width: 100%; min-height: 1px;\" id=\"vimeo-wc-video-6a022fb8366cf\" data-js=\"vimeo-wc-video\" data-atts=\"{&quot;autopause&quot;:&quot;true&quot;,&quot;autoplay&quot;:false,&quot;background&quot;:false,&quot;byline&quot;:&quot;true&quot;,&quot;color&quot;:&quot;none&quot;,&quot;controls&quot;:&quot;true&quot;,&quot;dnt&quot;:&quot;true&quot;,&quot;height&quot;:&quot;none&quot;,&quot;id&quot;:false,&quot;loop&quot;:false,&quot;maxheight&quot;:&quot;none&quot;,&quot;maxwidth&quot;:&quot;none&quot;,&quot;muted&quot;:false,&quot;pip&quot;:false,&quot;playsinline&quot;:&quot;true&quot;,&quot;portrait&quot;:&quot;true&quot;,&quot;quality&quot;:&quot;auto&quot;,&quot;responsive&quot;:&quot;true&quot;,&quot;speed&quot;:false,&quot;texttrack&quot;:&quot;none&quot;,&quot;title&quot;:&quot;true&quot;,&quot;transparent&quot;:true,&quot;url&quot;:&quot;https:\\\/\\\/vimeo.com\\\/778561107&quot;,&quot;width&quot;:&quot;none&quot;}\"><\/div><\/p>\n<p>&nbsp;<\/p>","protected":false},"excerpt":{"rendered":"<p><img decoding=\"async\" loading=\"lazy\" class=\"alignnone size-medium wp-image-234571\" src=\"http:\/\/www.rctvinternational.com\/wp-content\/uploads\/2023\/01\/La_nina_de_mis_ojos_Claquetas_2022-23-229x300.png\" alt=\"\" width=\"229\" height=\"300\" \/><\/p>\n<p><img decoding=\"async\" loading=\"lazy\" class=\"alignnone size-full wp-image-232350\" src=\"http:\/\/www.rctvinternational.com\/wp-content\/uploads\/2020\/10\/Sinopsis.png\" alt=\"\" width=\"125\" height=\"57\" \/><\/p>\n<p>Esteban Olivares (Sim\u00f3n Pestana) es un joven adinerado que perdi\u00f3 la memoria; Mar\u00eda de la Luz Centeno (Lilibeth Rodr\u00edguez), es una joven humilde que estudia en la misma instituci\u00f3n de Esteban. \u00c9l la ama, ella es la ni\u00f1a de sus ojos. Ambos siendo j\u00f3venes, en una noche de pasi\u00f3n se entregan mutuamente en un lugar especial. Cuando se disponen a regresar a sus casas, sufren el accidente que causa la amnesia de Esteban.<\/p>\n<p>Cuando se recupera de sus heridas, Mar\u00eda de la Luz busca a Esteban, pero no logra encontrarlo en ning\u00fan lugar. Transcurre el tiempo despu\u00e9s del accidente y ella descubre que est\u00e1 embarazada. Aunque \u00fanicamente tiene 17 a\u00f1os, decide tener a su hijo sola.<\/p>\n<p>Esteban en realidad nunca decidi\u00f3 abandonarla. Pero, en el accidente, perdi\u00f3 la memoria y su madre, aprovech\u00f3 su nueva condici\u00f3n para mandarlo fuera del pa\u00eds y evitar que eventualmente vuelva con la humilde joven.\u00a0Aunque \u00e9l no la recuerda, los ojos de Mar\u00eda de la Luz, se convierte en una imagen que se aparece repetidamente en la memoria de Esteban y le causa desesperaci\u00f3n por no saber de qui\u00e9n se trata.<\/p>\n<p>Sin embargo, el destino los hace coincidir y enamorarse nuevamente.\u00a0\u00a0 No obstante, hay un gran impedimento para que ellos puedan vivir juntos y felices su amor. Ambos est\u00e1n casados.<\/p>\n<p>Isabel y Alejandro son los antagonistas de la historia y esposos de nuestros protagonistas, ambos se al\u00edan por un objetivo en com\u00fan: separar a los enamorados. Cometer\u00e1n enga\u00f1os y traiciones, impulsados por su ego\u00edsmo y por no querer reconocer la realidad: Los sentimientos de Esteban y Mar\u00eda de la Luz nunca desaparecieron y ellos nunca dejaron de amarse.<\/p>\n<p>Esta excelente producci\u00f3n nos demuestra que el amor que supera los obst\u00e1culos en cualquier circunstancia.<\/p>\n<p><img decoding=\"async\" loading=\"lazy\" class=\"alignnone size-full wp-image-231431\" src=\"http:\/\/www.rctvinternational.com\/wp-content\/uploads\/2020\/04\/deberias-saber-que.jpg\" alt=\"\" width=\"265\" height=\"39\" \/><\/p>\n<p style=\"text-align: justify;\">Esta telenovela de\u00a0<strong>RCTV<\/strong> escrita por Alidha \u00c1vila es una historia que re\u00fane un elenco de artistas de gran reconocimiento donde destacan: Juan Pablo Raba y Natalia Streignard. La qu\u00edmica que surgi\u00f3 entre sus personajes antagonistas, gracias a la brillante actuaci\u00f3n de ambos actores, fue lo que dio paso a que ambos protagonizaran luego mi Gorga Bella.<\/p>","protected":false},"featured_media":234567,"template":"","meta":{"_et_pb_use_builder":"","_et_pb_old_content":"","_et_gb_content_width":""},"product_cat":[23],"product_tag":[776,281,775,303,726,670],"acf":[],"_links":{"self":[{"href":"http:\/\/3.144.191.25\/en\/wp-json\/wp\/v2\/product\/234566"}],"collection":[{"href":"http:\/\/3.144.191.25\/en\/wp-json\/wp\/v2\/product"}],"about":[{"href":"http:\/\/3.144.191.25\/en\/wp-json\/wp\/v2\/types\/product"}],"wp:featuredmedia":[{"embeddable":true,"href":"http:\/\/3.144.191.25\/en\/wp-json\/wp\/v2\/media\/234567"}],"wp:attachment":[{"href":"http:\/\/3.144.191.25\/en\/wp-json\/wp\/v2\/media?parent=234566"}],"wp:term":[{"taxonomy":"product_cat","embeddable":true,"href":"http:\/\/3.144.191.25\/en\/wp-json\/wp\/v2\/product_cat?post=234566"},{"taxonomy":"product_tag","embeddable":true,"href":"http:\/\/3.144.191.25\/en\/wp-json\/wp\/v2\/product_tag?post=234566"}],"curies":[{"name":"wp","href":"https:\/\/api.w.org\/{rel}","templated":true}]}}