{"id":234597,"date":"2023-04-12T23:41:59","date_gmt":"2023-04-12T23:41:59","guid":{"rendered":"https:\/\/www.rctvinternational.com\/?post_type=product&#038;p=234597"},"modified":"2025-05-08T00:25:03","modified_gmt":"2025-05-08T00:25:03","slug":"la-casa-de-todos","status":"publish","type":"product","link":"http:\/\/3.144.191.25\/en\/product\/la-casa-de-todos\/","title":{"rendered":"La Casa De Todos"},"content":{"rendered":"<p style=\"text-align: center;\"><div style=\"width: 100%; min-height: 1px;\" id=\"vimeo-wc-video-6a022fa267593\" data-js=\"vimeo-wc-video\" data-atts=\"{&quot;autopause&quot;:&quot;true&quot;,&quot;autoplay&quot;:false,&quot;background&quot;:false,&quot;byline&quot;:&quot;true&quot;,&quot;color&quot;:&quot;none&quot;,&quot;controls&quot;:&quot;true&quot;,&quot;dnt&quot;:&quot;true&quot;,&quot;height&quot;:&quot;none&quot;,&quot;id&quot;:false,&quot;loop&quot;:false,&quot;maxheight&quot;:&quot;none&quot;,&quot;maxwidth&quot;:&quot;none&quot;,&quot;muted&quot;:false,&quot;pip&quot;:false,&quot;playsinline&quot;:&quot;true&quot;,&quot;portrait&quot;:&quot;true&quot;,&quot;quality&quot;:&quot;auto&quot;,&quot;responsive&quot;:&quot;true&quot;,&quot;speed&quot;:false,&quot;texttrack&quot;:&quot;none&quot;,&quot;title&quot;:&quot;true&quot;,&quot;transparent&quot;:true,&quot;url&quot;:&quot;https:\\\/\\\/vimeo.com\\\/757172208&quot;,&quot;width&quot;:&quot;none&quot;}\"><\/div><\/p>\n<p>&nbsp;<\/p>","protected":false},"excerpt":{"rendered":"<p><img decoding=\"async\" loading=\"lazy\" class=\"alignnone size-medium wp-image-234941\" src=\"http:\/\/www.rctvinternational.com\/wp-content\/uploads\/2023\/04\/La_Casa_de_Todos-22-225x300.png\" alt=\"\" width=\"225\" height=\"300\" \/><\/p>\n<p><img decoding=\"async\" loading=\"lazy\" class=\"alignnone size-full wp-image-232350\" src=\"http:\/\/www.rctvinternational.com\/wp-content\/uploads\/2020\/10\/Sinopsis.png\" alt=\"\" width=\"125\" height=\"57\" \/><\/p>\n<p>La casa de todos es\u00a0 el albergue de cinco cuentos del escritor R\u00f3mulo Gallegos, originalmente publicados en el a\u00f1o 1919:<\/p>\n<ol>\n<li><strong>Una resoluci\u00f3n en\u00e9rgica<\/strong>: Mart\u00edn Garc\u00e9s, un joven de familia modesta, ve en la desaparici\u00f3n de su hermana, la oportunidad perfecta para ser enviado a New York.\u00a0 As\u00ed que se autoproclama el protector de las mujeres de su familia y asegura que matar\u00e1 al hombre que los deshonr\u00f3. Su madre quiere evitar una desgracia y propone sacarlo del pa\u00eds con los pocos ahorros que tienen.<\/li>\n<li><strong>El cuarto de enfrente<\/strong>: Marisa Reynoso, una bella joven, se enamora de un extra\u00f1o reci\u00e9n llegado a Caracas: Lope Arriolas. Aunque nadie lo conoce, todos asumen que el joven tiene una gran fortuna, fama que se extiende hasta Marisa y su familia. Felizmente, la joven es correspondida en su amor y llega el d\u00eda de la boda con el gal\u00e1n extranjero. Sin embargo, aquel d\u00eda feliz Marisa se enfrenta a la dura realidad cuando el novio reconoce no tener un centavo. En consecuencia, la familia acepta que se case y se mude con ellos al cuarto de enfrente.<\/li>\n<li><strong>Cuento de Carnaval<\/strong>: Rosa Maria Vidoza se fuga con un rufi\u00e1n. Su padre no quiere volverla a ver. Pero ella regresa siempre, todos los a\u00f1os, disfrazada en Carnaval. El a\u00f1o que el anciano decide perdonarla, Rosa Mar\u00eda no regresa en Carnaval, porque ha muerto.<\/li>\n<li><strong>Un caso cl\u00ednico<\/strong>: Antonio Ecija, es un joven m\u00e9dico que anteriormente repart\u00eda pan. Un d\u00eda, es llamado por una se\u00f1ora, quien finge una enfermedad para coquetear con \u00e9l. El piensa en tener una relaci\u00f3n rom\u00e1ntica con ella. Cuando al fin el m\u00e9dico decide comenzar una relaci\u00f3n con la se\u00f1ora, no consigue cumplir sus deseos, pues es rechazado sin consideraci\u00f3n alguna.<\/li>\n<li><strong>El \u00faltimo patriota<\/strong>: Un anciano patriarca descubre, al hurgar entre los papeles de la familia, que sus antecesores no eran patriotas como \u00e9l pensaba. Los admirados miembros de su casta fueron una partida de corruptos; en realidad \u00e9l era el primer y \u00faltimo patriota entre sus parientes.<\/li>\n<\/ol>\n<p><img decoding=\"async\" loading=\"lazy\" class=\"alignnone size-full wp-image-231431\" src=\"http:\/\/www.rctvinternational.com\/wp-content\/uploads\/2020\/04\/deberias-saber-que.jpg\" alt=\"\" width=\"265\" height=\"39\" \/><\/p>\n<p style=\"text-align: justify;\">Renato Guti\u00e9rrez, quien dirigi\u00f3 <strong>La hora menguada<\/strong>, tambi\u00e9n dirige este unitario de <strong>RCTV<\/strong>. Amalia P\u00e9rez D\u00edaz, la famosa actriz que tambi\u00e9n participo en otros \u00e9xitos como <strong>Mi gorda Bella<\/strong> y <strong>La ni\u00f1a de mis ojos<\/strong>, es quien nos presenta esta historia enmarcada en el Ciclo de Oro R\u00f3mulo Gallegos.<\/p>","protected":false},"featured_media":234640,"template":"","meta":{"_et_pb_use_builder":"","_et_pb_old_content":"","_et_gb_content_width":""},"product_cat":[22,24],"product_tag":[751,752,755,749,754,747,750,753,748],"acf":[],"_links":{"self":[{"href":"http:\/\/3.144.191.25\/en\/wp-json\/wp\/v2\/product\/234597"}],"collection":[{"href":"http:\/\/3.144.191.25\/en\/wp-json\/wp\/v2\/product"}],"about":[{"href":"http:\/\/3.144.191.25\/en\/wp-json\/wp\/v2\/types\/product"}],"wp:featuredmedia":[{"embeddable":true,"href":"http:\/\/3.144.191.25\/en\/wp-json\/wp\/v2\/media\/234640"}],"wp:attachment":[{"href":"http:\/\/3.144.191.25\/en\/wp-json\/wp\/v2\/media?parent=234597"}],"wp:term":[{"taxonomy":"product_cat","embeddable":true,"href":"http:\/\/3.144.191.25\/en\/wp-json\/wp\/v2\/product_cat?post=234597"},{"taxonomy":"product_tag","embeddable":true,"href":"http:\/\/3.144.191.25\/en\/wp-json\/wp\/v2\/product_tag?post=234597"}],"curies":[{"name":"wp","href":"https:\/\/api.w.org\/{rel}","templated":true}]}}