{"id":234598,"date":"2023-04-14T18:55:58","date_gmt":"2023-04-14T18:55:58","guid":{"rendered":"https:\/\/www.rctvinternational.com\/?post_type=product&#038;p=234598"},"modified":"2025-05-08T00:10:49","modified_gmt":"2025-05-08T00:10:49","slug":"la-fruta-del-cercado-ajeno","status":"publish","type":"product","link":"http:\/\/3.144.191.25\/en\/product\/la-fruta-del-cercado-ajeno\/","title":{"rendered":"La Fruta Del Cercado Ajeno"},"content":{"rendered":"<p style=\"text-align: center;\"><div style=\"width: 100%; min-height: 1px;\" id=\"vimeo-wc-video-6a022fbe05b19\" data-js=\"vimeo-wc-video\" data-atts=\"{&quot;autopause&quot;:&quot;true&quot;,&quot;autoplay&quot;:false,&quot;background&quot;:false,&quot;byline&quot;:&quot;true&quot;,&quot;color&quot;:&quot;none&quot;,&quot;controls&quot;:&quot;true&quot;,&quot;dnt&quot;:&quot;true&quot;,&quot;height&quot;:&quot;none&quot;,&quot;id&quot;:false,&quot;loop&quot;:false,&quot;maxheight&quot;:&quot;none&quot;,&quot;maxwidth&quot;:&quot;none&quot;,&quot;muted&quot;:false,&quot;pip&quot;:false,&quot;playsinline&quot;:&quot;true&quot;,&quot;portrait&quot;:&quot;true&quot;,&quot;quality&quot;:&quot;auto&quot;,&quot;responsive&quot;:&quot;true&quot;,&quot;speed&quot;:false,&quot;texttrack&quot;:&quot;none&quot;,&quot;title&quot;:&quot;true&quot;,&quot;transparent&quot;:true,&quot;url&quot;:&quot;https:\\\/\\\/vimeo.com\\\/757176295&quot;,&quot;width&quot;:&quot;none&quot;}\"><\/div><\/p>\n<p>&nbsp;<\/p>","protected":false},"excerpt":{"rendered":"<p style=\"text-align: justify;\"><img decoding=\"async\" loading=\"lazy\" class=\"alignnone size-medium wp-image-234905\" src=\"http:\/\/www.rctvinternational.com\/wp-content\/uploads\/2023\/01\/El_fruto_del_Cercano_Ajeno_claquetas_2022-1-237x300.png\" alt=\"\" width=\"237\" height=\"300\" \/><\/p>\n<p><img decoding=\"async\" loading=\"lazy\" class=\"alignnone size-full wp-image-232350\" src=\"http:\/\/www.rctvinternational.com\/wp-content\/uploads\/2020\/10\/Sinopsis.png\" alt=\"\" width=\"125\" height=\"57\" \/><\/p>\n<p style=\"text-align: justify;\">Reinaldo Solares sabe que su amigo \u00edntimo Antonio Men\u00e9ndez hab\u00eda estado cortejando a una mujer, Romelia, casada con el detestable Orosimbo Sojo.<\/p>\n<p style=\"text-align: justify;\">Reinaldo se entera de que los Sojo est\u00e1n de vacaciones en la playa y sin decirle al amigo, se marcha al balneario en busca de una aventura con Romelia.<\/p>\n<p style=\"text-align: justify;\">Cuando Reinaldo comienza a pretender a Romelia todo parece marchar muy bien. A pesar de la inicial timidez y las ansias prolongadas, Reinaldo logra ser lo suficientemente provocativo con sus palabras y audaz con sus actos.<\/p>\n<p style=\"text-align: justify;\">Aunque al inicio Romelia desconoc\u00eda los anhelos de Reinaldo y sus intenciones hacia ella, la joven le abre un espacio en su vida.<\/p>\n<p style=\"text-align: justify;\">Poco a poco, Romelia va mostrando m\u00e1s inter\u00e9s a las indirectas expresiones de conquista que Reinaldo lleva a cabo, pero lo profundo de sus corazones ambos j\u00f3venes est\u00e1n llenos de indecisi\u00f3n. En todo caso, en medio de un ambiente distra\u00eddo y temeroso, el inadvertido romance comienza a desarrollarse.<\/p>\n<p style=\"text-align: justify;\">La posibilidad de una aventura amorosa era prometedora, favorecida por los comentarios de una \u00abmoderna\u00bb amiga de Romelia y por la inaguantable antipat\u00eda de Orosimbo.<\/p>\n<p style=\"text-align: justify;\">Al final, a pesar de la poca resistencia de Romelia ante las insinuaciones de Romelio y muy a pesar de los esfuerzos discretos, pero apasionados de Reinaldo, la incertidumbre dominar\u00e1 las circunstancias de este amor ajeno convertido en capricho.<\/p>\n<p style=\"text-align: justify;\">Los personajes, con una inocencia casi infantil, titubean en ceder a sus correspondidos encantos. La inseguridad de ambos ser\u00e1 la que origine la ambigua conclusi\u00f3n de este interesante contexto rom\u00e1ntico.<\/p>\n<p><img decoding=\"async\" loading=\"lazy\" class=\"alignnone size-full wp-image-231431\" src=\"http:\/\/www.rctvinternational.com\/wp-content\/uploads\/2020\/04\/deberias-saber-que.jpg\" alt=\"\" width=\"265\" height=\"39\" \/><\/p>\n<p style=\"text-align: justify;\">La fruta del cercado ajeno fue basada en una historia original de R\u00f3mulo Gallegos publicada en el a\u00f1o 1919 en la revista Actualidades. La adaptaci\u00f3n de su guion fue realizada por la reconocida escritora Laura Antillano y cuenta con la participaci\u00f3n actoral de Aroldo Betancourt.<\/p>","protected":false},"featured_media":234635,"template":"","meta":{"_et_pb_use_builder":"","_et_pb_old_content":"","_et_gb_content_width":""},"product_cat":[22,24],"product_tag":[270,752,756,757,726],"acf":[],"_links":{"self":[{"href":"http:\/\/3.144.191.25\/en\/wp-json\/wp\/v2\/product\/234598"}],"collection":[{"href":"http:\/\/3.144.191.25\/en\/wp-json\/wp\/v2\/product"}],"about":[{"href":"http:\/\/3.144.191.25\/en\/wp-json\/wp\/v2\/types\/product"}],"wp:featuredmedia":[{"embeddable":true,"href":"http:\/\/3.144.191.25\/en\/wp-json\/wp\/v2\/media\/234635"}],"wp:attachment":[{"href":"http:\/\/3.144.191.25\/en\/wp-json\/wp\/v2\/media?parent=234598"}],"wp:term":[{"taxonomy":"product_cat","embeddable":true,"href":"http:\/\/3.144.191.25\/en\/wp-json\/wp\/v2\/product_cat?post=234598"},{"taxonomy":"product_tag","embeddable":true,"href":"http:\/\/3.144.191.25\/en\/wp-json\/wp\/v2\/product_tag?post=234598"}],"curies":[{"name":"wp","href":"https:\/\/api.w.org\/{rel}","templated":true}]}}