{"id":234599,"date":"2023-04-17T13:14:28","date_gmt":"2023-04-17T13:14:28","guid":{"rendered":"https:\/\/www.rctvinternational.com\/?post_type=product&#038;p=234599"},"modified":"2025-05-08T00:02:23","modified_gmt":"2025-05-08T00:02:23","slug":"la-rebelion","status":"publish","type":"product","link":"http:\/\/3.144.191.25\/en\/product\/la-rebelion\/","title":{"rendered":"La Rebeli\u00f3n"},"content":{"rendered":"<p style=\"text-align: center;\"><div style=\"width: 100%; min-height: 1px;\" id=\"vimeo-wc-video-6a02222a414a5\" data-js=\"vimeo-wc-video\" data-atts=\"{&quot;autopause&quot;:&quot;true&quot;,&quot;autoplay&quot;:false,&quot;background&quot;:false,&quot;byline&quot;:&quot;true&quot;,&quot;color&quot;:&quot;none&quot;,&quot;controls&quot;:&quot;true&quot;,&quot;dnt&quot;:&quot;true&quot;,&quot;height&quot;:&quot;none&quot;,&quot;id&quot;:false,&quot;loop&quot;:false,&quot;maxheight&quot;:&quot;none&quot;,&quot;maxwidth&quot;:&quot;none&quot;,&quot;muted&quot;:false,&quot;pip&quot;:false,&quot;playsinline&quot;:&quot;true&quot;,&quot;portrait&quot;:&quot;true&quot;,&quot;quality&quot;:&quot;auto&quot;,&quot;responsive&quot;:&quot;true&quot;,&quot;speed&quot;:false,&quot;texttrack&quot;:&quot;none&quot;,&quot;title&quot;:&quot;true&quot;,&quot;transparent&quot;:true,&quot;url&quot;:&quot;https:\\\/\\\/vimeo.com\\\/757179933&quot;,&quot;width&quot;:&quot;none&quot;}\"><\/div><\/p>\n<p>&nbsp;<\/p>","protected":false},"excerpt":{"rendered":"<p style=\"text-align: justify;\"><img decoding=\"async\" loading=\"lazy\" class=\"alignnone size-medium wp-image-234919\" src=\"http:\/\/www.rctvinternational.com\/wp-content\/uploads\/2023\/04\/La_Rebelion-31-207x300.png\" alt=\"\" width=\"207\" height=\"300\" \/><\/p>\n<p style=\"text-align: justify;\"><img decoding=\"async\" loading=\"lazy\" class=\"alignnone size-full wp-image-232350\" src=\"http:\/\/www.rctvinternational.com\/wp-content\/uploads\/2020\/10\/Sinopsis.png\" alt=\"\" width=\"125\" height=\"57\" \/><\/p>\n<p>Un ni\u00f1o de cinco a\u00f1os, Juan Lorenzo, es testigo de la muerte de su padre.\u00a0Tras el tr\u00e1gico suceso, deja la tierra en la que viv\u00eda y se va con su madre, Efigenia, a la capital, donde son acogidos, al principio con recelo y luego con afecto, por dos t\u00edas.<\/p>\n<p>Debido a la delicada y dif\u00edcil situaci\u00f3n econ\u00f3mica, el ni\u00f1o termina ofreciendo por las calles caraque\u00f1as las \u00abquesadillas de las Cede\u00f1o\u00bb<\/p>\n<p>La intrigante trama es ampliada cuando se nos presentan los problemas en el n\u00facleo familiar de la familia de Juan Lorenzo y las inventivas adquieren que para superarse. En Juan se expresa la rebeld\u00eda profundizando en torno al conflicto entre grupos, que buscan el dominio y la imposici\u00f3n sobre sus rivales.<\/p>\n<p>Juan Lorenzo, paralelamente a su crecimiento, va conociendo la vida de la calle, torn\u00e1ndose un joven duro, que descubre en la violencia, la manera de enfrentarse a todo. Una vida dif\u00edcil, una personalidad brusca y el frecuente encuentro con los grupos de chicos de la calle, le dieron a conocer un mundo donde se gana el aprecio de todos al participar en altercados.<\/p>\n<p>Juan desarrolla su propia violencia hasta que intenta ganarse un lugar de aprecio entre la clase alta, entonces sufre un cambio de comportamiento rotundo. Cuando sus antiguos compa\u00f1eros se dan cuenta de que Juan est\u00e1 introduci\u00e9ndose en otros estratos sociales, deciden retarlo a los golpes.<\/p>\n<p>El \u201cManeta\u201d, es uno de sus contrincantes m\u00e1s fuertes; lo enfrenta, pero Juan logra vencerlo, rebel\u00e1ndose as\u00ed a su antiguo grupo de aliados para sus fechor\u00edas, pero, su coraz\u00f3n no estar\u00e1 satisfecho, pues su ambici\u00f3n de ubicarse en el sector social que \u00e9l anhela, nunca podr\u00e1 conseguirla.<\/p>\n<p><img decoding=\"async\" loading=\"lazy\" class=\"alignnone size-full wp-image-231431\" src=\"http:\/\/www.rctvinternational.com\/wp-content\/uploads\/2020\/04\/deberias-saber-que.jpg\" alt=\"\" width=\"265\" height=\"39\" \/><\/p>\n<p style=\"text-align: justify;\">Renato Guti\u00e9rrez es el director de esta obra inspirada en uno de los cuentos del escritor R\u00f3mulo gallegos. Este director es reconocido por su trabajo de direcci\u00f3n en las telenovelas Cristal, Por estas calles y otros \u00e9xitos de <strong>RCTV<\/strong>. Una raz\u00f3n m\u00e1s por la cual esta producci\u00f3n se ha convertido en una joya entre nuestros t\u00edtulos cl\u00e1sicos.<\/p>","protected":false},"featured_media":234631,"template":"","meta":{"_et_pb_use_builder":"","_et_pb_old_content":"","_et_gb_content_width":""},"product_cat":[22,24],"product_tag":[271,758,727,745,750],"acf":[],"_links":{"self":[{"href":"http:\/\/3.144.191.25\/en\/wp-json\/wp\/v2\/product\/234599"}],"collection":[{"href":"http:\/\/3.144.191.25\/en\/wp-json\/wp\/v2\/product"}],"about":[{"href":"http:\/\/3.144.191.25\/en\/wp-json\/wp\/v2\/types\/product"}],"wp:featuredmedia":[{"embeddable":true,"href":"http:\/\/3.144.191.25\/en\/wp-json\/wp\/v2\/media\/234631"}],"wp:attachment":[{"href":"http:\/\/3.144.191.25\/en\/wp-json\/wp\/v2\/media?parent=234599"}],"wp:term":[{"taxonomy":"product_cat","embeddable":true,"href":"http:\/\/3.144.191.25\/en\/wp-json\/wp\/v2\/product_cat?post=234599"},{"taxonomy":"product_tag","embeddable":true,"href":"http:\/\/3.144.191.25\/en\/wp-json\/wp\/v2\/product_tag?post=234599"}],"curies":[{"name":"wp","href":"https:\/\/api.w.org\/{rel}","templated":true}]}}