{"id":234603,"date":"2023-04-13T01:09:41","date_gmt":"2023-04-13T01:09:41","guid":{"rendered":"https:\/\/www.rctvinternational.com\/?post_type=product&#038;p=234603"},"modified":"2025-05-08T00:07:33","modified_gmt":"2025-05-08T00:07:33","slug":"los-aventureros","status":"publish","type":"product","link":"http:\/\/3.144.191.25\/en\/product\/los-aventureros\/","title":{"rendered":"Los Aventureros"},"content":{"rendered":"<p style=\"text-align: center;\"><div style=\"width: 100%; min-height: 1px;\" id=\"vimeo-wc-video-6a02154853b57\" data-js=\"vimeo-wc-video\" data-atts=\"{&quot;autopause&quot;:&quot;true&quot;,&quot;autoplay&quot;:false,&quot;background&quot;:false,&quot;byline&quot;:&quot;true&quot;,&quot;color&quot;:&quot;none&quot;,&quot;controls&quot;:&quot;true&quot;,&quot;dnt&quot;:&quot;true&quot;,&quot;height&quot;:&quot;none&quot;,&quot;id&quot;:false,&quot;loop&quot;:false,&quot;maxheight&quot;:&quot;none&quot;,&quot;maxwidth&quot;:&quot;none&quot;,&quot;muted&quot;:false,&quot;pip&quot;:false,&quot;playsinline&quot;:&quot;true&quot;,&quot;portrait&quot;:&quot;true&quot;,&quot;quality&quot;:&quot;auto&quot;,&quot;responsive&quot;:&quot;true&quot;,&quot;speed&quot;:false,&quot;texttrack&quot;:&quot;none&quot;,&quot;title&quot;:&quot;true&quot;,&quot;transparent&quot;:true,&quot;url&quot;:&quot;https:\\\/\\\/vimeo.com\\\/757186620&quot;,&quot;width&quot;:&quot;none&quot;}\"><\/div><\/p>\n<p>&nbsp;<\/p>\n<p>&nbsp;<\/p>","protected":false},"excerpt":{"rendered":"<p><img decoding=\"async\" loading=\"lazy\" class=\"alignnone size-medium wp-image-234625\" src=\"http:\/\/www.rctvinternational.com\/wp-content\/uploads\/2023\/01\/Los_Aventureros_claquetas_2022-219x300.png\" alt=\"\" width=\"219\" height=\"300\" \/><\/p>\n<p><img decoding=\"async\" loading=\"lazy\" class=\"alignnone size-full wp-image-232350\" src=\"http:\/\/www.rctvinternational.com\/wp-content\/uploads\/2020\/10\/Sinopsis.png\" alt=\"\" width=\"125\" height=\"57\" \/><\/p>\n<p>Mat\u00edas Rosalira, alias <em>El Baquiano<\/em>, es un hombre temido desde hace mucho tiempo en la serran\u00eda por la personalidad insurgente por la que es reconocido por todos.<\/p>\n<p>Rosalira se convierte en un problema\u00a0para\u00a0\u00a0el gobierno que intenta iniciar la construcci\u00f3n de una l\u00ednea f\u00e9rrea, a trav\u00e9s de las monta\u00f1as.<\/p>\n<p>Un abogado no muy popular, sin demasiadas virtudes y de segunda categor\u00eda, pero con cualidades de ambicioso, Jacinto \u00c1vila, sube a las monta\u00f1as con la intenci\u00f3n de captar el inter\u00e9s de <em>El Baquiano<\/em>. Tras una conversaci\u00f3n, Rosalira acepta con gran gusto iniciar un mot\u00edn, inducido por el abogado, pues es un hombre genuinamente apasionado por la rebeld\u00eda.<\/p>\n<p>La uni\u00f3n de la fuerza temible del hombre rebelde y el conocimiento del hombre de las leyes habr\u00edan de asegurar el triunfo del plan.<\/p>\n<p>Pero toda es una treta de \u00c1vila para entregar al hasta entonces comisario de las monta\u00f1as, al enemigo que tanto odiaba: las fuerzas del gobierno, haci\u00e9ndole pagar por su actitud hostil y autoritaria.<\/p>\n<p>Rosalira, no esperaba que esta fuese su \u00faltima aventura. Cuando \u00c1vila manifiesta al gobierno su posici\u00f3n, desprevenido y traicionado, muere al caer en la trampa en un enfrentamiento de armas sorpresivo.<\/p>\n<p><img decoding=\"async\" loading=\"lazy\" class=\"alignnone size-full wp-image-231431\" src=\"http:\/\/www.rctvinternational.com\/wp-content\/uploads\/2020\/04\/deberias-saber-que.jpg\" alt=\"\" width=\"265\" height=\"39\" \/><\/p>\n<p style=\"text-align: justify;\">Los aventureros cuenta con Alberto \u00c1lvarez y Flavio Caballero en los papeles principales. Ambos actores de gran renombre e importancia en la historia de la televisi\u00f3n venezolana. Esta producci\u00f3n fue la primera de las adaptaciones audiovisuales de los cuentos de R\u00f3mulo Gallegos para la colecci\u00f3n del Ciclo de Oro R\u00f3mulo Gallegos de<strong> RCTV. <\/strong>El relato que inspir\u00f3 esta pel\u00edcula fue publicado por primera vez en la prestigiosa revista El Cojo Ilustrado, en 1911.<\/p>","protected":false},"featured_media":234621,"template":"","meta":{"_et_pb_use_builder":"","_et_pb_old_content":"","_et_gb_content_width":""},"product_cat":[22,24],"product_tag":[761,765,762,760,763,764,726],"acf":[],"_links":{"self":[{"href":"http:\/\/3.144.191.25\/en\/wp-json\/wp\/v2\/product\/234603"}],"collection":[{"href":"http:\/\/3.144.191.25\/en\/wp-json\/wp\/v2\/product"}],"about":[{"href":"http:\/\/3.144.191.25\/en\/wp-json\/wp\/v2\/types\/product"}],"wp:featuredmedia":[{"embeddable":true,"href":"http:\/\/3.144.191.25\/en\/wp-json\/wp\/v2\/media\/234621"}],"wp:attachment":[{"href":"http:\/\/3.144.191.25\/en\/wp-json\/wp\/v2\/media?parent=234603"}],"wp:term":[{"taxonomy":"product_cat","embeddable":true,"href":"http:\/\/3.144.191.25\/en\/wp-json\/wp\/v2\/product_cat?post=234603"},{"taxonomy":"product_tag","embeddable":true,"href":"http:\/\/3.144.191.25\/en\/wp-json\/wp\/v2\/product_tag?post=234603"}],"curies":[{"name":"wp","href":"https:\/\/api.w.org\/{rel}","templated":true}]}}