{"id":234604,"date":"2023-04-15T15:49:07","date_gmt":"2023-04-15T15:49:07","guid":{"rendered":"https:\/\/www.rctvinternational.com\/?post_type=product&#038;p=234604"},"modified":"2025-05-08T00:09:27","modified_gmt":"2025-05-08T00:09:27","slug":"los-inmigrantes","status":"publish","type":"product","link":"http:\/\/3.144.191.25\/en\/product\/los-inmigrantes\/","title":{"rendered":"Los Inmigrantes"},"content":{"rendered":"<p style=\"text-align: center;\"><div style=\"width: 100%; min-height: 1px;\" id=\"vimeo-wc-video-6a02223bd78ba\" data-js=\"vimeo-wc-video\" data-atts=\"{&quot;autopause&quot;:&quot;true&quot;,&quot;autoplay&quot;:false,&quot;background&quot;:false,&quot;byline&quot;:&quot;true&quot;,&quot;color&quot;:&quot;none&quot;,&quot;controls&quot;:&quot;true&quot;,&quot;dnt&quot;:&quot;true&quot;,&quot;height&quot;:&quot;none&quot;,&quot;id&quot;:false,&quot;loop&quot;:false,&quot;maxheight&quot;:&quot;none&quot;,&quot;maxwidth&quot;:&quot;none&quot;,&quot;muted&quot;:false,&quot;pip&quot;:false,&quot;playsinline&quot;:&quot;true&quot;,&quot;portrait&quot;:&quot;true&quot;,&quot;quality&quot;:&quot;auto&quot;,&quot;responsive&quot;:&quot;true&quot;,&quot;speed&quot;:false,&quot;texttrack&quot;:&quot;none&quot;,&quot;title&quot;:&quot;true&quot;,&quot;transparent&quot;:true,&quot;url&quot;:&quot;https:\\\/\\\/vimeo.com\\\/757194478&quot;,&quot;width&quot;:&quot;none&quot;}\"><\/div><\/p>\n<p>&nbsp;<\/p>\n<p>&nbsp;<\/p>","protected":false},"excerpt":{"rendered":"<p><img decoding=\"async\" loading=\"lazy\" class=\"alignnone size-medium wp-image-234907\" src=\"http:\/\/www.rctvinternational.com\/wp-content\/uploads\/2023\/04\/Los_Inmigrantes_claquetas_2022-237x300.png\" alt=\"\" width=\"237\" height=\"300\" \/><\/p>\n<p><img decoding=\"async\" loading=\"lazy\" class=\"alignnone size-full wp-image-232350\" src=\"http:\/\/www.rctvinternational.com\/wp-content\/uploads\/2020\/10\/Sinopsis.png\" alt=\"\" width=\"125\" height=\"57\" \/><\/p>\n<p><span style=\"font-weight: 400;\">Dos inmigrantes, Abraham y Dom\u00e9nico, llegan a Caracas y se ganan la vida vendiendo frutas y telas. Con el tiempo, se adaptan a su nuevo hogar, forman familias y prosperan. A pesar de la nostalgia por sus pa\u00edses de origen, encuentran alegr\u00eda y amor en Caracas.<\/span><\/p>\n<p><span style=\"font-weight: 400;\">Al final de sus vidas, se encuentran inesperadamente y descubren que sus hijos se han casado, uniendo a sus familias.<\/span><\/p>\n<p><span style=\"font-weight: 400;\">\u00abLos inmigrantes\u00bb cuenta la historia de los que llegaron a Caracas con el sue\u00f1o de construir una vida mejor, a pesar de las dificultades y las distinciones sociales de la \u00e9poca.<\/span><\/p>\n<p><img decoding=\"async\" loading=\"lazy\" class=\"alignnone size-full wp-image-231431\" src=\"http:\/\/www.rctvinternational.com\/wp-content\/uploads\/2020\/04\/deberias-saber-que.jpg\" alt=\"\" width=\"265\" height=\"39\" \/><\/p>\n<p>El guion de esta producci\u00f3n fue creado por Sonia Chocr\u00f3n, apreciada guionista, narradora y poeta. Adem\u00e1s, esta obra fue dirigida por Luis Manzo, director de \u00e9xitos como <strong>El desprecio<\/strong> (1991), <strong>Amores de fin de siglo<\/strong> (1995), <strong>La Se\u00f1ora de C\u00e1rdenas<\/strong> (2003), <strong>Billboard Latin Music Awards<\/strong> (2005) y <strong>Betty en NY<\/strong> (2019).<\/p>","protected":false},"featured_media":234617,"template":"","meta":{"_et_pb_use_builder":"","_et_pb_old_content":"","_et_gb_content_width":""},"product_cat":[22,24],"product_tag":[271,765,272,767,763,745,766],"acf":[],"_links":{"self":[{"href":"http:\/\/3.144.191.25\/en\/wp-json\/wp\/v2\/product\/234604"}],"collection":[{"href":"http:\/\/3.144.191.25\/en\/wp-json\/wp\/v2\/product"}],"about":[{"href":"http:\/\/3.144.191.25\/en\/wp-json\/wp\/v2\/types\/product"}],"wp:featuredmedia":[{"embeddable":true,"href":"http:\/\/3.144.191.25\/en\/wp-json\/wp\/v2\/media\/234617"}],"wp:attachment":[{"href":"http:\/\/3.144.191.25\/en\/wp-json\/wp\/v2\/media?parent=234604"}],"wp:term":[{"taxonomy":"product_cat","embeddable":true,"href":"http:\/\/3.144.191.25\/en\/wp-json\/wp\/v2\/product_cat?post=234604"},{"taxonomy":"product_tag","embeddable":true,"href":"http:\/\/3.144.191.25\/en\/wp-json\/wp\/v2\/product_tag?post=234604"}],"curies":[{"name":"wp","href":"https:\/\/api.w.org\/{rel}","templated":true}]}}