{"id":234605,"date":"2023-04-14T22:10:41","date_gmt":"2023-04-14T22:10:41","guid":{"rendered":"https:\/\/www.rctvinternational.com\/?post_type=product&#038;p=234605"},"modified":"2025-05-08T00:06:03","modified_gmt":"2025-05-08T00:06:03","slug":"los-menganez","status":"publish","type":"product","link":"http:\/\/3.144.191.25\/en\/product\/los-menganez\/","title":{"rendered":"Los Meng\u00e1nez"},"content":{"rendered":"<p style=\"text-align: center;\"><div style=\"width: 100%; min-height: 1px;\" id=\"vimeo-wc-video-6a022fdd826c1\" data-js=\"vimeo-wc-video\" data-atts=\"{&quot;autopause&quot;:&quot;true&quot;,&quot;autoplay&quot;:false,&quot;background&quot;:false,&quot;byline&quot;:&quot;true&quot;,&quot;color&quot;:&quot;none&quot;,&quot;controls&quot;:&quot;true&quot;,&quot;dnt&quot;:&quot;true&quot;,&quot;height&quot;:&quot;none&quot;,&quot;id&quot;:false,&quot;loop&quot;:false,&quot;maxheight&quot;:&quot;none&quot;,&quot;maxwidth&quot;:&quot;none&quot;,&quot;muted&quot;:false,&quot;pip&quot;:false,&quot;playsinline&quot;:&quot;true&quot;,&quot;portrait&quot;:&quot;true&quot;,&quot;quality&quot;:&quot;auto&quot;,&quot;responsive&quot;:&quot;true&quot;,&quot;speed&quot;:false,&quot;texttrack&quot;:&quot;none&quot;,&quot;title&quot;:&quot;true&quot;,&quot;transparent&quot;:true,&quot;url&quot;:&quot;https:\\\/\\\/vimeo.com\\\/757197284&quot;,&quot;width&quot;:&quot;none&quot;}\"><\/div><\/p>\n<p>&nbsp;<\/p>","protected":false},"excerpt":{"rendered":"<p style=\"text-align: justify;\"><img decoding=\"async\" loading=\"lazy\" class=\"alignnone size-medium wp-image-234611\" src=\"http:\/\/www.rctvinternational.com\/wp-content\/uploads\/2023\/01\/Los_Menganez_claquetas_2022-237x300.png\" alt=\"\" width=\"237\" height=\"300\" \/><\/p>\n<p><img decoding=\"async\" loading=\"lazy\" class=\"alignnone size-full wp-image-232350\" src=\"http:\/\/www.rctvinternational.com\/wp-content\/uploads\/2020\/10\/Sinopsis.png\" alt=\"\" width=\"125\" height=\"57\" \/><\/p>\n<p>Don Alberto Meng\u00e1nez vende sus terrenos en el interior del pa\u00eds, se va del campo con su familia para vivir en la gran capital, creyendo que all\u00ed iban a ser una familia adinerada en la gloria de la clase alta.<\/p>\n<p>Al llegar a Caracas, compra la casa que, presuntamente, perteneci\u00f3 a un marqu\u00e9s y comienza a tratar de introducirse con toda la prole en la \u00abHigh Life\u00bb caraque\u00f1a, buscando la manera de casar bien a sus cuatro hijas y de ubicar con brillo a sus tres hijos, uno m\u00e9dico, otro abogado y un tercero poeta, con aspiraciones de convertirse en cronista social.<\/p>\n<p>Los intentos de Los Meng\u00e1nez por impresionar y escalar posiciones fracasan. En realidad, ninguno de ellos logra verdaderamente ser aceptado \u00aben sociedad\u00bb. Queriendo hacer dinero con la explotaci\u00f3n petrolera de las tierras que les restaban, Los Meng\u00e1nez comienzan a descender, pues sus tierras no contienen el petr\u00f3leo que ellos pensaban.<\/p>\n<p>As\u00ed, todos los integrantes de la familia pasan a ser de nuevo una familia modesta, sin haber generado ingresos y perdidos entre deudas.<\/p>\n<p>Esta es una excelente historia que retrata la importancia de conservar la humildad, aunque se considere que se est\u00e1 en lo m\u00e1s alto de la vida, porque nunca se sabe cu\u00e1ndo se volver\u00e1 a la situaci\u00f3n de origen. Un mensaje a\u00fan efectivo para la sociedad moderna y actual.<\/p>\n<p><img decoding=\"async\" loading=\"lazy\" class=\"alignnone size-full wp-image-231431\" src=\"http:\/\/www.rctvinternational.com\/wp-content\/uploads\/2020\/04\/deberias-saber-que.jpg\" alt=\"\" width=\"265\" height=\"39\" \/><\/p>\n<p style=\"text-align: justify;\"><span style=\"text-align: start;\">Esta producci\u00f3n cuenta con las actuaciones del destacado actor Carlos M\u00e1rquez y Gladys C\u00e1ceres, exitosa actriz que particip\u00f3 en numerosas telenovelas de RCTV, siendo tambi\u00e9n conocida como la Dama del Teatro. Tambi\u00e9n, Reina Hinojosa, Julio Mujica, Luis Rivas, e Imperio Zammataro se encuentran dentro del espectacular elenco.<\/span><\/p>\n<p style=\"text-align: justify;\">","protected":false},"featured_media":234894,"template":"","meta":{"_et_pb_use_builder":"","_et_pb_old_content":"","_et_gb_content_width":""},"product_cat":[22,24],"product_tag":[769,271,770,774,772,768,773,727,745,809],"acf":[],"_links":{"self":[{"href":"http:\/\/3.144.191.25\/en\/wp-json\/wp\/v2\/product\/234605"}],"collection":[{"href":"http:\/\/3.144.191.25\/en\/wp-json\/wp\/v2\/product"}],"about":[{"href":"http:\/\/3.144.191.25\/en\/wp-json\/wp\/v2\/types\/product"}],"wp:featuredmedia":[{"embeddable":true,"href":"http:\/\/3.144.191.25\/en\/wp-json\/wp\/v2\/media\/234894"}],"wp:attachment":[{"href":"http:\/\/3.144.191.25\/en\/wp-json\/wp\/v2\/media?parent=234605"}],"wp:term":[{"taxonomy":"product_cat","embeddable":true,"href":"http:\/\/3.144.191.25\/en\/wp-json\/wp\/v2\/product_cat?post=234605"},{"taxonomy":"product_tag","embeddable":true,"href":"http:\/\/3.144.191.25\/en\/wp-json\/wp\/v2\/product_tag?post=234605"}],"curies":[{"name":"wp","href":"https:\/\/api.w.org\/{rel}","templated":true}]}}