{"id":234669,"date":"2023-04-17T13:33:07","date_gmt":"2023-04-17T13:33:07","guid":{"rendered":"https:\/\/www.rctvinternational.com\/?post_type=product&#038;p=234669"},"modified":"2025-03-13T12:14:01","modified_gmt":"2025-03-13T12:14:01","slug":"el-resuelve","status":"publish","type":"product","link":"http:\/\/3.144.191.25\/en\/product\/el-resuelve\/","title":{"rendered":"El Resuelve"},"content":{"rendered":"<div style=\"width: 100%; min-height: 1px;\" id=\"vimeo-wc-video-6a021edbb9a33\" data-js=\"vimeo-wc-video\" data-atts=\"{&quot;autopause&quot;:&quot;true&quot;,&quot;autoplay&quot;:false,&quot;background&quot;:false,&quot;byline&quot;:&quot;true&quot;,&quot;color&quot;:&quot;none&quot;,&quot;controls&quot;:&quot;true&quot;,&quot;dnt&quot;:&quot;true&quot;,&quot;height&quot;:&quot;none&quot;,&quot;id&quot;:false,&quot;loop&quot;:false,&quot;maxheight&quot;:&quot;none&quot;,&quot;maxwidth&quot;:&quot;none&quot;,&quot;muted&quot;:false,&quot;pip&quot;:false,&quot;playsinline&quot;:&quot;true&quot;,&quot;portrait&quot;:&quot;true&quot;,&quot;quality&quot;:&quot;auto&quot;,&quot;responsive&quot;:&quot;true&quot;,&quot;speed&quot;:false,&quot;texttrack&quot;:&quot;none&quot;,&quot;title&quot;:&quot;true&quot;,&quot;transparent&quot;:true,&quot;url&quot;:&quot;https:\\\/\\\/vimeo.com\\\/812842727&quot;,&quot;width&quot;:&quot;none&quot;}\"><\/div>","protected":false},"excerpt":{"rendered":"<p><img decoding=\"async\" loading=\"lazy\" class=\"alignnone size-medium wp-image-234917\" src=\"http:\/\/www.rctvinternational.com\/wp-content\/uploads\/2023\/04\/Claquetas-2023-01-230x300.png\" alt=\"\" width=\"230\" height=\"300\" \/><\/p>\n<p><img decoding=\"async\" loading=\"lazy\" class=\"alignnone size-full wp-image-232350\" src=\"http:\/\/www.rctvinternational.com\/wp-content\/uploads\/2020\/10\/Sinopsis.png\" alt=\"\" width=\"125\" height=\"57\" \/><\/p>\n<p style=\"text-align: justify;\"><strong>El Resuelve<\/strong> es una invitaci\u00f3n a pasarla bien\u00a0 con\u00a0 una amplia variedad de actividades, desde concursos y presentaciones de artistas hasta entrevistas con personalidades carism\u00e1ticas del mundo del entretenimiento, incluyendo actores y actrices de gran fama.<\/p>\n<div>\n<div style=\"text-align: justify;\">Pero eso no es todo.\u00a0 \u00a1Es como una verdadera fiesta en tu pantalla! Emocionantes competencias de baile y las famosas \u201cguerras de minitecas\u201d, con espect\u00e1culos musicales pregrabados y juegos de luces que animan todo el lugar.<\/div>\n<div style=\"text-align: justify;\"><\/div>\n<div style=\"text-align: justify;\">Adem\u00e1s, <strong>El Resuelve<\/strong> ofrece eventos especiales en los que j\u00f3venes de diferentes colegios pueden participar en divertidas competencias, incluyendo las populares gaitas intercolegiales. En cada episodio, los participantes deben poner a prueba sus habilidades f\u00edsicas y otras destrezas para ganar una variedad de premios.<\/div>\n<div><\/div>\n<div style=\"text-align: justify;\"><\/div>\n<div style=\"text-align: justify;\"><img decoding=\"async\" loading=\"lazy\" class=\"alignnone size-full wp-image-231431\" src=\"http:\/\/www.rctvinternational.com\/wp-content\/uploads\/2020\/04\/deberias-saber-que.jpg\" alt=\"\" width=\"265\" height=\"39\" \/><\/div>\n<div><\/div>\n<div style=\"text-align: justify;\"><\/div>\n<div style=\"text-align: justify;\"><strong>El Resuelve<\/strong> fue un gran \u00e9xito en las pantallas venezolanas, con casi 200 episodios transmitidos en horario matutino. Entre los artistas que pasaron por sus entretenidas entrevistas se encuentra Edgar Ram\u00edrez, actor de renombre internacional conocido por sus papeles en pel\u00edculas como Punto de Quiebre, Cyrano Fern\u00e1ndez y Amores Perros.<\/div>\n<\/div>","protected":false},"featured_media":234670,"template":"","meta":{"_et_pb_use_builder":"","_et_pb_old_content":"","_et_gb_content_width":""},"product_cat":[25],"product_tag":[],"acf":[],"_links":{"self":[{"href":"http:\/\/3.144.191.25\/en\/wp-json\/wp\/v2\/product\/234669"}],"collection":[{"href":"http:\/\/3.144.191.25\/en\/wp-json\/wp\/v2\/product"}],"about":[{"href":"http:\/\/3.144.191.25\/en\/wp-json\/wp\/v2\/types\/product"}],"wp:featuredmedia":[{"embeddable":true,"href":"http:\/\/3.144.191.25\/en\/wp-json\/wp\/v2\/media\/234670"}],"wp:attachment":[{"href":"http:\/\/3.144.191.25\/en\/wp-json\/wp\/v2\/media?parent=234669"}],"wp:term":[{"taxonomy":"product_cat","embeddable":true,"href":"http:\/\/3.144.191.25\/en\/wp-json\/wp\/v2\/product_cat?post=234669"},{"taxonomy":"product_tag","embeddable":true,"href":"http:\/\/3.144.191.25\/en\/wp-json\/wp\/v2\/product_tag?post=234669"}],"curies":[{"name":"wp","href":"https:\/\/api.w.org\/{rel}","templated":true}]}}