{"id":234895,"date":"2023-04-17T13:33:41","date_gmt":"2023-04-17T13:33:41","guid":{"rendered":"https:\/\/www.rctvinternational.com\/?post_type=product&#038;p=234895"},"modified":"2025-05-07T22:47:45","modified_gmt":"2025-05-07T22:47:45","slug":"que-el-cielo-me-explique","status":"publish","type":"product","link":"http:\/\/3.144.191.25\/en\/product\/que-el-cielo-me-explique\/","title":{"rendered":"Que El Cielo Me Explique"},"content":{"rendered":"<div style=\"width: 100%; min-height: 1px;\" id=\"vimeo-wc-video-6a020b602a4b0\" data-js=\"vimeo-wc-video\" data-atts=\"{&quot;autopause&quot;:&quot;true&quot;,&quot;autoplay&quot;:false,&quot;background&quot;:false,&quot;byline&quot;:&quot;true&quot;,&quot;color&quot;:&quot;none&quot;,&quot;controls&quot;:&quot;true&quot;,&quot;dnt&quot;:&quot;true&quot;,&quot;height&quot;:&quot;none&quot;,&quot;id&quot;:false,&quot;loop&quot;:false,&quot;maxheight&quot;:&quot;none&quot;,&quot;maxwidth&quot;:&quot;none&quot;,&quot;muted&quot;:false,&quot;pip&quot;:false,&quot;playsinline&quot;:&quot;true&quot;,&quot;portrait&quot;:&quot;true&quot;,&quot;quality&quot;:&quot;auto&quot;,&quot;responsive&quot;:&quot;true&quot;,&quot;speed&quot;:false,&quot;texttrack&quot;:&quot;none&quot;,&quot;title&quot;:&quot;true&quot;,&quot;transparent&quot;:true,&quot;url&quot;:&quot;https:\\\/\\\/vimeo.com\\\/807686324&quot;,&quot;width&quot;:&quot;none&quot;}\"><\/div>\n<p>&nbsp;<\/p>","protected":false},"excerpt":{"rendered":"<p><img decoding=\"async\" loading=\"lazy\" class=\"alignnone size-medium wp-image-234916\" src=\"http:\/\/www.rctvinternational.com\/wp-content\/uploads\/2023\/04\/Que_el_cielo_me_explique-04-04-230x300.png\" alt=\"\" width=\"230\" height=\"300\" \/><\/p>\n<p><img decoding=\"async\" loading=\"lazy\" class=\"alignnone size-full wp-image-232350\" src=\"http:\/\/www.rctvinternational.com\/wp-content\/uploads\/2020\/10\/Sinopsis.png\" alt=\"\" width=\"125\" height=\"57\" \/><\/p>\n<p>Tania es una joven urbana, desconfiada y un tanto individualista, que vive con la neurosis y el miedo de convertirse en una v\u00edctima de la creciente violencia de su ciudad. Sin embargo, su percepci\u00f3n del mundo cambia cuando le asignan una importante misi\u00f3n de redenci\u00f3n y amor: salvar a Santiago.<\/p>\n<p>Santiago es un polic\u00eda dedicado y responsable que vive un hecho tr\u00e1gico que lo separa violentamente de su novia Violeta. De ser un hombre rom\u00e1ntico, bondadoso, alegre y so\u00f1ador, Santiago pasa a tener un \u00fanico e imperativo designio: vengarse. Pone su solidaridad y su \u00e9tica del lado del rencor, en lugar de ponerlos del lado de la ley. Ahora quiere acabar con todos los que \u00e9l sospecha culpables de su desgracia.<\/p>\n<p>Tania y Santiago, dos polos opuestos con realidades encontradas, dar\u00e1n pie a una lucha que no es otra que el reflejo de una sociedad carente de valores. \u00c9l, marcado por el odio y la venganza. Ella, luego de una fuerte experiencia, transformada en una mujer con un mensaje de paz, buscar\u00e1 a toda costa limpiar aquellos sentimientos negativos y oscuros presentes en la vida de Santiago.<\/p>\n<p><img decoding=\"async\" loading=\"lazy\" class=\"alignnone size-full wp-image-231431\" src=\"http:\/\/www.rctvinternational.com\/wp-content\/uploads\/2020\/04\/deberias-saber-que.jpg\" alt=\"\" width=\"265\" height=\"39\" \/><\/p>\n<p><strong>Que el cielo me explique<\/strong> es una telenovela que muestra con drama y mucho realismo la verdad de muchas sociedades urbanas, lo que resulta un elemento emotivo y atractivo para la audiencia.<\/p>\n<p>&nbsp;<\/p>","protected":false},"featured_media":234896,"template":"","meta":{"_et_pb_use_builder":"","_et_pb_old_content":"","_et_gb_content_width":""},"product_cat":[23],"product_tag":[],"acf":[],"_links":{"self":[{"href":"http:\/\/3.144.191.25\/en\/wp-json\/wp\/v2\/product\/234895"}],"collection":[{"href":"http:\/\/3.144.191.25\/en\/wp-json\/wp\/v2\/product"}],"about":[{"href":"http:\/\/3.144.191.25\/en\/wp-json\/wp\/v2\/types\/product"}],"wp:featuredmedia":[{"embeddable":true,"href":"http:\/\/3.144.191.25\/en\/wp-json\/wp\/v2\/media\/234896"}],"wp:attachment":[{"href":"http:\/\/3.144.191.25\/en\/wp-json\/wp\/v2\/media?parent=234895"}],"wp:term":[{"taxonomy":"product_cat","embeddable":true,"href":"http:\/\/3.144.191.25\/en\/wp-json\/wp\/v2\/product_cat?post=234895"},{"taxonomy":"product_tag","embeddable":true,"href":"http:\/\/3.144.191.25\/en\/wp-json\/wp\/v2\/product_tag?post=234895"}],"curies":[{"name":"wp","href":"https:\/\/api.w.org\/{rel}","templated":true}]}}