{"id":234922,"date":"2023-04-17T12:50:29","date_gmt":"2023-04-17T12:50:29","guid":{"rendered":"https:\/\/www.rctvinternational.com\/?post_type=product&#038;p=234922"},"modified":"2025-03-13T13:06:55","modified_gmt":"2025-03-13T13:06:55","slug":"en-tres-y-dos-extremo","status":"publish","type":"product","link":"http:\/\/3.144.191.25\/en\/product\/en-tres-y-dos-extremo\/","title":{"rendered":"En tres y dos extremo"},"content":{"rendered":"<div style=\"width: 100%; min-height: 1px;\" id=\"vimeo-wc-video-6a022b9f9dedf\" data-js=\"vimeo-wc-video\" data-atts=\"{&quot;autopause&quot;:&quot;true&quot;,&quot;autoplay&quot;:false,&quot;background&quot;:false,&quot;byline&quot;:&quot;true&quot;,&quot;color&quot;:&quot;none&quot;,&quot;controls&quot;:&quot;true&quot;,&quot;dnt&quot;:&quot;true&quot;,&quot;height&quot;:&quot;none&quot;,&quot;id&quot;:false,&quot;loop&quot;:false,&quot;maxheight&quot;:&quot;none&quot;,&quot;maxwidth&quot;:&quot;none&quot;,&quot;muted&quot;:false,&quot;pip&quot;:false,&quot;playsinline&quot;:&quot;true&quot;,&quot;portrait&quot;:&quot;true&quot;,&quot;quality&quot;:&quot;auto&quot;,&quot;responsive&quot;:&quot;true&quot;,&quot;speed&quot;:false,&quot;texttrack&quot;:&quot;none&quot;,&quot;title&quot;:&quot;true&quot;,&quot;transparent&quot;:true,&quot;url&quot;:&quot;https:\\\/\\\/vimeo.com\\\/812798950&quot;,&quot;width&quot;:&quot;none&quot;}\"><\/div>","protected":false},"excerpt":{"rendered":"<p><img decoding=\"async\" loading=\"lazy\" class=\"alignnone size-medium wp-image-234930\" src=\"http:\/\/www.rctvinternational.com\/wp-content\/uploads\/2023\/04\/En_tres_y_dos_xtremos-230x300.png\" alt=\"\" width=\"230\" height=\"300\" \/><\/p>\n<p><img decoding=\"async\" loading=\"lazy\" class=\"alignnone size-full wp-image-232350\" src=\"http:\/\/www.rctvinternational.com\/wp-content\/uploads\/2020\/10\/Sinopsis.png\" alt=\"\" width=\"125\" height=\"57\" \/><\/p>\n<p style=\"text-align: justify;\">Esta edici\u00f3n del divertido programa juvenil \u2018<strong>En tres y dos extremo\u2019,<\/strong> aumenta la tensi\u00f3n y la emoci\u00f3n con pruebas m\u00e1s extremas. Se trata de un programa de competencias intercolegiales donde, esta vez, los \u00e1nimos y motivaciones de los participantes son repotenciados con nuevas pruebas ubicadas en espacios al aire libre.<\/p>\n<p style=\"text-align: justify;\">La incorporaci\u00f3n del nuevo espacio de juegos de competencia al exterior, duplican la complejidad de las pruebas, tanto para el aspecto mental como para las habilidades f\u00edsicas que los estudiantes deber\u00e1n afrontar.<\/p>\n<p style=\"text-align: justify;\">Se trata de un parque de juegos extremo que reta la concentraci\u00f3n de todos. Adem\u00e1s, esta versi\u00f3n del programa incorpora pruebas y desaf\u00edos distintos a los que se acostumbraban en la primera versi\u00f3n.<\/p>\n<p style=\"text-align: justify;\">Los participantes ganadores son los que consiguen reunir el mayor puntaje en comparaci\u00f3n al equipo contrincante. Cada prueba tiene una dificultad propia, diferente, con puntajes distintos, por lo que no es f\u00e1cil sacar conclusiones apresuradas sobre cu\u00e1l equipo puede ser el ganador.<\/p>\n<p><img decoding=\"async\" loading=\"lazy\" class=\"alignnone size-full wp-image-231431\" src=\"http:\/\/www.rctvinternational.com\/wp-content\/uploads\/2020\/04\/deberias-saber-que.jpg\" alt=\"\" width=\"265\" height=\"39\" \/><\/p>\n<p style=\"text-align: justify;\">Este programa cuenta con colegios participantes de todo el territorio venezolano, dando la oportunidad de que cualquier instituci\u00f3n educativa pueda ser parte de los divertidos juegos, y adem\u00e1s de la posibilidad de ganarse atractivos premios.<\/p>","protected":false},"featured_media":234926,"template":"","meta":{"_et_pb_use_builder":"","_et_pb_old_content":"","_et_gb_content_width":""},"product_cat":[25],"product_tag":[],"acf":[],"_links":{"self":[{"href":"http:\/\/3.144.191.25\/en\/wp-json\/wp\/v2\/product\/234922"}],"collection":[{"href":"http:\/\/3.144.191.25\/en\/wp-json\/wp\/v2\/product"}],"about":[{"href":"http:\/\/3.144.191.25\/en\/wp-json\/wp\/v2\/types\/product"}],"wp:featuredmedia":[{"embeddable":true,"href":"http:\/\/3.144.191.25\/en\/wp-json\/wp\/v2\/media\/234926"}],"wp:attachment":[{"href":"http:\/\/3.144.191.25\/en\/wp-json\/wp\/v2\/media?parent=234922"}],"wp:term":[{"taxonomy":"product_cat","embeddable":true,"href":"http:\/\/3.144.191.25\/en\/wp-json\/wp\/v2\/product_cat?post=234922"},{"taxonomy":"product_tag","embeddable":true,"href":"http:\/\/3.144.191.25\/en\/wp-json\/wp\/v2\/product_tag?post=234922"}],"curies":[{"name":"wp","href":"https:\/\/api.w.org\/{rel}","templated":true}]}}