{"id":234931,"date":"2023-04-17T12:54:45","date_gmt":"2023-04-17T12:54:45","guid":{"rendered":"https:\/\/www.rctvinternational.com\/?post_type=product&#038;p=234931"},"modified":"2025-03-13T12:25:23","modified_gmt":"2025-03-13T12:25:23","slug":"en-tres-y-dos","status":"publish","type":"product","link":"http:\/\/3.144.191.25\/en\/product\/en-tres-y-dos\/","title":{"rendered":"En Tres y Dos"},"content":{"rendered":"<div style=\"width: 100%; min-height: 1px;\" id=\"vimeo-wc-video-6a022ba0174c6\" data-js=\"vimeo-wc-video\" data-atts=\"{&quot;autopause&quot;:&quot;true&quot;,&quot;autoplay&quot;:false,&quot;background&quot;:false,&quot;byline&quot;:&quot;true&quot;,&quot;color&quot;:&quot;none&quot;,&quot;controls&quot;:&quot;true&quot;,&quot;dnt&quot;:&quot;true&quot;,&quot;height&quot;:&quot;none&quot;,&quot;id&quot;:false,&quot;loop&quot;:false,&quot;maxheight&quot;:&quot;none&quot;,&quot;maxwidth&quot;:&quot;none&quot;,&quot;muted&quot;:false,&quot;pip&quot;:false,&quot;playsinline&quot;:&quot;true&quot;,&quot;portrait&quot;:&quot;true&quot;,&quot;quality&quot;:&quot;auto&quot;,&quot;responsive&quot;:&quot;true&quot;,&quot;speed&quot;:false,&quot;texttrack&quot;:&quot;none&quot;,&quot;title&quot;:&quot;true&quot;,&quot;transparent&quot;:true,&quot;url&quot;:&quot;https:\\\/\\\/vimeo.com\\\/812797508&quot;,&quot;width&quot;:&quot;none&quot;}\"><\/div>","protected":false},"excerpt":{"rendered":"<p><img decoding=\"async\" loading=\"lazy\" class=\"alignnone size-medium wp-image-234932\" src=\"http:\/\/www.rctvinternational.com\/wp-content\/uploads\/2023\/04\/En_Tres_y_Dos-230x300.png\" alt=\"\" width=\"230\" height=\"300\" \/><\/p>\n<p><img decoding=\"async\" loading=\"lazy\" class=\"alignnone size-full wp-image-232350\" src=\"http:\/\/www.rctvinternational.com\/wp-content\/uploads\/2020\/10\/Sinopsis.png\" alt=\"\" width=\"125\" height=\"57\" \/><\/p>\n<p style=\"text-align: justify;\">Este programa de entretenimiento re\u00fane a grupos de estudiantes de distintos colegios que en cada episodio se enfrentan como competidores de divertidos concursos. Los participantes deben demostrar sus mejores habilidades y esforzarse por conseguir derrotar al equipo contrario en cada competencia, guiados por los respectivos animadores que a su vez hacen de mediadores entre los equipos de este espectacular show juvenil.<\/p>\n<p style=\"text-align: justify;\">Los retos a los que se enfrentan los estudiantes requieren agilidad f\u00edsica y conocimientos acordes al nivel educativo de su curso. Por lo que cada desaf\u00edo supone una superar una prueba tanto para la mente como para el cuerpo.<\/p>\n<p style=\"text-align: justify;\">Los equipos van acumulando puntos en cada prueba, las cuales tienen la dificultad de contar adem\u00e1s con un limite de tiempo. Lo que hace de cada juego de \u2018<strong>En tres y dos\u2019<\/strong>, un momento emocionante tanto para los participantes como para el p\u00fablico. Al final, resulta ganador el equipo que haya acumulado la mayor cantidad de puntos.<\/p>\n<p style=\"text-align: justify;\"><img decoding=\"async\" loading=\"lazy\" class=\"alignnone size-full wp-image-231431\" src=\"http:\/\/www.rctvinternational.com\/wp-content\/uploads\/2020\/04\/deberias-saber-que.jpg\" alt=\"\" width=\"265\" height=\"39\" \/><\/p>\n<p style=\"text-align: justify;\">En este programa de competencia intercolegial, los estudiantes que superan al equipo contrario al final del show, obtienen como premio una suma de dinero destinada al beneficio de la instituci\u00f3n a la que pertenece el equipo ganador.<\/p>\n<p style=\"text-align: justify;\">El objetivo final del programa es estimular a los j\u00f3venes que participan y que disfrutan como espectadores, a que se esfuercen en su educaci\u00f3n acad\u00e9mica, premiando el intelecto y destrezas en un ambiente de diversi\u00f3n.<\/p>","protected":false},"featured_media":234933,"template":"","meta":{"_et_pb_use_builder":"","_et_pb_old_content":"","_et_gb_content_width":""},"product_cat":[25],"product_tag":[805,808,1191],"acf":[],"_links":{"self":[{"href":"http:\/\/3.144.191.25\/en\/wp-json\/wp\/v2\/product\/234931"}],"collection":[{"href":"http:\/\/3.144.191.25\/en\/wp-json\/wp\/v2\/product"}],"about":[{"href":"http:\/\/3.144.191.25\/en\/wp-json\/wp\/v2\/types\/product"}],"wp:featuredmedia":[{"embeddable":true,"href":"http:\/\/3.144.191.25\/en\/wp-json\/wp\/v2\/media\/234933"}],"wp:attachment":[{"href":"http:\/\/3.144.191.25\/en\/wp-json\/wp\/v2\/media?parent=234931"}],"wp:term":[{"taxonomy":"product_cat","embeddable":true,"href":"http:\/\/3.144.191.25\/en\/wp-json\/wp\/v2\/product_cat?post=234931"},{"taxonomy":"product_tag","embeddable":true,"href":"http:\/\/3.144.191.25\/en\/wp-json\/wp\/v2\/product_tag?post=234931"}],"curies":[{"name":"wp","href":"https:\/\/api.w.org\/{rel}","templated":true}]}}