{"id":234945,"date":"2024-12-19T00:38:54","date_gmt":"2024-12-19T00:38:54","guid":{"rendered":"https:\/\/www.rctvinternational.com\/?post_type=product&#038;p=234945"},"modified":"2025-08-18T15:59:16","modified_gmt":"2025-08-18T15:59:16","slug":"la-fiera","status":"publish","type":"product","link":"http:\/\/3.144.191.25\/en\/product\/la-fiera\/","title":{"rendered":"La Fiera"},"content":{"rendered":"","protected":false},"excerpt":{"rendered":"<p style=\"text-align: justify;\"><img decoding=\"async\" loading=\"lazy\" class=\"alignnone size-medium wp-image-237230\" src=\"https:\/\/www.rctvinternational.com\/wp-content\/uploads\/2024\/12\/Claqueta-La-Fiera-1978--226x300.png\" alt=\"\" width=\"226\" height=\"300\" \/><\/p>\n<p style=\"text-align: justify;\"><img decoding=\"async\" loading=\"lazy\" class=\"alignnone size-full wp-image-232350\" src=\"http:\/\/www.rctvinternational.com\/wp-content\/uploads\/2020\/10\/Sinopsis.png\" alt=\"\" width=\"125\" height=\"57\" \/><\/p>\n<p style=\"text-align: justify;\">Eleazar Mel\u00e9ndez (<strong>Carlos M\u00e1rquez<\/strong>) es un patriarca autoritario que domina su familia con mano de hierro, mientras lidera el odio hacia los Zambrano. En la otra esquina, Atilio Zambrano (<strong>Tom\u00e1s Henr\u00edquez<\/strong>), es un hombre severo que acompa\u00f1ado por sus hijos y sobrinos, aviva el conflicto que parece no tener fin.<\/p>\n<p style=\"text-align: justify;\">Entre estas disputas, un amor prohibido surge entre Magdalena Mel\u00e9ndez (<strong>Mary Soliani<\/strong>) y N\u00e9stor (<strong>Orlando Urdaneta<\/strong>) el hijo menor de Atilio, exacerbando las tensiones. Mientras tanto, Isabel (<strong>Doris Wells<\/strong>), una joven de belleza celestial y esp\u00edritu indomable, hu\u00e9rfana de oportunidades pero rica en determinaci\u00f3n, se abre paso en esta turbulencia. Su carisma cautiva a Daniel (<strong>Jos\u00e9 Bardina<\/strong>), hijo no reconocido de Eleazar, quien intenta moldear su car\u00e1cter rebelde, aunque termina \u00e9l mismo transformando su propio caracter gracias a Isabel.<\/p>\n<p style=\"text-align: justify;\">Cuando Eleazar desarrolla una obsesi\u00f3n por Isabel se desata una peligrosa rivalidad con Daniel, llev\u00e1ndolos al l\u00edmite. Al final, una tragedia enluta a ambas familias, dejando profundas cicatrices. Sin embargo, luego del dolor, Isabel resurge como una mujer poderosa y encuentra en Daniel un compa\u00f1ia y amor pleno, asi ambos comienzan una nueva vida juntos. y construyen un futuro lleno de esperanza.<\/p>\n<p style=\"text-align: justify;\"><img decoding=\"async\" loading=\"lazy\" class=\"alignnone size-full wp-image-231431\" src=\"https:\/\/www.rctvinternational.com\/wp-content\/uploads\/2020\/04\/deberias-saber-que.jpg\" alt=\"\" width=\"265\" height=\"39\" \/><\/p>\n<p style=\"text-align: justify;\">Esta telenovela es una de las m\u00e1s exitosas de <strong>RCTV<\/strong> y ha sido versionada en dos oportunidades bajo los t\u00edtulos de <strong>\u2018<\/strong><strong>Pura Sangre\u2019 <\/strong>y <strong>\u2018<\/strong><strong>Piel Salvaje\u2019<\/strong>, ambas con gran aceptaci\u00f3n. Fue escrita por Julio C\u00e9sar M\u00e1rmol, quien incluy\u00f3 elementos de la literatura universal inspir\u00e1ndose en <strong>\u2018<\/strong><strong>Los hermanos Karam\u00e1zov\u2019 <\/strong>de Fi\u00f3dor Dostoyevski y en un conflicto real entre familias del estado Zulia. Estas influencias enriquecen la historia, d\u00e1ndole una profundidad que la ha convertido en un cl\u00e1sico de la televisi\u00f3n venezolana.<\/p>","protected":false},"featured_media":234947,"template":"","meta":{"_et_pb_use_builder":"","_et_pb_old_content":"","_et_gb_content_width":""},"product_cat":[22],"product_tag":[1205,1288,289,1154,1214,388,1507],"acf":[],"_links":{"self":[{"href":"http:\/\/3.144.191.25\/en\/wp-json\/wp\/v2\/product\/234945"}],"collection":[{"href":"http:\/\/3.144.191.25\/en\/wp-json\/wp\/v2\/product"}],"about":[{"href":"http:\/\/3.144.191.25\/en\/wp-json\/wp\/v2\/types\/product"}],"wp:featuredmedia":[{"embeddable":true,"href":"http:\/\/3.144.191.25\/en\/wp-json\/wp\/v2\/media\/234947"}],"wp:attachment":[{"href":"http:\/\/3.144.191.25\/en\/wp-json\/wp\/v2\/media?parent=234945"}],"wp:term":[{"taxonomy":"product_cat","embeddable":true,"href":"http:\/\/3.144.191.25\/en\/wp-json\/wp\/v2\/product_cat?post=234945"},{"taxonomy":"product_tag","embeddable":true,"href":"http:\/\/3.144.191.25\/en\/wp-json\/wp\/v2\/product_tag?post=234945"}],"curies":[{"name":"wp","href":"https:\/\/api.w.org\/{rel}","templated":true}]}}