{"id":235032,"date":"2023-06-29T19:45:58","date_gmt":"2023-06-29T19:45:58","guid":{"rendered":"https:\/\/www.rctvinternational.com\/?post_type=product&#038;p=235032"},"modified":"2025-05-07T22:46:53","modified_gmt":"2025-05-07T22:46:53","slug":"la-invasora","status":"publish","type":"product","link":"http:\/\/3.144.191.25\/en\/product\/la-invasora\/","title":{"rendered":"La Invasora"},"content":{"rendered":"<div style=\"width: 100%; min-height: 1px;\" id=\"vimeo-wc-video-6a020abcc20fb\" data-js=\"vimeo-wc-video\" data-atts=\"{&quot;autopause&quot;:&quot;true&quot;,&quot;autoplay&quot;:false,&quot;background&quot;:false,&quot;byline&quot;:&quot;true&quot;,&quot;color&quot;:&quot;none&quot;,&quot;controls&quot;:&quot;true&quot;,&quot;dnt&quot;:&quot;true&quot;,&quot;height&quot;:&quot;none&quot;,&quot;id&quot;:false,&quot;loop&quot;:false,&quot;maxheight&quot;:&quot;none&quot;,&quot;maxwidth&quot;:&quot;none&quot;,&quot;muted&quot;:false,&quot;pip&quot;:false,&quot;playsinline&quot;:&quot;true&quot;,&quot;portrait&quot;:&quot;true&quot;,&quot;quality&quot;:&quot;auto&quot;,&quot;responsive&quot;:&quot;true&quot;,&quot;speed&quot;:false,&quot;texttrack&quot;:&quot;none&quot;,&quot;title&quot;:&quot;true&quot;,&quot;transparent&quot;:true,&quot;url&quot;:&quot;https:\\\/\\\/vimeo.com\\\/839855685&quot;,&quot;width&quot;:&quot;none&quot;}\"><\/div>\n<p>&nbsp;<\/p>","protected":false},"excerpt":{"rendered":"<p><img decoding=\"async\" loading=\"lazy\" class=\"alignnone size-medium wp-image-235067\" src=\"https:\/\/www.rctvinternational.com\/wp-content\/uploads\/2023\/06\/La-Invasora-claqueta-06-230x300.png\" alt=\"\" width=\"230\" height=\"300\" \/><\/p>\n<p><img decoding=\"async\" loading=\"lazy\" class=\"alignnone size-full wp-image-232350\" src=\"https:\/\/www.rctvinternational.com\/wp-content\/uploads\/2020\/10\/Sinopsis.png\" alt=\"\" width=\"125\" height=\"57\" \/><\/p>\n<p style=\"text-align: justify;\">Mariana del Carmen Guerra <strong>(Daniela Alvarado)<\/strong> es una chica humilde que se encuentra envuelta en conflictos familiares cuando se descubre que su padrastro grab\u00f3, sin que ella supiera, unos videos \u00edntimos y los difundi\u00f3 en un sitio web. La situaci\u00f3n se agrava complicando la vida de Mariana a tal punto que no le queda m\u00e1s remedio que salir huyendo de su casa.<\/p>\n<p style=\"text-align: justify;\">Sin propon\u00e9rselo ni haber planeado nunca un destino as\u00ed, termina invadiendo el Vestier de un joven risue\u00f1o, Sergio Mart\u00ednez Aldana (<strong>Juan Carlos Garc\u00eda)<\/strong>, sin que \u00e9l se d\u00e9 cuenta de la insospechada inquilina. As\u00ed, en su inesperada lucha por sobrevivir, Mariana conocer\u00e1 al amor de su vida.<\/p>\n<p style=\"text-align: justify;\">Sin embargo, la historia de estos j\u00f3venes enamorados no ser\u00e1 color de rosa. La aparici\u00f3n de Mariana en la vida de Sergio causar\u00e1 una serie de disputas entre el joven y su familia. Por estos problemas, Sergio perder\u00e1 su herencia y su posici\u00f3n familiar, y ser\u00e1 rechazado por su padre.<\/p>\n<p style=\"text-align: justify;\">De esta complicada situaci\u00f3n surgir\u00e1 una alocada y emocionante historia de amor.<\/p>\n<p style=\"text-align: justify;\"><img decoding=\"async\" loading=\"lazy\" class=\"alignnone size-full wp-image-231431\" src=\"https:\/\/www.rctvinternational.com\/wp-content\/uploads\/2020\/04\/deberias-saber-que.jpg\" alt=\"\" width=\"265\" height=\"39\" \/><\/p>\n<p style=\"text-align: justify;\">Esta telenovela ha sido un fen\u00f3meno internacional, transmiti\u00e9ndose en m\u00e1s de 15 pa\u00edses y conquistando al p\u00fablico con su original y divertida trama. En pa\u00edses como M\u00e9xico, logr\u00f3 un alto rating y recibi\u00f3 excelentes cr\u00edticas. Adem\u00e1s de su rom\u00e1ntica historia de amor, la telenovela aborda un tema socialmente relevante como la privacidad de la vida \u00edntima en las redes y el acoso a menores de edad.<\/p>\n<p style=\"text-align: justify;\">Gran parte de las escenas de este dram\u00e1tico se desarrollan en la playa, por lo que la producci\u00f3n cuenta con bellas im\u00e1genes de las costas venezolanas, donde se grabaron las escenas ambientadas en un paradis\u00edaco lugar natural.<\/p>","protected":false},"featured_media":235033,"template":"","meta":{"_et_pb_use_builder":"","_et_pb_old_content":"","_et_gb_content_width":""},"product_cat":[23],"product_tag":[313,713,306,860],"acf":[],"_links":{"self":[{"href":"http:\/\/3.144.191.25\/en\/wp-json\/wp\/v2\/product\/235032"}],"collection":[{"href":"http:\/\/3.144.191.25\/en\/wp-json\/wp\/v2\/product"}],"about":[{"href":"http:\/\/3.144.191.25\/en\/wp-json\/wp\/v2\/types\/product"}],"wp:featuredmedia":[{"embeddable":true,"href":"http:\/\/3.144.191.25\/en\/wp-json\/wp\/v2\/media\/235033"}],"wp:attachment":[{"href":"http:\/\/3.144.191.25\/en\/wp-json\/wp\/v2\/media?parent=235032"}],"wp:term":[{"taxonomy":"product_cat","embeddable":true,"href":"http:\/\/3.144.191.25\/en\/wp-json\/wp\/v2\/product_cat?post=235032"},{"taxonomy":"product_tag","embeddable":true,"href":"http:\/\/3.144.191.25\/en\/wp-json\/wp\/v2\/product_tag?post=235032"}],"curies":[{"name":"wp","href":"https:\/\/api.w.org\/{rel}","templated":true}]}}