{"id":235034,"date":"2023-06-29T22:22:23","date_gmt":"2023-06-29T22:22:23","guid":{"rendered":"https:\/\/www.rctvinternational.com\/?post_type=product&#038;p=235034"},"modified":"2025-03-13T12:16:47","modified_gmt":"2025-03-13T12:16:47","slug":"el-humor-de-emilio-y-laureano","status":"publish","type":"product","link":"http:\/\/3.144.191.25\/en\/product\/el-humor-de-emilio-y-laureano\/","title":{"rendered":"El Humor de Emilio y Laureano"},"content":{"rendered":"<div style=\"width: 100%; min-height: 1px;\" id=\"vimeo-wc-video-6a020b51480e9\" data-js=\"vimeo-wc-video\" data-atts=\"{&quot;autopause&quot;:&quot;true&quot;,&quot;autoplay&quot;:false,&quot;background&quot;:false,&quot;byline&quot;:&quot;true&quot;,&quot;color&quot;:&quot;none&quot;,&quot;controls&quot;:&quot;true&quot;,&quot;dnt&quot;:&quot;true&quot;,&quot;height&quot;:&quot;none&quot;,&quot;id&quot;:false,&quot;loop&quot;:false,&quot;maxheight&quot;:&quot;none&quot;,&quot;maxwidth&quot;:&quot;none&quot;,&quot;muted&quot;:false,&quot;pip&quot;:false,&quot;playsinline&quot;:&quot;true&quot;,&quot;portrait&quot;:&quot;true&quot;,&quot;quality&quot;:&quot;auto&quot;,&quot;responsive&quot;:&quot;true&quot;,&quot;speed&quot;:false,&quot;texttrack&quot;:&quot;none&quot;,&quot;title&quot;:&quot;true&quot;,&quot;transparent&quot;:true,&quot;url&quot;:&quot;https:\\\/\\\/vimeo.com\\\/839843971&quot;,&quot;width&quot;:&quot;none&quot;}\"><\/div>","protected":false},"excerpt":{"rendered":"<p><img decoding=\"async\" loading=\"lazy\" class=\"alignnone size-medium wp-image-235069\" src=\"https:\/\/www.rctvinternational.com\/wp-content\/uploads\/2023\/06\/El-Humor-de-emilio-y-laureano-Claquetas-08-230x300.png\" alt=\"\" width=\"230\" height=\"300\" \/><\/p>\n<p><img decoding=\"async\" loading=\"lazy\" class=\"alignnone size-full wp-image-232350\" src=\"https:\/\/www.rctvinternational.com\/wp-content\/uploads\/2020\/10\/Sinopsis.png\" alt=\"\" width=\"125\" height=\"57\" \/><\/p>\n<p style=\"text-align: justify;\">Emilio Lovera y Laureano M\u00e1rquez son dos genios del entretenimiento que conquistan al p\u00fablico con su ingenio y su gracia, abordando diferentes temas desde una perspectiva divertida e irreverente en este programa donde se despliega un espect\u00e1culo de risas.<\/p>\n<p style=\"text-align: justify;\">Adem\u00e1s, esta producci\u00f3n re\u00fane lo mejor de los estilos de ambos y sus shows de comedia. Asimismo, el programa contiene sketches, parodias, los reconocidos talentos de imitaci\u00f3n que con que deslumbran al p\u00fablico desde el inicio de sus carreras y, adem\u00e1s, un espacio de m\u00fasica donde puede disfrutarse de cantos que se entrelazan con la comedia, interpretados por estos verdaderos artistas del buen humor.<\/p>\n<p style=\"text-align: justify;\">Siendo colegas en muchos shows en vivo, Emilio y Laureano no han dejado de entretener a grandes audiencias y en esta producci\u00f3n se logra reunir a estos dos profesionales de la comedia en un mismo programa.<\/p>\n<p style=\"text-align: justify;\"><img decoding=\"async\" loading=\"lazy\" class=\"alignnone size-full wp-image-231431\" src=\"https:\/\/www.rctvinternational.com\/wp-content\/uploads\/2020\/04\/deberias-saber-que.jpg\" alt=\"\" width=\"265\" height=\"39\" \/><\/p>\n<p style=\"text-align: justify;\">Emilio y Laureano son considerados dos de los humoristas m\u00e1s importantes de la historia de la comedia venezolana. Su carrera los ha llevado a presentar su humor ante audiencias de casi todo el mundo, siendo reconocidos y admirados en cada ocasi\u00f3n.<\/p>","protected":false},"featured_media":235035,"template":"","meta":{"_et_pb_use_builder":"","_et_pb_old_content":"","_et_gb_content_width":""},"product_cat":[25],"product_tag":[863,524,862],"acf":[],"_links":{"self":[{"href":"http:\/\/3.144.191.25\/en\/wp-json\/wp\/v2\/product\/235034"}],"collection":[{"href":"http:\/\/3.144.191.25\/en\/wp-json\/wp\/v2\/product"}],"about":[{"href":"http:\/\/3.144.191.25\/en\/wp-json\/wp\/v2\/types\/product"}],"wp:featuredmedia":[{"embeddable":true,"href":"http:\/\/3.144.191.25\/en\/wp-json\/wp\/v2\/media\/235035"}],"wp:attachment":[{"href":"http:\/\/3.144.191.25\/en\/wp-json\/wp\/v2\/media?parent=235034"}],"wp:term":[{"taxonomy":"product_cat","embeddable":true,"href":"http:\/\/3.144.191.25\/en\/wp-json\/wp\/v2\/product_cat?post=235034"},{"taxonomy":"product_tag","embeddable":true,"href":"http:\/\/3.144.191.25\/en\/wp-json\/wp\/v2\/product_tag?post=235034"}],"curies":[{"name":"wp","href":"https:\/\/api.w.org\/{rel}","templated":true}]}}