{"id":235404,"date":"2023-10-09T14:07:02","date_gmt":"2023-10-09T14:07:02","guid":{"rendered":"https:\/\/www.rctvinternational.com\/?post_type=product&#038;p=235404"},"modified":"2025-03-28T01:35:28","modified_gmt":"2025-03-28T01:35:28","slug":"the-telenovela-people","status":"publish","type":"product","link":"http:\/\/3.144.191.25\/en\/product\/the-telenovela-people\/","title":{"rendered":"The Telenovela People"},"content":{"rendered":"<div style=\"width: 100%; min-height: 1px;\" id=\"vimeo-wc-video-6a020b69e3dff\" data-js=\"vimeo-wc-video\" data-atts=\"{&quot;autopause&quot;:&quot;true&quot;,&quot;autoplay&quot;:false,&quot;background&quot;:false,&quot;byline&quot;:&quot;true&quot;,&quot;color&quot;:&quot;none&quot;,&quot;controls&quot;:&quot;true&quot;,&quot;dnt&quot;:&quot;true&quot;,&quot;height&quot;:&quot;none&quot;,&quot;id&quot;:false,&quot;loop&quot;:false,&quot;maxheight&quot;:&quot;none&quot;,&quot;maxwidth&quot;:&quot;none&quot;,&quot;muted&quot;:false,&quot;pip&quot;:false,&quot;playsinline&quot;:&quot;true&quot;,&quot;portrait&quot;:&quot;true&quot;,&quot;quality&quot;:&quot;auto&quot;,&quot;responsive&quot;:&quot;true&quot;,&quot;speed&quot;:false,&quot;texttrack&quot;:&quot;none&quot;,&quot;title&quot;:&quot;true&quot;,&quot;transparent&quot;:true,&quot;url&quot;:&quot;https:\\\/\\\/vimeo.com\\\/870806863&quot;,&quot;width&quot;:&quot;none&quot;}\"><\/div>","protected":false},"excerpt":{"rendered":"<p><img decoding=\"async\" loading=\"lazy\" class=\"alignnone size-medium wp-image-237043\" src=\"https:\/\/www.rctvinternational.com\/wp-content\/uploads\/2023\/10\/Claquetas-The-telenovela-People-2025-267x300.png\" alt=\"\" width=\"267\" height=\"300\" \/><\/p>\n<p><img decoding=\"async\" loading=\"lazy\" class=\"alignnone size-full wp-image-232350\" src=\"https:\/\/www.rctvinternational.com\/wp-content\/uploads\/2020\/10\/Sinopsis.png\" alt=\"\" width=\"125\" height=\"57\" \/><\/p>\n<div>La actriz Chantal Baudaux es la presentadora de <strong>The Telenovela People<\/strong>, un programa que repasa las mejores producciones dram\u00e1ticas de <strong>Radio Caracas Televisi\u00f3n<\/strong> a lo largo de sus d\u00e9cadas de \u00e9xitos. Cada episodio es un viaje en la m\u00e1quina del tiempo que nos lleva a conocer las historias, los personajes y los escenarios de las telenovelas m\u00e1s populares y emblem\u00e1ticas de <strong>RCTV.<\/strong><\/div>\n<div><\/div>\n<div><\/div>\n<div>Con un tono divertido y nost\u00e1lgico, <strong>The Telenovela People<\/strong> muestra los elementos propios que emocionan a los fans de las telenovelas: el amor, la venganza, el odio, la lucha del bien contra el mal, los animales, las joyas, los pasajes hermosos, las cachetadas sonoras y vestuario m\u00e1s variados.<\/div>\n<div><\/div>\n<div><\/div>\n<div>Junto a invitados especiales, durante el programa se rinde homenaje a los actores y actrices, a los escritores, directores y a todos los que han hecho nuestras telenovelas durante d\u00e9cadas de \u00e9xito. The Telenovela People es un programa para divertirse, recordar y disfrutar de la magia del amor que solo las telenovelas pueden ofrecer.<\/div>\n<div><\/div>\n<div><\/div>\n<div><img decoding=\"async\" loading=\"lazy\" class=\"alignnone size-full wp-image-231431\" src=\"https:\/\/www.rctvinternational.com\/wp-content\/uploads\/2020\/04\/deberias-saber-que.jpg\" alt=\"\" width=\"265\" height=\"39\" \/><\/div>\n<div><\/div>\n<div><\/div>\n<div><strong>The Telenovela People<\/strong>\u00a0es una nueva versi\u00f3n de\u00a0<strong>La Magia del Amor<\/strong>, un programa que se transmiti\u00f3 en el a\u00f1o 2007. Esta versi\u00f3n presenta nuevas producciones con la marca de\u00a0<strong>RCTV<\/strong>.<\/div>\n<div><\/div>","protected":false},"featured_media":235410,"template":"","meta":{"_et_pb_use_builder":"","_et_pb_old_content":"","_et_gb_content_width":""},"product_cat":[25],"product_tag":[264,919,360,388,670,671,668,918],"acf":[],"_links":{"self":[{"href":"http:\/\/3.144.191.25\/en\/wp-json\/wp\/v2\/product\/235404"}],"collection":[{"href":"http:\/\/3.144.191.25\/en\/wp-json\/wp\/v2\/product"}],"about":[{"href":"http:\/\/3.144.191.25\/en\/wp-json\/wp\/v2\/types\/product"}],"wp:featuredmedia":[{"embeddable":true,"href":"http:\/\/3.144.191.25\/en\/wp-json\/wp\/v2\/media\/235410"}],"wp:attachment":[{"href":"http:\/\/3.144.191.25\/en\/wp-json\/wp\/v2\/media?parent=235404"}],"wp:term":[{"taxonomy":"product_cat","embeddable":true,"href":"http:\/\/3.144.191.25\/en\/wp-json\/wp\/v2\/product_cat?post=235404"},{"taxonomy":"product_tag","embeddable":true,"href":"http:\/\/3.144.191.25\/en\/wp-json\/wp\/v2\/product_tag?post=235404"}],"curies":[{"name":"wp","href":"https:\/\/api.w.org\/{rel}","templated":true}]}}