{"id":235405,"date":"2023-10-09T14:22:15","date_gmt":"2023-10-09T14:22:15","guid":{"rendered":"https:\/\/www.rctvinternational.com\/?post_type=product&#038;p=235405"},"modified":"2025-05-07T23:39:51","modified_gmt":"2025-05-07T23:39:51","slug":"la-intrusa","status":"publish","type":"product","link":"http:\/\/3.144.191.25\/en\/product\/la-intrusa\/","title":{"rendered":"La Intrusa"},"content":{"rendered":"<p style=\"text-align: center;\"><div style=\"width: 100%; min-height: 1px;\" id=\"vimeo-wc-video-6a022dbf2a320\" data-js=\"vimeo-wc-video\" data-atts=\"{&quot;autopause&quot;:&quot;true&quot;,&quot;autoplay&quot;:false,&quot;background&quot;:false,&quot;byline&quot;:&quot;true&quot;,&quot;color&quot;:&quot;none&quot;,&quot;controls&quot;:&quot;true&quot;,&quot;dnt&quot;:&quot;true&quot;,&quot;height&quot;:&quot;none&quot;,&quot;id&quot;:false,&quot;loop&quot;:false,&quot;maxheight&quot;:&quot;none&quot;,&quot;maxwidth&quot;:&quot;none&quot;,&quot;muted&quot;:false,&quot;pip&quot;:false,&quot;playsinline&quot;:&quot;true&quot;,&quot;portrait&quot;:&quot;true&quot;,&quot;quality&quot;:&quot;auto&quot;,&quot;responsive&quot;:&quot;true&quot;,&quot;speed&quot;:false,&quot;texttrack&quot;:&quot;none&quot;,&quot;title&quot;:&quot;true&quot;,&quot;transparent&quot;:true,&quot;url&quot;:&quot;https:\\\/\\\/vimeo.com\\\/870822755&quot;,&quot;width&quot;:&quot;none&quot;}\"><\/div><\/p>\n<p>&nbsp;<\/p>","protected":false},"excerpt":{"rendered":"<p><img decoding=\"async\" loading=\"lazy\" class=\"alignnone size-medium wp-image-235424\" src=\"https:\/\/www.rctvinternational.com\/wp-content\/uploads\/2023\/10\/Claqueta-La-Intrusa-05-05-230x300.png\" alt=\"\" width=\"230\" height=\"300\" \/><\/p>\n<p><img decoding=\"async\" loading=\"lazy\" class=\"alignnone size-full wp-image-232350\" src=\"https:\/\/www.rctvinternational.com\/wp-content\/uploads\/2020\/10\/Sinopsis.png\" alt=\"\" width=\"125\" height=\"57\" \/><\/p>\n<p>\u00bfQu\u00e9 pasar\u00eda si una mujer pudiera cambiar su vida por la de otra que es id\u00e9ntica a ella? Eso es lo que hace Estrella de Rossi <strong>(Mariela Alcal\u00e1)<\/strong>, una mujer rica y caprichosa que se aburre de su matrimonio y de su familia. Un d\u00eda, conoce a Virginia <strong>(Mariela Alcal\u00e1)<\/strong>, una joven humilde y bondadosa que es su vivo retrato. Estrella le propone un trato: le pagar\u00e1 una gran suma de dinero si acepta suplantarla por un a\u00f1o.<\/p>\n<p>Virginia, presionada por las circunstancias acepta el trato y se muda a la mansi\u00f3n de Estrella. All\u00ed, tendr\u00e1 que fingir ser la esposa de Luis Antonio<strong> (V\u00edctor C\u00e1mara)<\/strong>, un hombre exitoso pero infeliz, y la madre de sus hijos. Tambi\u00e9n tendr\u00e1 que lidiar con una suegra alcoh\u00f3lica, una empresa en crisis y un villano que quiere arruinarla. Pero lo m\u00e1s dif\u00edcil ser\u00e1 ocultar sus sentimientos por Luis Antonio, quien se siente cada vez m\u00e1s atra\u00eddo por ella.<\/p>\n<p>Estrella, por su parte, se va de viaje por el mundo, disfrutando de su libertad y de su fortuna. Sin embargo, pronto se da cuenta de que ha cometido un error y quiere recuperar su vida. Pero no ser\u00e1 tan f\u00e1cil deshacer el trato.<\/p>\n<p><img decoding=\"async\" loading=\"lazy\" class=\"alignnone size-full wp-image-231431\" src=\"https:\/\/www.rctvinternational.com\/wp-content\/uploads\/2020\/04\/deberias-saber-que.jpg\" alt=\"\" width=\"265\" height=\"39\" \/><\/p>\n<p><strong>La Intrusa<\/strong>\u00a0es una telenovela inspirada en\u00a0<strong>La Usurpadora<\/strong>, versi\u00f3n que\u00a0fue protagonizada por Marina Baura y Ra\u00fal Amundaray, y tuvo gran \u00e9xito tanto en M\u00e9xico como en otros pa\u00edses. En <strong>La Intrusa<\/strong> destac\u00f3 la actuaci\u00f3n de Rosita Quintana, en el papel de Renata, y Willie Col\u00f3n, quien actu\u00f3 e interpret\u00f3 el tema musical de la telenovela.<\/p>","protected":false},"featured_media":235419,"template":"","meta":{"_et_pb_use_builder":"","_et_pb_old_content":"","_et_gb_content_width":""},"product_cat":[22],"product_tag":[921,920,319,234,922,360,388,869,868,277],"acf":[],"_links":{"self":[{"href":"http:\/\/3.144.191.25\/en\/wp-json\/wp\/v2\/product\/235405"}],"collection":[{"href":"http:\/\/3.144.191.25\/en\/wp-json\/wp\/v2\/product"}],"about":[{"href":"http:\/\/3.144.191.25\/en\/wp-json\/wp\/v2\/types\/product"}],"wp:featuredmedia":[{"embeddable":true,"href":"http:\/\/3.144.191.25\/en\/wp-json\/wp\/v2\/media\/235419"}],"wp:attachment":[{"href":"http:\/\/3.144.191.25\/en\/wp-json\/wp\/v2\/media?parent=235405"}],"wp:term":[{"taxonomy":"product_cat","embeddable":true,"href":"http:\/\/3.144.191.25\/en\/wp-json\/wp\/v2\/product_cat?post=235405"},{"taxonomy":"product_tag","embeddable":true,"href":"http:\/\/3.144.191.25\/en\/wp-json\/wp\/v2\/product_tag?post=235405"}],"curies":[{"name":"wp","href":"https:\/\/api.w.org\/{rel}","templated":true}]}}