{"id":235581,"date":"2024-04-03T19:39:01","date_gmt":"2024-04-03T19:39:01","guid":{"rendered":"https:\/\/www.rctvinternational.com\/?post_type=product&#038;p=235581"},"modified":"2025-08-28T10:14:08","modified_gmt":"2025-08-28T10:14:08","slug":"ser-bonita-no-basta","status":"publish","type":"product","link":"http:\/\/3.144.191.25\/en\/product\/ser-bonita-no-basta\/","title":{"rendered":"Ser Bonita No Basta"},"content":{"rendered":"<div style=\"width: 100%; min-height: 1px;\" id=\"vimeo-wc-video-6a020b5c8f478\" data-js=\"vimeo-wc-video\" data-atts=\"{&quot;autopause&quot;:&quot;true&quot;,&quot;autoplay&quot;:false,&quot;background&quot;:false,&quot;byline&quot;:&quot;true&quot;,&quot;color&quot;:&quot;none&quot;,&quot;controls&quot;:&quot;true&quot;,&quot;dnt&quot;:&quot;true&quot;,&quot;height&quot;:&quot;none&quot;,&quot;id&quot;:false,&quot;loop&quot;:false,&quot;maxheight&quot;:&quot;none&quot;,&quot;maxwidth&quot;:&quot;none&quot;,&quot;muted&quot;:false,&quot;pip&quot;:false,&quot;playsinline&quot;:&quot;true&quot;,&quot;portrait&quot;:&quot;true&quot;,&quot;quality&quot;:&quot;auto&quot;,&quot;responsive&quot;:&quot;true&quot;,&quot;speed&quot;:false,&quot;texttrack&quot;:&quot;none&quot;,&quot;title&quot;:&quot;true&quot;,&quot;transparent&quot;:true,&quot;url&quot;:&quot;https:\\\/\\\/vimeo.com\\\/889306191&quot;,&quot;width&quot;:&quot;none&quot;}\"><\/div>\n<p>&nbsp;<\/p>\n<p>&nbsp;<\/p>","protected":false},"excerpt":{"rendered":"<p><img decoding=\"async\" loading=\"lazy\" class=\"alignnone size-medium wp-image-236163\" src=\"https:\/\/www.rctvinternational.com\/wp-content\/uploads\/2024\/04\/Ser-bonita-no-basta-2024-43-225x300.png\" alt=\"\" width=\"225\" height=\"300\" \/><\/p>\n<p><img decoding=\"async\" loading=\"lazy\" class=\"alignnone size-full wp-image-232350\" src=\"https:\/\/www.rctvinternational.com\/wp-content\/uploads\/2020\/10\/Sinopsis.png\" alt=\"\" width=\"125\" height=\"57\" \/><\/p>\n<p>Coral, Topacio y Esmeralda\u00a0son tres\u00a0 hermanas que fueron abandonadas por su padre, Asdr\u00fabal Torres cuando eran muy j\u00f3venes y no saben que son familia. El destino las une y las lleva a reencontrarse con su progenitor, a quien cre\u00edan muerto. En el fascinante mundo de la moda, las hermanas descubrir\u00e1n las complejidades de la vida y el amor.<\/p>\n<p>Coral (<strong>Marjorie de Sousa<\/strong>) anhela desesperadamente el amor y la aceptaci\u00f3n, pero su belleza la convierte en blanco de la envidia y las intrigas familiares. Su madre, Soledad (<strong>Fedra L\u00f3pez<\/strong>), la antagonista central de nuestra historia, la domina y conspira para separarla de su gran amor, Alejandro Mendoza (<strong>Ricardo \u00c1lamo<\/strong>), un hombre apasionado y gentil. Coral y Alejandro viven un romance intenso y lleno de conflictos.<\/p>\n<p>Mientras tanto, Topacio (<strong>Flavia Gleske<\/strong>), se deja seducir por el mundo del glamour y los concursos de belleza, pero se enfrenta a la traici\u00f3n y la envidia. Su novio, Orlando (<strong>Hugo V\u00e1squez<\/strong>), en quien conf\u00eda para alcanzar sus sue\u00f1os, la abandona cruelmente el d\u00eda de su boda. Topacio experimenta una profunda frustraci\u00f3n y debe enfrentar consecuencias devastadoras causadas por las trampas y farsas de quienes la rodean.<\/p>\n<p>Esmeralda <strong>(Marianela Gonz\u00e1lez)<\/strong> es la m\u00e1s joven y aparentemente menos atractiva, pero descubre su belleza \u00fanica mientras busca el amor en un mundo obsesionado por las apariencias. Esmeralda inicia un viaje transformador hacia la confianza en s\u00ed misma al enamorarse de Juli\u00e1n Mendoza, conocido como \u201cEl Duque\u201d <strong>(Ricardo Bianchi)<\/strong>. Este hombre le abre las puertas a un mundo completamente distinto al que estaba acostumbrada, convirti\u00e9ndose en su pr\u00edncipe y \u00fanico gran amor.<\/p>\n<p>A medida que las hermanas aprenden que la belleza no garantiza el \u00e9xito en la vida, sus destinos se entrelazan y se enfrentan a desaf\u00edos y sorpresas. La trama explora con sensibilidad temas de amor, belleza y fortuna adversa, llevando a las protagonistas a superar obst\u00e1culos y descubrir la aut\u00e9ntica importancia de la apariencia y la familia.<\/p>\n<p><img decoding=\"async\" loading=\"lazy\" class=\"alignnone size-full wp-image-231431\" src=\"https:\/\/www.rctvinternational.com\/wp-content\/uploads\/2020\/04\/deberias-saber-que.jpg\" alt=\"\" width=\"265\" height=\"39\" \/><\/p>\n<p>El actor Javier Vidal recibi\u00f3 la apreciada nominaci\u00f3n al premio de Primer actor del a\u00f1o en los Premios 2 de Oro por su actuaci\u00f3n estelar con papel de Asdr\u00fabal, padre de las hermanas protagonistas.<\/p>\n<p>&nbsp;<\/p>","protected":false},"featured_media":235714,"template":"","meta":{"_et_pb_use_builder":"","_et_pb_old_content":"","_et_gb_content_width":""},"product_cat":[23],"product_tag":[1037,1033,1030,1036,1032,689,300,357,742,356,282,1029,1038,249,1035,1034,1031],"acf":[],"_links":{"self":[{"href":"http:\/\/3.144.191.25\/en\/wp-json\/wp\/v2\/product\/235581"}],"collection":[{"href":"http:\/\/3.144.191.25\/en\/wp-json\/wp\/v2\/product"}],"about":[{"href":"http:\/\/3.144.191.25\/en\/wp-json\/wp\/v2\/types\/product"}],"wp:featuredmedia":[{"embeddable":true,"href":"http:\/\/3.144.191.25\/en\/wp-json\/wp\/v2\/media\/235714"}],"wp:attachment":[{"href":"http:\/\/3.144.191.25\/en\/wp-json\/wp\/v2\/media?parent=235581"}],"wp:term":[{"taxonomy":"product_cat","embeddable":true,"href":"http:\/\/3.144.191.25\/en\/wp-json\/wp\/v2\/product_cat?post=235581"},{"taxonomy":"product_tag","embeddable":true,"href":"http:\/\/3.144.191.25\/en\/wp-json\/wp\/v2\/product_tag?post=235581"}],"curies":[{"name":"wp","href":"https:\/\/api.w.org\/{rel}","templated":true}]}}