{"id":235594,"date":"2020-02-01T20:38:03","date_gmt":"2020-02-01T20:38:03","guid":{"rendered":"https:\/\/www.rctvinternational.com\/?post_type=product&#038;p=235594"},"modified":"2025-05-08T00:24:42","modified_gmt":"2025-05-08T00:24:42","slug":"estefania","status":"publish","type":"product","link":"http:\/\/3.144.191.25\/en\/product\/estefania\/","title":{"rendered":"Estefan\u00eda"},"content":{"rendered":"<div style=\"width: 100%; min-height: 1px;\" id=\"vimeo-wc-video-6a021542348ed\" data-js=\"vimeo-wc-video\" data-atts=\"{&quot;autopause&quot;:&quot;true&quot;,&quot;autoplay&quot;:false,&quot;background&quot;:false,&quot;byline&quot;:&quot;true&quot;,&quot;color&quot;:&quot;none&quot;,&quot;controls&quot;:&quot;true&quot;,&quot;dnt&quot;:&quot;true&quot;,&quot;height&quot;:&quot;none&quot;,&quot;id&quot;:false,&quot;loop&quot;:false,&quot;maxheight&quot;:&quot;none&quot;,&quot;maxwidth&quot;:&quot;none&quot;,&quot;muted&quot;:false,&quot;pip&quot;:false,&quot;playsinline&quot;:&quot;true&quot;,&quot;portrait&quot;:&quot;true&quot;,&quot;quality&quot;:&quot;auto&quot;,&quot;responsive&quot;:&quot;true&quot;,&quot;speed&quot;:false,&quot;texttrack&quot;:&quot;none&quot;,&quot;title&quot;:&quot;true&quot;,&quot;transparent&quot;:true,&quot;url&quot;:&quot;https:\\\/\\\/vimeo.com\\\/908442764&quot;,&quot;width&quot;:&quot;none&quot;}\"><\/div>\n<p>&nbsp;<\/p>","protected":false},"excerpt":{"rendered":"<p><img decoding=\"async\" loading=\"lazy\" class=\"alignnone size-medium wp-image-235612\" src=\"https:\/\/www.rctvinternational.com\/wp-content\/uploads\/2023\/12\/Estefania-225x300.png\" alt=\"\" width=\"225\" height=\"300\" \/><\/p>\n<p><img decoding=\"async\" loading=\"lazy\" class=\"alignnone size-full wp-image-232350\" src=\"https:\/\/www.rctvinternational.com\/wp-content\/uploads\/2020\/10\/Sinopsis.png\" alt=\"\" width=\"125\" height=\"57\" \/><\/p>\n<p>En la vibrante Venezuela de 1957, bajo el implacable r\u00e9gimen militar del General Marcos Su\u00e1rez Figueres, surge la intr\u00e9pida Estefan\u00eda Gallardo (<strong>Pierina Espa\u00f1a<\/strong>) una joven de f\u00e9rreos ideales. Estefan\u00eda se ve envuelta en la lucha clandestina, dedicando su vida a la liberaci\u00f3n de su padre, prisionero de la cruel Seguridad Nacional comandada por el sanguinario Pedro Escobar <strong>(Gustavo Rodr\u00edguez<\/strong>).<\/p>\n<p>La trama se desata cuando Luis Alberto Seijas (<strong>Jos\u00e9 Luis Rodr\u00edguez<\/strong>), un joven comprometido con el r\u00e9gimen, pero clandestinamente conocido como \u00abEl Gu\u00e1charo\u00bb l\u00edder de la lucha contra la dictadura, ayuda a Estefan\u00eda a escapar. Entre ellos surge una atracci\u00f3n inesperada, marcando el inicio de una historia de amor bajo la sombra de la pol\u00edtica y los secretos. Sin embargo, Estefan\u00eda, desconociendo la verdadera identidad de Luis Alberto, mantiene cierta distancia debido a su contacto con el r\u00e9gimen.<\/p>\n<p>La trama se complica a\u00fan m\u00e1s cuando Estefan\u00eda se convierte en v\u00edctima de chantaje: la libertad de su padre a cambio de ceder ante los oscuros deseos de Pedro Escobar. Aventur\u00e1ndose entre el amor y el odio, Estefan\u00eda se salva gracias a Luis Alberto, pero cae en las garras de Escobar, perdiendo su inocencia.<\/p>\n<p>Luis Alberto, viviendo un caos y lidiando con dos profundos amores, cambia su pensar al creer en una traici\u00f3n por parte de Estefan\u00eda. En medio de la lucha por la justicia y el encuentro profundo con el amor, salvarse de la traici\u00f3n se convierte en la motivaci\u00f3n de sus vidas.<\/p>\n<p>Luis Alberto huye del pa\u00eds para evitar su captura por la siniestra polic\u00eda del r\u00e9gimen, refugi\u00e1ndose en Colombia. Aparece Julio C\u00e9sar Ord\u00f3\u00f1ez (<strong>Carlos Olivier<\/strong>), un periodista reconocido, y Estefan\u00eda comienza a enamorarse de \u00e9l. Sin embargo, el destino da un giro inesperado cuando se revela que Julio C\u00e9sar asume el rol de \u00abEl Gu\u00e1charo\u00bb. A pesar de casarse con \u00e9l, Estefan\u00eda a\u00fan guarda en su coraz\u00f3n el recuerdo de Luis Alberto.<\/p>\n<p>Pedro Escobar, obsesionado con Estefan\u00eda, planea la muerte de Julio C\u00e9sar para hacerla suya. La telenovela concluye con la ca\u00edda del r\u00e9gimen dictatorial, Venezuela libre y la victoria del amor sobre la traici\u00f3n.<\/p>\n<p><img decoding=\"async\" loading=\"lazy\" class=\"alignnone size-full wp-image-231431\" src=\"https:\/\/www.rctvinternational.com\/wp-content\/uploads\/2020\/04\/deberias-saber-que.jpg\" alt=\"\" width=\"265\" height=\"39\" \/><\/p>\n<p>\u00abEstefan\u00eda\u00bb trasciende el g\u00e9nero de telenovela al representar los \u00faltimos meses de la dictadura de Marcos P\u00e9rez Jim\u00e9nez hasta su ca\u00edda en 1958. El autor, Julio C\u00e9sar M\u00e1rmol, testigo directo de esos eventos, plasm\u00f3 su experiencia personal tras haber sido detenido durante seis meses por participar en una protesta estudiantil. El realismo mostrado en muchas de sus escenas, sobre todo, en los excesos del r\u00e9gimen la convirtieron en un \u00e9xito arrollador.<\/p>\n<p>&nbsp;<\/p>","protected":false},"featured_media":235686,"template":"","meta":{"_et_pb_use_builder":"","_et_pb_old_content":"","_et_gb_content_width":""},"product_cat":[22],"product_tag":[],"acf":[],"_links":{"self":[{"href":"http:\/\/3.144.191.25\/en\/wp-json\/wp\/v2\/product\/235594"}],"collection":[{"href":"http:\/\/3.144.191.25\/en\/wp-json\/wp\/v2\/product"}],"about":[{"href":"http:\/\/3.144.191.25\/en\/wp-json\/wp\/v2\/types\/product"}],"wp:featuredmedia":[{"embeddable":true,"href":"http:\/\/3.144.191.25\/en\/wp-json\/wp\/v2\/media\/235686"}],"wp:attachment":[{"href":"http:\/\/3.144.191.25\/en\/wp-json\/wp\/v2\/media?parent=235594"}],"wp:term":[{"taxonomy":"product_cat","embeddable":true,"href":"http:\/\/3.144.191.25\/en\/wp-json\/wp\/v2\/product_cat?post=235594"},{"taxonomy":"product_tag","embeddable":true,"href":"http:\/\/3.144.191.25\/en\/wp-json\/wp\/v2\/product_tag?post=235594"}],"curies":[{"name":"wp","href":"https:\/\/api.w.org\/{rel}","templated":true}]}}