{"id":235595,"date":"2024-09-20T17:20:58","date_gmt":"2024-09-20T17:20:58","guid":{"rendered":"https:\/\/www.rctvinternational.com\/?post_type=product&#038;p=235595"},"modified":"2025-05-07T23:39:19","modified_gmt":"2025-05-07T23:39:19","slug":"entrega-total","status":"publish","type":"product","link":"http:\/\/3.144.191.25\/en\/product\/entrega-total\/","title":{"rendered":"Entrega Total"},"content":{"rendered":"<div style=\"width: 100%; min-height: 1px;\" id=\"vimeo-wc-video-6a0229bf25a49\" data-js=\"vimeo-wc-video\" data-atts=\"{&quot;autopause&quot;:&quot;true&quot;,&quot;autoplay&quot;:false,&quot;background&quot;:false,&quot;byline&quot;:&quot;true&quot;,&quot;color&quot;:&quot;none&quot;,&quot;controls&quot;:&quot;true&quot;,&quot;dnt&quot;:&quot;true&quot;,&quot;height&quot;:&quot;none&quot;,&quot;id&quot;:false,&quot;loop&quot;:false,&quot;maxheight&quot;:&quot;none&quot;,&quot;maxwidth&quot;:&quot;none&quot;,&quot;muted&quot;:false,&quot;pip&quot;:false,&quot;playsinline&quot;:&quot;true&quot;,&quot;portrait&quot;:&quot;true&quot;,&quot;quality&quot;:&quot;auto&quot;,&quot;responsive&quot;:&quot;true&quot;,&quot;speed&quot;:false,&quot;texttrack&quot;:&quot;none&quot;,&quot;title&quot;:&quot;true&quot;,&quot;transparent&quot;:true,&quot;url&quot;:&quot;https:\\\/\\\/vimeo.com\\\/908447588&quot;,&quot;width&quot;:&quot;none&quot;}\"><\/div>\n<p>&nbsp;<\/p>","protected":false},"excerpt":{"rendered":"<p style=\"text-align: justify;\"><img decoding=\"async\" loading=\"lazy\" class=\"alignnone size-medium wp-image-235962\" src=\"https:\/\/www.rctvinternational.com\/wp-content\/uploads\/2024\/02\/Entrega-Total-225x300.png\" alt=\"\" width=\"225\" height=\"300\" \/><\/p>\n<p style=\"text-align: justify;\"><img decoding=\"async\" loading=\"lazy\" class=\"alignnone size-full wp-image-232350\" src=\"https:\/\/www.rctvinternational.com\/wp-content\/uploads\/2020\/10\/Sinopsis.png\" alt=\"\" width=\"125\" height=\"57\" \/><\/p>\n<p style=\"text-align: justify;\" data-sourcepos=\"12:1-12:260\">Jazm\u00edn, una joven hu\u00e9rfana con un pasado misterioso, se enamora perdidamente de Ad\u00e1n, el heredero de una poderosa familia. Su amor se ve amenazado por Renata, la t\u00eda de Jazm\u00edn y principal antagonista, quien oculta un oscuro secreto sobre el origen de la joven.<\/p>\n<p style=\"text-align: justify;\" data-sourcepos=\"14:1-14:355\">Al descubrir su verdadera identidad, Jazm\u00edn se sumerge en un mundo de intrigas y conspiraciones. Renata, decidida a proteger su fortuna, har\u00e1 todo lo posible para separar a los amantes. Ad\u00e1n y Jazm\u00edn deber\u00e1n enfrentar no solo la oposici\u00f3n de Renata y sus aliados, sino tambi\u00e9n los desaf\u00edos propios de sus familias y el peso de un pasado lleno de secretos.<\/p>\n<p style=\"text-align: justify;\" data-sourcepos=\"16:1-16:388\">La pareja vivir\u00e1 un romance apasionado y lleno de obst\u00e1culos, desde la ambici\u00f3n de los Trujillo hasta las maquinaciones de Cipriana, la malvada ama de llaves. Sin embargo, el destino les depara un giro inesperado y tr\u00e1gico que conmocionar\u00e1 al p\u00fablico. La muerte de Ad\u00e1n y Jazm\u00edn, los protagonistas principales, es un final sorprendente que marca un hito en la historia de las telenovelas.<\/p>\n<p style=\"text-align: justify;\"><img decoding=\"async\" loading=\"lazy\" class=\"alignnone size-full wp-image-231431\" src=\"https:\/\/www.rctvinternational.com\/wp-content\/uploads\/2020\/04\/deberias-saber-que.jpg\" alt=\"\" width=\"265\" height=\"39\" \/><\/p>\n<p style=\"text-align: justify;\">Los personajes de Armando Palomo y Mar\u00eda Isabela M\u00e9ndez, los actores principales, sufrieron un tr\u00e1gico destino al ser asesinados, un giro inusual que impacta a la audiencia. La sorprendente eliminaci\u00f3n de dos personajes principales resalta la singularidad de la trama y ha capturado la atenci\u00f3n de manera extraordinaria.<\/p>","protected":false},"featured_media":235644,"template":"","meta":{"_et_pb_use_builder":"","_et_pb_old_content":"","_et_gb_content_width":""},"product_cat":[22],"product_tag":[1004,1009,1006,1012,1013,1014,1011,1015,1005,327,1007,1008,708,868,1010],"acf":[],"_links":{"self":[{"href":"http:\/\/3.144.191.25\/en\/wp-json\/wp\/v2\/product\/235595"}],"collection":[{"href":"http:\/\/3.144.191.25\/en\/wp-json\/wp\/v2\/product"}],"about":[{"href":"http:\/\/3.144.191.25\/en\/wp-json\/wp\/v2\/types\/product"}],"wp:featuredmedia":[{"embeddable":true,"href":"http:\/\/3.144.191.25\/en\/wp-json\/wp\/v2\/media\/235644"}],"wp:attachment":[{"href":"http:\/\/3.144.191.25\/en\/wp-json\/wp\/v2\/media?parent=235595"}],"wp:term":[{"taxonomy":"product_cat","embeddable":true,"href":"http:\/\/3.144.191.25\/en\/wp-json\/wp\/v2\/product_cat?post=235595"},{"taxonomy":"product_tag","embeddable":true,"href":"http:\/\/3.144.191.25\/en\/wp-json\/wp\/v2\/product_tag?post=235595"}],"curies":[{"name":"wp","href":"https:\/\/api.w.org\/{rel}","templated":true}]}}