{"id":235906,"date":"2024-06-23T20:11:34","date_gmt":"2024-06-23T20:11:34","guid":{"rendered":"https:\/\/www.rctvinternational.com\/?post_type=product&#038;p=235906"},"modified":"2025-03-28T04:28:55","modified_gmt":"2025-03-28T04:28:55","slug":"la-trampa-sale","status":"publish","type":"product","link":"http:\/\/3.144.191.25\/en\/product\/la-trampa-sale\/","title":{"rendered":"La Trampa Sale"},"content":{"rendered":"<div style=\"width: 100%; min-height: 1px;\" id=\"vimeo-wc-video-6a0221b437a30\" data-js=\"vimeo-wc-video\" data-atts=\"{&quot;autopause&quot;:&quot;true&quot;,&quot;autoplay&quot;:false,&quot;background&quot;:false,&quot;byline&quot;:&quot;true&quot;,&quot;color&quot;:&quot;none&quot;,&quot;controls&quot;:&quot;true&quot;,&quot;dnt&quot;:&quot;true&quot;,&quot;height&quot;:&quot;none&quot;,&quot;id&quot;:false,&quot;loop&quot;:false,&quot;maxheight&quot;:&quot;none&quot;,&quot;maxwidth&quot;:&quot;none&quot;,&quot;muted&quot;:false,&quot;pip&quot;:false,&quot;playsinline&quot;:&quot;true&quot;,&quot;portrait&quot;:&quot;true&quot;,&quot;quality&quot;:&quot;auto&quot;,&quot;responsive&quot;:&quot;true&quot;,&quot;speed&quot;:false,&quot;texttrack&quot;:&quot;none&quot;,&quot;title&quot;:&quot;true&quot;,&quot;transparent&quot;:true,&quot;url&quot;:&quot;https:\\\/\\\/vimeo.com\\\/930315306&quot;,&quot;width&quot;:&quot;none&quot;}\"><\/div>","protected":false},"excerpt":{"rendered":"<p style=\"text-align: justify;\"><img decoding=\"async\" loading=\"lazy\" class=\"alignnone size-medium wp-image-236099\" src=\"https:\/\/www.rctvinternational.com\/wp-content\/uploads\/2024\/06\/La-Trampa-sale-01-267x300.png\" alt=\"\" width=\"267\" height=\"300\" \/><img decoding=\"async\" loading=\"lazy\" class=\"alignnone size-medium wp-image-237046\" src=\"https:\/\/www.rctvinternational.com\/wp-content\/uploads\/2024\/06\/La-Trampa-sale-01-01-267x300.png\" alt=\"\" width=\"267\" height=\"300\" \/><\/p>\n<p style=\"text-align: justify;\"><img decoding=\"async\" loading=\"lazy\" class=\"alignnone size-full wp-image-232350\" src=\"https:\/\/www.rctvinternational.com\/wp-content\/uploads\/2020\/10\/Sinopsis.png\" alt=\"\" width=\"125\" height=\"57\" \/><\/p>\n<p style=\"text-align: justify;\">En el vibrante mundo del b\u00e9isbol, el estadio es escenario principal para revelar las complejas y tumultuosas din\u00e1micas del poder y la corrupci\u00f3n en el deporte.<\/p>\n<p style=\"text-align: justify;\">Dos equipos de ligas menores que representan dos bandos en conflicto. El presidente de la liga y l\u00edder de uno de los equipos, interpretado por <strong>Gonzalo Cuberos<\/strong>, se convierte en el antagonista principal al quebrantar las reglas del juego, abusar de su poder y manipular situaciones en su favor.<\/p>\n<p style=\"text-align: justify;\">Este hombre carism\u00e1tico logra inicialmente ganar la presidencia de la Liga de B\u00e9isbol gracias a su encanto y habilidades de liderazgo. Sin embargo, poco a poco, bajo la influencia perniciosa de otros presidentes de ligas, se transforma en un l\u00edder d\u00e9spota, obsesionado con mantener el poder indefinidamente. Su conducta despiadada no solo afecta a su equipo, sino que tambi\u00e9n provoca una serie de conflictos y tensiones entre el resto los clubes asociados.<\/p>\n<p style=\"text-align: justify;\">A medida que el enfrentamiento entre los dos equipos se intensifica, los fan\u00e1ticos del b\u00e9isbol se ven involucrados en la disputa, siendo ellos quienes finalmente tienen la responsabilidad de encontrar una soluci\u00f3n al conflicto. Estos aficionados, representando al p\u00fablico y la sociedad, deben buscar la mejor alternativa para restaurar el orden y la justicia en medio del caos.<\/p>\n<p style=\"text-align: justify;\"><img decoding=\"async\" loading=\"lazy\" class=\"alignnone size-full wp-image-231431\" src=\"https:\/\/www.rctvinternational.com\/wp-content\/uploads\/2020\/04\/deberias-saber-que.jpg\" alt=\"\" width=\"265\" height=\"39\" \/><\/p>\n<p style=\"text-align: justify;\"><strong>\u2018La Trampa Sale\u2019<\/strong> ofrece una mirada cr\u00edtica a las irregularidades y el abuso de poder que pueden ocurrir en cualquier esfera, utilizando el b\u00e9isbol como una met\u00e1fora para los problemas m\u00e1s amplios de la sociedad actual.<\/p>\n<p style=\"text-align: justify;\">Gonzalo Cuberos y Sheyla Guti\u00e9rrez lideran el elenco con actuaciones memorables. Cuberos, es un actor prominente destacando en varias pel\u00edculas, incluyendo \u2018Hermano\u2019, pel\u00edcula galardonada en el 14.\u00ba Festival Internacional de Cine en Los \u00c1ngeles y en el Public Choice Award. Guti\u00e9rrez, en particular, trae una fuerte presencia a la pantalla despu\u00e9s de su aclamado papel como Mariposa en \u2018<strong>La invasora<\/strong>\u2019.<\/p>","protected":false},"featured_media":236049,"template":"","meta":{"_et_pb_use_builder":"","_et_pb_old_content":"","_et_gb_content_width":""},"product_cat":[24],"product_tag":[1148,1145,1144,1146,1153,1150,1156,1149,1143,1147,1155,1151,727,1152,1154,360,1157],"acf":[],"_links":{"self":[{"href":"http:\/\/3.144.191.25\/en\/wp-json\/wp\/v2\/product\/235906"}],"collection":[{"href":"http:\/\/3.144.191.25\/en\/wp-json\/wp\/v2\/product"}],"about":[{"href":"http:\/\/3.144.191.25\/en\/wp-json\/wp\/v2\/types\/product"}],"wp:featuredmedia":[{"embeddable":true,"href":"http:\/\/3.144.191.25\/en\/wp-json\/wp\/v2\/media\/236049"}],"wp:attachment":[{"href":"http:\/\/3.144.191.25\/en\/wp-json\/wp\/v2\/media?parent=235906"}],"wp:term":[{"taxonomy":"product_cat","embeddable":true,"href":"http:\/\/3.144.191.25\/en\/wp-json\/wp\/v2\/product_cat?post=235906"},{"taxonomy":"product_tag","embeddable":true,"href":"http:\/\/3.144.191.25\/en\/wp-json\/wp\/v2\/product_tag?post=235906"}],"curies":[{"name":"wp","href":"https:\/\/api.w.org\/{rel}","templated":true}]}}