{"id":235916,"date":"2024-07-11T13:55:25","date_gmt":"2024-07-11T13:55:25","guid":{"rendered":"https:\/\/www.rctvinternational.com\/?post_type=product&#038;p=235916"},"modified":"2024-07-11T16:28:44","modified_gmt":"2024-07-11T16:28:44","slug":"la-batalla-del-humor","status":"publish","type":"product","link":"http:\/\/3.144.191.25\/en\/product\/la-batalla-del-humor\/","title":{"rendered":"La Batalla del Humor"},"content":{"rendered":"<div style=\"width: 100%; min-height: 1px;\" id=\"vimeo-wc-video-6a020b58e17c2\" data-js=\"vimeo-wc-video\" data-atts=\"{&quot;autopause&quot;:&quot;true&quot;,&quot;autoplay&quot;:false,&quot;background&quot;:false,&quot;byline&quot;:&quot;true&quot;,&quot;color&quot;:&quot;none&quot;,&quot;controls&quot;:&quot;true&quot;,&quot;dnt&quot;:&quot;true&quot;,&quot;height&quot;:&quot;none&quot;,&quot;id&quot;:false,&quot;loop&quot;:false,&quot;maxheight&quot;:&quot;none&quot;,&quot;maxwidth&quot;:&quot;none&quot;,&quot;muted&quot;:false,&quot;pip&quot;:false,&quot;playsinline&quot;:&quot;true&quot;,&quot;portrait&quot;:&quot;true&quot;,&quot;quality&quot;:&quot;auto&quot;,&quot;responsive&quot;:&quot;true&quot;,&quot;speed&quot;:false,&quot;texttrack&quot;:&quot;none&quot;,&quot;title&quot;:&quot;true&quot;,&quot;transparent&quot;:true,&quot;url&quot;:&quot;https:\\\/\\\/vimeo.com\\\/908633330&quot;,&quot;width&quot;:&quot;none&quot;}\"><\/div>","protected":false},"excerpt":{"rendered":"<p style=\"text-align: justify\"><img decoding=\"async\" loading=\"lazy\" class=\"alignnone size-medium wp-image-236093\" src=\"https:\/\/www.rctvinternational.com\/wp-content\/uploads\/2024\/07\/LA-BATALLA-DEL-HUMOR-CLAQUETA-51-51-225x300.png\" alt=\"\" width=\"225\" height=\"300\" \/><\/p>\n<p style=\"text-align: justify\"><span data-editable-id=\"2\"><img decoding=\"async\" loading=\"lazy\" class=\"alignnone size-full wp-image-232350\" src=\"https:\/\/www.rctvinternational.com\/wp-content\/uploads\/2020\/10\/Sinopsis.png\" alt=\"\" width=\"125\" height=\"57\" \/><\/span><\/p>\n<p style=\"text-align: justify\"><span data-editable-id=\"2\">\u00ab<\/span><b data-editable-id=\"3\">La Batalla del Humor<\/b><span data-editable-id=\"4\">\u00bb <\/span><span data-editable-id=\"5\">es el <\/span><span data-editable-id=\"6\">escenario <\/span><span data-editable-id=\"7\">donde los gigantes de la comedia venezolana se enfrentan en un duelo de ingenio y carcajadas<\/span><span data-editable-id=\"8\">. En este innovador formato, los mejores <\/span><span data-editable-id=\"9\">humoristas dan muestra de su<\/span><span data-editable-id=\"10\"> versatilidad y habilidades para hacer re\u00edr al p\u00fablico<\/span><span data-editable-id=\"11\"> contando sus mejores chistes<\/span><span data-editable-id=\"12\">.<\/span><\/p>\n<p style=\"text-align: justify\"><span data-editable-id=\"13\">Este programa ha logrado fusionar la competitividad con la comedia de una manera \u00fanica, generando momentos inolvidables. <\/span><span data-editable-id=\"14\">Cada episodio de \u00ab<\/span><b data-editable-id=\"15\">La Batalla del Humor<\/b><span data-editable-id=\"16\" data-editable-touched=\"1\">\u00bb presenta desde improvisaciones hilarantes hasta parodias ingeniosas y mon\u00f3logos c\u00f3micos. <\/span><\/p>\n<p style=\"text-align: justify\"><span data-editable-id=\"17\">Adem\u00e1s,<\/span><span data-editable-id=\"18\"> el programa ofrece sketches especiales <\/span><span data-editable-id=\"19\">de los distintos programas humor\u00edsticos de <\/span><b data-editable-id=\"20\">RCTV<\/b><span data-editable-id=\"21\">, que mantienen a la <\/span><span data-editable-id=\"22\">audiencia cautivada de principio a fin.<\/span><\/p>\n<p style=\"text-align: justify\"><span data-editable-id=\"23\">A lo largo de l<\/span><span data-editable-id=\"24\">os episodios<\/span><span data-editable-id=\"25\">, \u00ab<\/span><b data-editable-id=\"26\">La Batalla del Humor\u00bb<\/b><span data-editable-id=\"27\"> s<\/span><span data-editable-id=\"28\">e establece como<\/span><span data-editable-id=\"29\"> un fen\u00f3meno de la televisi\u00f3n venezolana, celebrando el talento y la creatividad de los comediantes del pa\u00eds. Con su combinaci\u00f3n \u00fanica de competencia y comedia, el programa ha dejado <\/span><span data-editable-id=\"30\">su legado inigualable de combinaci\u00f3n de ingenio, creatividad y espontaneidad que cautiva a generaciones de espectadores. <\/span><\/p>\n<p style=\"text-align: justify\"><img decoding=\"async\" loading=\"lazy\" class=\"alignnone size-full wp-image-231431\" src=\"https:\/\/www.rctvinternational.com\/wp-content\/uploads\/2020\/04\/deberias-saber-que.jpg\" alt=\"\" width=\"265\" height=\"39\" \/><\/p>\n<p style=\"text-align: justify\"><span data-editable-id=\"32\">\u00ab<\/span><b data-editable-id=\"33\">La Batalla del Humor<\/b><span data-editable-id=\"34\">\u00bb no solo <\/span><span data-editable-id=\"35\">es <\/span><span data-editable-id=\"36\">un espacio para la competencia y la risa, sin<\/span><span data-editable-id=\"37\">o<\/span><span data-editable-id=\"38\"> tambi\u00e9n un homenaje a la rica historia del humor en la televisi\u00f3n venezolana. Los presentadores no solo ofrec<\/span><span data-editable-id=\"39\">en<\/span><span data-editable-id=\"40\"> actuaciones en vivo, sino que tambi\u00e9n sorprend<\/span><span data-editable-id=\"41\">e<\/span><span data-editable-id=\"42\">n a la audiencia al incluir clips y sketches de los mejores programas de comedia de <\/span><b data-editable-id=\"43\">RCTV<\/b><span data-editable-id=\"44\">.<\/span><\/p>\n<p style=\"text-align: justify\"><span data-editable-id=\"45\">Esto significa<\/span> <span data-editable-id=\"47\">que personajes ic\u00f3nicos, creados por grandes comediantes para otros programas, tambi\u00e9n hac<\/span><span data-editable-id=\"48\">en<\/span><span data-editable-id=\"49\"> su aparici\u00f3n en \u00ab<\/span><b data-editable-id=\"50\">La Batalla del Humor<\/b><span data-editable-id=\"51\">\u00ab. Este gesto no solo r<\/span><span data-editable-id=\"52\">inde<\/span><span data-editable-id=\"53\"> tributo a la brillantez de esos personajes, sino que tambi\u00e9n celebra la diversidad y el ingenio del humor venezolano a lo largo de los a\u00f1os<\/span><span data-editable-id=\"54\">.<\/span><\/p>\n<p style=\"text-align: justify\" data-editable-id=\"55\">.<\/p>","protected":false},"featured_media":235992,"template":"","meta":{"_et_pb_use_builder":"","_et_pb_old_content":"","_et_gb_content_width":""},"product_cat":[25],"product_tag":[1184,1193,524,669,1248,1247,1249,1250],"acf":[],"_links":{"self":[{"href":"http:\/\/3.144.191.25\/en\/wp-json\/wp\/v2\/product\/235916"}],"collection":[{"href":"http:\/\/3.144.191.25\/en\/wp-json\/wp\/v2\/product"}],"about":[{"href":"http:\/\/3.144.191.25\/en\/wp-json\/wp\/v2\/types\/product"}],"wp:featuredmedia":[{"embeddable":true,"href":"http:\/\/3.144.191.25\/en\/wp-json\/wp\/v2\/media\/235992"}],"wp:attachment":[{"href":"http:\/\/3.144.191.25\/en\/wp-json\/wp\/v2\/media?parent=235916"}],"wp:term":[{"taxonomy":"product_cat","embeddable":true,"href":"http:\/\/3.144.191.25\/en\/wp-json\/wp\/v2\/product_cat?post=235916"},{"taxonomy":"product_tag","embeddable":true,"href":"http:\/\/3.144.191.25\/en\/wp-json\/wp\/v2\/product_tag?post=235916"}],"curies":[{"name":"wp","href":"https:\/\/api.w.org\/{rel}","templated":true}]}}