{"id":235918,"date":"2024-07-10T19:29:14","date_gmt":"2024-07-10T19:29:14","guid":{"rendered":"https:\/\/www.rctvinternational.com\/?post_type=product&#038;p=235918"},"modified":"2025-03-25T18:35:10","modified_gmt":"2025-03-25T18:35:10","slug":"cita-con-las-estrellas","status":"publish","type":"product","link":"http:\/\/3.144.191.25\/en\/product\/cita-con-las-estrellas\/","title":{"rendered":"Cita Con Las Estrellas"},"content":{"rendered":"<div style=\"width: 100%; min-height: 1px;\" id=\"vimeo-wc-video-6a0221d73d327\" data-js=\"vimeo-wc-video\" data-atts=\"{&quot;autopause&quot;:&quot;true&quot;,&quot;autoplay&quot;:false,&quot;background&quot;:false,&quot;byline&quot;:&quot;true&quot;,&quot;color&quot;:&quot;none&quot;,&quot;controls&quot;:&quot;true&quot;,&quot;dnt&quot;:&quot;true&quot;,&quot;height&quot;:&quot;none&quot;,&quot;id&quot;:false,&quot;loop&quot;:false,&quot;maxheight&quot;:&quot;none&quot;,&quot;maxwidth&quot;:&quot;none&quot;,&quot;muted&quot;:false,&quot;pip&quot;:false,&quot;playsinline&quot;:&quot;true&quot;,&quot;portrait&quot;:&quot;true&quot;,&quot;quality&quot;:&quot;auto&quot;,&quot;responsive&quot;:&quot;true&quot;,&quot;speed&quot;:false,&quot;texttrack&quot;:&quot;none&quot;,&quot;title&quot;:&quot;true&quot;,&quot;transparent&quot;:true,&quot;url&quot;:&quot;https:\\\/\\\/vimeo.com\\\/927618671&quot;,&quot;width&quot;:&quot;none&quot;}\"><\/div>","protected":false},"excerpt":{"rendered":"<p><img decoding=\"async\" loading=\"lazy\" class=\"alignnone size-medium wp-image-236062\" src=\"https:\/\/www.rctvinternational.com\/wp-content\/uploads\/2024\/07\/CITA-CON-LAS-ESTRELLAS-CLAQUETA-52-225x300.png\" alt=\"\" width=\"225\" height=\"300\" \/><\/p>\n<p><img decoding=\"async\" loading=\"lazy\" class=\"alignnone size-full wp-image-232350\" src=\"https:\/\/www.rctvinternational.com\/wp-content\/uploads\/2020\/10\/Sinopsis.png\" alt=\"\" width=\"125\" height=\"57\" \/><\/p>\n<p style=\"text-align: justify;\">Cada episodio de \u201cCita con las Estrellas\u201d es una invitaci\u00f3n a sumergirse en la vida y la carrera de los famosos, a trav\u00e9s de entrevistas \u00edntimas y reveladoras. Desde reconocidos actores hasta talentosos m\u00fasicos, pasando por figuras del deporte y de la moda, el programa brinda un acceso exclusivo a las personalidades m\u00e1s influyentes del momento.<\/p>\n<p style=\"text-align: justify;\">\u201cCita con las Estrellas\u201d es un programa emblem\u00e1tico de la televisi\u00f3n venezolana que ha sido conducido a lo largo de los a\u00f1os por destacadas presentadoras como Eyla Adri\u00e1n, Erika Corrales y Patricia Fuenmayor.<\/p>\n<p style=\"text-align: justify;\">\u201cCita con las Estrellas\u201d ofrece una mirada cercana a las historias detr\u00e1s de los rostros famosos, revelando sus sue\u00f1os, desaf\u00edos y momentos m\u00e1s memorables. Adem\u00e1s de las entrevistas, el programa presenta segmentos especiales que exploran la trayectoria y el legado de las estrellas invitadas, as\u00ed como su impacto en la cultura popular.<\/p>\n<p style=\"text-align: justify;\"><img decoding=\"async\" loading=\"lazy\" class=\"alignnone size-full wp-image-231431\" src=\"https:\/\/www.rctvinternational.com\/wp-content\/uploads\/2020\/04\/deberias-saber-que.jpg\" alt=\"\" width=\"265\" height=\"39\" \/><\/p>\n<p style=\"text-align: justify;\">\u201cCita con las Estrellas\u201d se destac\u00f3 por traer a la pantalla televisiva venezolana entrevistas exclusivas y profundas con las celebridades m\u00e1s influyentes del pa\u00eds y del mundo. Este enfoque \u00fanico permiti\u00f3 a la audiencia conocer de cerca a sus \u00eddolos y figuras admiradas, creando una conexi\u00f3n m\u00e1s profunda entre las estrellas y sus seguidores, y consolidando as\u00ed el programa como un referente en la televisi\u00f3n.<\/p>","protected":false},"featured_media":235984,"template":"","meta":{"_et_pb_use_builder":"","_et_pb_old_content":"","_et_gb_content_width":""},"product_cat":[25],"product_tag":[],"acf":[],"_links":{"self":[{"href":"http:\/\/3.144.191.25\/en\/wp-json\/wp\/v2\/product\/235918"}],"collection":[{"href":"http:\/\/3.144.191.25\/en\/wp-json\/wp\/v2\/product"}],"about":[{"href":"http:\/\/3.144.191.25\/en\/wp-json\/wp\/v2\/types\/product"}],"wp:featuredmedia":[{"embeddable":true,"href":"http:\/\/3.144.191.25\/en\/wp-json\/wp\/v2\/media\/235984"}],"wp:attachment":[{"href":"http:\/\/3.144.191.25\/en\/wp-json\/wp\/v2\/media?parent=235918"}],"wp:term":[{"taxonomy":"product_cat","embeddable":true,"href":"http:\/\/3.144.191.25\/en\/wp-json\/wp\/v2\/product_cat?post=235918"},{"taxonomy":"product_tag","embeddable":true,"href":"http:\/\/3.144.191.25\/en\/wp-json\/wp\/v2\/product_tag?post=235918"}],"curies":[{"name":"wp","href":"https:\/\/api.w.org\/{rel}","templated":true}]}}