{"id":235919,"date":"2024-07-11T13:56:33","date_gmt":"2024-07-11T13:56:33","guid":{"rendered":"https:\/\/www.rctvinternational.com\/?post_type=product&#038;p=235919"},"modified":"2024-07-11T16:30:15","modified_gmt":"2024-07-11T16:30:15","slug":"humor-a-primera-vista","status":"publish","type":"product","link":"http:\/\/3.144.191.25\/en\/product\/humor-a-primera-vista\/","title":{"rendered":"Humor a Primera Vista"},"content":{"rendered":"<div style=\"width: 100%; min-height: 1px;\" id=\"vimeo-wc-video-6a020b5728409\" data-js=\"vimeo-wc-video\" data-atts=\"{&quot;autopause&quot;:&quot;true&quot;,&quot;autoplay&quot;:false,&quot;background&quot;:false,&quot;byline&quot;:&quot;true&quot;,&quot;color&quot;:&quot;none&quot;,&quot;controls&quot;:&quot;true&quot;,&quot;dnt&quot;:&quot;true&quot;,&quot;height&quot;:&quot;none&quot;,&quot;id&quot;:false,&quot;loop&quot;:false,&quot;maxheight&quot;:&quot;none&quot;,&quot;maxwidth&quot;:&quot;none&quot;,&quot;muted&quot;:false,&quot;pip&quot;:false,&quot;playsinline&quot;:&quot;true&quot;,&quot;portrait&quot;:&quot;true&quot;,&quot;quality&quot;:&quot;auto&quot;,&quot;responsive&quot;:&quot;true&quot;,&quot;speed&quot;:false,&quot;texttrack&quot;:&quot;none&quot;,&quot;title&quot;:&quot;true&quot;,&quot;transparent&quot;:true,&quot;url&quot;:&quot;https:\\\/\\\/vimeo.com\\\/908470668&quot;,&quot;width&quot;:&quot;none&quot;}\"><\/div>","protected":false},"excerpt":{"rendered":"<p><img decoding=\"async\" loading=\"lazy\" class=\"alignnone size-medium wp-image-236092\" src=\"https:\/\/www.rctvinternational.com\/wp-content\/uploads\/2024\/07\/HUMOR-A-PRIMERA-VISTA-CLAQUETA-50-50-225x300.png\" alt=\"\" width=\"225\" height=\"300\" \/><\/p>\n<p><img decoding=\"async\" loading=\"lazy\" class=\"alignnone size-full wp-image-232350\" src=\"https:\/\/www.rctvinternational.com\/wp-content\/uploads\/2020\/10\/Sinopsis.png\" alt=\"\" width=\"125\" height=\"57\" \/><\/p>\n<p style=\"text-align: justify\">En <strong>\u2018Humor a Primera Vista\u2019<\/strong>, el ingenio y la comedia se unen para ofrecer una experiencia audiovisual llena de diversi\u00f3n. Una fusi\u00f3n de sketches, parodias y mon\u00f3logos que capturan la esencia del humor con una mirada fresca y original.<\/p>\n<p style=\"text-align: justify\">Con <strong>Emilio Lovera y Laureano M\u00e1rquez<\/strong> liderando un talentoso elenco, el programa explora desde las peculiaridades urbanas hasta las m\u00e1s ins\u00f3litas relaciones humanas, garantizando diversi\u00f3n para toda la familia. Adem\u00e1s, se destaca por su ingenio al tratar temas de actualidad con un toque de humor, proporcionando una experiencia televisiva completa y gratificante.<\/p>\n<p style=\"text-align: justify\">La habilidad del elenco para transformar las situaciones cotidianas en fuente de humor es incomparable, y la presencia de personajes extravagantes y contextos c\u00f3micos enriquece cada episodio. \u201cHumor a Primera Vista\u201d no solo entretiene, sino que tambi\u00e9n refleja la realidad social con un toque de s\u00e1tira y una perspectiva que invita a la reflexi\u00f3n.<\/p>\n<p style=\"text-align: justify\"><img decoding=\"async\" loading=\"lazy\" class=\"alignnone size-full wp-image-231431\" src=\"https:\/\/www.rctvinternational.com\/wp-content\/uploads\/2020\/04\/deberias-saber-que.jpg\" alt=\"\" width=\"265\" height=\"39\" \/><\/p>\n<p style=\"text-align: justify\">Laureano M\u00e1rquez, famoso por su trabajo en <strong>Radio Rochela<\/strong>, inici\u00f3 una nueva etapa en su carrera al unirse a \u201c<strong>Humor a Primera Vista<\/strong>\u201d con Emilio Lovera. Juntos, han creado sketches y personajes memorables, algunos de los cuales, como \u201cPerolito y Escarlata\u201d, han tenido tanto \u00e9xito que fueron integrados en La Radio Rochela, con Norah Su\u00e1rez dando vida a Escarlata, convirti\u00e9ndose en un cl\u00e1sico para el humor venezolano.<\/p>","protected":false},"featured_media":235980,"template":"","meta":{"_et_pb_use_builder":"","_et_pb_old_content":"","_et_gb_content_width":""},"product_cat":[25],"product_tag":[1184,1252,1193,669,563,1253,1251,1247,1249],"acf":[],"_links":{"self":[{"href":"http:\/\/3.144.191.25\/en\/wp-json\/wp\/v2\/product\/235919"}],"collection":[{"href":"http:\/\/3.144.191.25\/en\/wp-json\/wp\/v2\/product"}],"about":[{"href":"http:\/\/3.144.191.25\/en\/wp-json\/wp\/v2\/types\/product"}],"wp:featuredmedia":[{"embeddable":true,"href":"http:\/\/3.144.191.25\/en\/wp-json\/wp\/v2\/media\/235980"}],"wp:attachment":[{"href":"http:\/\/3.144.191.25\/en\/wp-json\/wp\/v2\/media?parent=235919"}],"wp:term":[{"taxonomy":"product_cat","embeddable":true,"href":"http:\/\/3.144.191.25\/en\/wp-json\/wp\/v2\/product_cat?post=235919"},{"taxonomy":"product_tag","embeddable":true,"href":"http:\/\/3.144.191.25\/en\/wp-json\/wp\/v2\/product_tag?post=235919"}],"curies":[{"name":"wp","href":"https:\/\/api.w.org\/{rel}","templated":true}]}}