{"id":235922,"date":"2024-07-11T21:33:02","date_gmt":"2024-07-11T21:33:02","guid":{"rendered":"https:\/\/www.rctvinternational.com\/?post_type=product&#038;p=235922"},"modified":"2024-07-12T12:48:11","modified_gmt":"2024-07-12T12:48:11","slug":"angustia","status":"publish","type":"product","link":"http:\/\/3.144.191.25\/en\/product\/angustia\/","title":{"rendered":"Angustia"},"content":{"rendered":"<div style=\"width: 100%; min-height: 1px;\" id=\"vimeo-wc-video-6a021e0eaebf7\" data-js=\"vimeo-wc-video\" data-atts=\"{&quot;autopause&quot;:&quot;true&quot;,&quot;autoplay&quot;:false,&quot;background&quot;:false,&quot;byline&quot;:&quot;true&quot;,&quot;color&quot;:&quot;none&quot;,&quot;controls&quot;:&quot;true&quot;,&quot;dnt&quot;:&quot;true&quot;,&quot;height&quot;:&quot;none&quot;,&quot;id&quot;:false,&quot;loop&quot;:false,&quot;maxheight&quot;:&quot;none&quot;,&quot;maxwidth&quot;:&quot;none&quot;,&quot;muted&quot;:false,&quot;pip&quot;:false,&quot;playsinline&quot;:&quot;true&quot;,&quot;portrait&quot;:&quot;true&quot;,&quot;quality&quot;:&quot;auto&quot;,&quot;responsive&quot;:&quot;true&quot;,&quot;speed&quot;:false,&quot;texttrack&quot;:&quot;none&quot;,&quot;title&quot;:&quot;true&quot;,&quot;transparent&quot;:true,&quot;url&quot;:&quot;https:\\\/\\\/vimeo.com\\\/968098337&quot;,&quot;width&quot;:&quot;none&quot;}\"><\/div>","protected":false},"excerpt":{"rendered":"<p><img decoding=\"async\" loading=\"lazy\" class=\"alignnone size-medium wp-image-236158\" src=\"https:\/\/www.rctvinternational.com\/wp-content\/uploads\/2024\/07\/Angustia-11-11-267x300.png\" alt=\"\" width=\"267\" height=\"300\" \/><\/p>\n<p style=\"text-align: justify;\"><img decoding=\"async\" loading=\"lazy\" class=\"alignnone size-full wp-image-232350\" src=\"https:\/\/www.rctvinternational.com\/wp-content\/uploads\/2020\/10\/Sinopsis.png\" alt=\"\" width=\"125\" height=\"57\" \/><\/p>\n<p style=\"text-align: justify;\">Ludmila, una joven profesional del derecho, y su marido, enfrentan una situaci\u00f3n desgarradora: el secuestro de su peque\u00f1o hijo Richard. La pesadilla comienza cuando una mujer llamada Selenia, usando una identidad falsa y referencias de trabajo fraudulentas, se infiltra en la casa de Ludmila, como empleada dom\u00e9stica. Su verdadero objetivo es secuestrar a Richard, siguiendo el plan de su ambicioso marido, Marcelo. Selenia desarrolla un amor enfermizo hacia Marcelo y por eso, decide participar en el siniestro plan.<\/p>\n<p style=\"text-align: justify;\">El secuestro de Richard se lleva a cabo con precisi\u00f3n, y la familia M\u00e1rquez pronto se encuentra sumida en un torbellino de llamadas amenazantes y demandas de rescate. La polic\u00eda interviene, y durante varios d\u00edas, agentes armados y periodistas se establecen en los jardines de la residencia, compartiendo la angustia y la espera con los padres desesperados.<\/p>\n<p style=\"text-align: justify;\">Finalmente, despu\u00e9s de d\u00edas de tensi\u00f3n y desesperaci\u00f3n, Richard es rescatado, sano y salvo. Selenia y Marcelo son arrestados y llevados a prisi\u00f3n, poniendo fin a la terrible experiencia que hab\u00eda sumido a la familia en una profunda angustia.<\/p>\n<h3 style=\"text-align: justify;\"><img decoding=\"async\" loading=\"lazy\" class=\"alignnone size-full wp-image-231431\" src=\"https:\/\/www.rctvinternational.com\/wp-content\/uploads\/2020\/04\/deberias-saber-que.jpg\" alt=\"\" width=\"265\" height=\"39\" \/><\/h3>\n<p style=\"text-align: justify;\"><strong> \u2018 Angustia\u2019<\/strong>\u00a0destaca no solo por su intensa narrativa basada en un caso real, sino tambi\u00e9n por las poderosas interpretaciones de su elenco principal. Maricarmen Regueiro es una apreciada actriz conocida por su participaci\u00f3n en telenovelas como <strong>\u2018Se\u00f1ora<\/strong>\u2019, \u2018<strong>La Intrusa<\/strong>\u2019, \u2018<strong>Betrayed (El Desprecio)<\/strong>\u2019 y \u2018<strong>Carissima\u2019<\/strong>. Este es el \u00fanico unitario realizado en su carrera, lo cual gener\u00f3 gran entusiasmo entre la audiencia desde el estreno de la producci\u00f3n. Adem\u00e1s, la qu\u00edmica en pantalla entre Maricarmen Regueiro y Carlos C\u00e1mara, una pareja de actores adorada por el p\u00fablico, a\u00f1adi\u00f3 un atractivo adicional a la producci\u00f3n, asegurando su \u00e9xito.<\/p>","protected":false},"featured_media":236016,"template":"","meta":{"_et_pb_use_builder":"","_et_pb_old_content":"","_et_gb_content_width":""},"product_cat":[24,15],"product_tag":[1198,1199,242,1201,1202,727,1200],"acf":[],"_links":{"self":[{"href":"http:\/\/3.144.191.25\/en\/wp-json\/wp\/v2\/product\/235922"}],"collection":[{"href":"http:\/\/3.144.191.25\/en\/wp-json\/wp\/v2\/product"}],"about":[{"href":"http:\/\/3.144.191.25\/en\/wp-json\/wp\/v2\/types\/product"}],"wp:featuredmedia":[{"embeddable":true,"href":"http:\/\/3.144.191.25\/en\/wp-json\/wp\/v2\/media\/236016"}],"wp:attachment":[{"href":"http:\/\/3.144.191.25\/en\/wp-json\/wp\/v2\/media?parent=235922"}],"wp:term":[{"taxonomy":"product_cat","embeddable":true,"href":"http:\/\/3.144.191.25\/en\/wp-json\/wp\/v2\/product_cat?post=235922"},{"taxonomy":"product_tag","embeddable":true,"href":"http:\/\/3.144.191.25\/en\/wp-json\/wp\/v2\/product_tag?post=235922"}],"curies":[{"name":"wp","href":"https:\/\/api.w.org\/{rel}","templated":true}]}}