{"id":235925,"date":"2024-07-11T21:28:20","date_gmt":"2024-07-11T21:28:20","guid":{"rendered":"https:\/\/www.rctvinternational.com\/?post_type=product&#038;p=235925"},"modified":"2024-07-12T12:48:02","modified_gmt":"2024-07-12T12:48:02","slug":"amor-o-carcel","status":"publish","type":"product","link":"http:\/\/3.144.191.25\/en\/product\/amor-o-carcel\/","title":{"rendered":"Amor o C\u00e1rcel"},"content":{"rendered":"<div style=\"width: 100%; min-height: 1px;\" id=\"vimeo-wc-video-6a021e100b7eb\" data-js=\"vimeo-wc-video\" data-atts=\"{&quot;autopause&quot;:&quot;true&quot;,&quot;autoplay&quot;:false,&quot;background&quot;:false,&quot;byline&quot;:&quot;true&quot;,&quot;color&quot;:&quot;none&quot;,&quot;controls&quot;:&quot;true&quot;,&quot;dnt&quot;:&quot;true&quot;,&quot;height&quot;:&quot;none&quot;,&quot;id&quot;:false,&quot;loop&quot;:false,&quot;maxheight&quot;:&quot;none&quot;,&quot;maxwidth&quot;:&quot;none&quot;,&quot;muted&quot;:false,&quot;pip&quot;:false,&quot;playsinline&quot;:&quot;true&quot;,&quot;portrait&quot;:&quot;true&quot;,&quot;quality&quot;:&quot;auto&quot;,&quot;responsive&quot;:&quot;true&quot;,&quot;speed&quot;:false,&quot;texttrack&quot;:&quot;none&quot;,&quot;title&quot;:&quot;true&quot;,&quot;transparent&quot;:true,&quot;url&quot;:&quot;https:\\\/\\\/vimeo.com\\\/968092872&quot;,&quot;width&quot;:&quot;none&quot;}\"><\/div>","protected":false},"excerpt":{"rendered":"<p><img decoding=\"async\" loading=\"lazy\" class=\"alignnone size-medium wp-image-236157\" src=\"https:\/\/www.rctvinternational.com\/wp-content\/uploads\/2024\/07\/Amor-o-Carcel-10-10-267x300.png\" alt=\"\" width=\"267\" height=\"300\" \/><\/p>\n<p style=\"text-align: justify;\"><img decoding=\"async\" loading=\"lazy\" class=\"alignnone size-full wp-image-232350\" src=\"https:\/\/www.rctvinternational.com\/wp-content\/uploads\/2020\/10\/Sinopsis.png\" alt=\"\" width=\"125\" height=\"57\" \/><\/p>\n<p style=\"text-align: justify;\">Una mujer profundamente enamorada enfrenta una dura prueba. La protagonista es arrestada por la tenencia de sustancias ilegales y, pese a los consejos insistentes de su defensora, elige enfrentar el encierro en lugar de delatar al verdadero culpable: su marido.<\/p>\n<p style=\"text-align: justify;\">Una mujer profundamente enamorada enfrenta una dura prueba: es arrestada por la tenencia de sustancias ilegales y, pese a los consejos insistentes de su defensora, elige enfrentar el encierro en lugar de delatar al verdadero culpable, su marido.<\/p>\n<p style=\"text-align: justify;\">Ella se aferra a su amor a pesar de las consecuencias devastadoras para su propia vida. La decisi\u00f3n de proteger a su marido, aun cuando esto significa sacrificar su libertad, la lleva a experimentar una mezcla de amor, dependencia y desesperaci\u00f3n. En el transcurso de su encarcelamiento, enfrenta los desaf\u00edos de la vida tras las rejas, luchando con su conciencia y la presi\u00f3n externa para que revele la verdad.<\/p>\n<p style=\"text-align: justify;\">Finalmente, los v\u00ednculos emocionales y las decisiones dif\u00edciles que surgen en su vida de le hacen vivir en situaciones extremas, plante\u00e1ndose preguntas sobre la moralidad, el sacrificio y el verdadero significado del amor.<\/p>\n<p style=\"text-align: justify;\"><img decoding=\"async\" loading=\"lazy\" class=\"alignnone size-full wp-image-231431\" src=\"https:\/\/www.rctvinternational.com\/wp-content\/uploads\/2020\/04\/deberias-saber-que.jpg\" alt=\"\" width=\"265\" height=\"39\" \/><\/p>\n<p style=\"text-align: justify;\">La actriz que interpreta a nuestra protagonista, Caridad Canel\u00f3n, es una de las artistas de televisi\u00f3n m\u00e1s apreciadas en Latinoam\u00e9rica. Su interpretaci\u00f3n captura perfectamente la angustia y la fortaleza de una mujer atrapada entre su amor y su libertad.<\/p>","protected":false},"featured_media":236075,"template":"","meta":{"_et_pb_use_builder":"","_et_pb_old_content":"","_et_gb_content_width":""},"product_cat":[24],"product_tag":[1207,269,1205,1203,745,1204,583,1206],"acf":[],"_links":{"self":[{"href":"http:\/\/3.144.191.25\/en\/wp-json\/wp\/v2\/product\/235925"}],"collection":[{"href":"http:\/\/3.144.191.25\/en\/wp-json\/wp\/v2\/product"}],"about":[{"href":"http:\/\/3.144.191.25\/en\/wp-json\/wp\/v2\/types\/product"}],"wp:featuredmedia":[{"embeddable":true,"href":"http:\/\/3.144.191.25\/en\/wp-json\/wp\/v2\/media\/236075"}],"wp:attachment":[{"href":"http:\/\/3.144.191.25\/en\/wp-json\/wp\/v2\/media?parent=235925"}],"wp:term":[{"taxonomy":"product_cat","embeddable":true,"href":"http:\/\/3.144.191.25\/en\/wp-json\/wp\/v2\/product_cat?post=235925"},{"taxonomy":"product_tag","embeddable":true,"href":"http:\/\/3.144.191.25\/en\/wp-json\/wp\/v2\/product_tag?post=235925"}],"curies":[{"name":"wp","href":"https:\/\/api.w.org\/{rel}","templated":true}]}}