{"id":235927,"date":"2024-07-11T21:15:21","date_gmt":"2024-07-11T21:15:21","guid":{"rendered":"https:\/\/www.rctvinternational.com\/?post_type=product&#038;p=235927"},"modified":"2024-07-12T12:54:43","modified_gmt":"2024-07-12T12:54:43","slug":"buscando-a-david","status":"publish","type":"product","link":"http:\/\/3.144.191.25\/en\/product\/buscando-a-david\/","title":{"rendered":"Buscando a David"},"content":{"rendered":"<div style=\"width: 100%; min-height: 1px;\" id=\"vimeo-wc-video-6a021e0de02ec\" data-js=\"vimeo-wc-video\" data-atts=\"{&quot;autopause&quot;:&quot;true&quot;,&quot;autoplay&quot;:false,&quot;background&quot;:false,&quot;byline&quot;:&quot;true&quot;,&quot;color&quot;:&quot;none&quot;,&quot;controls&quot;:&quot;true&quot;,&quot;dnt&quot;:&quot;true&quot;,&quot;height&quot;:&quot;none&quot;,&quot;id&quot;:false,&quot;loop&quot;:false,&quot;maxheight&quot;:&quot;none&quot;,&quot;maxwidth&quot;:&quot;none&quot;,&quot;muted&quot;:false,&quot;pip&quot;:false,&quot;playsinline&quot;:&quot;true&quot;,&quot;portrait&quot;:&quot;true&quot;,&quot;quality&quot;:&quot;auto&quot;,&quot;responsive&quot;:&quot;true&quot;,&quot;speed&quot;:false,&quot;texttrack&quot;:&quot;none&quot;,&quot;title&quot;:&quot;true&quot;,&quot;transparent&quot;:true,&quot;url&quot;:&quot;https:\\\/\\\/vimeo.com\\\/930394352&quot;,&quot;width&quot;:&quot;none&quot;}\"><\/div>","protected":false},"excerpt":{"rendered":"<p><img decoding=\"async\" loading=\"lazy\" class=\"alignnone size-medium wp-image-236153\" src=\"https:\/\/www.rctvinternational.com\/wp-content\/uploads\/2024\/07\/Buscando-a-David-14-14-267x300.png\" alt=\"\" width=\"267\" height=\"300\" \/><\/p>\n<p><img decoding=\"async\" loading=\"lazy\" class=\"alignnone size-full wp-image-232350\" src=\"https:\/\/www.rctvinternational.com\/wp-content\/uploads\/2020\/10\/Sinopsis.png\" alt=\"\" width=\"125\" height=\"57\" \/><\/p>\n<p style=\"text-align: justify;\">Una madre comienza una desesperada y desgarradora b\u00fasqueda, su hijo ha sido secuestrado un d\u00eda aparentemente perfecto en un parque de diversiones. El peque\u00f1o David y su madre disfrutaban de una serie de juegos y atracciones. Sin embargo, la alegr\u00eda se transforma en pesadilla cuando, al bajar del \u00faltimo juego, David es secuestrado por una mujer que forma parte de una peligrosa red de secuestradores de ni\u00f1os.<\/p>\n<p style=\"text-align: justify;\">La madre de David, consumida por la angustia y la desesperaci\u00f3n, inicia los fren\u00e9ticos intentos para encontrar a su hijo. Enfrenta innumerables obst\u00e1culos y peligros, pero su determinaci\u00f3n no conoce l\u00edmites. Su implacable lucha es contra el tiempo y la incertidumbre, mientras tanto, las autoridades intentan encontrar a los responsables del plagio.<\/p>\n<p style=\"text-align: justify;\">La madre de David, impulsada por el poderoso amor materno y su inquebrantable fuerza, se dispone a hacer lo que sea necesario para recuperar a su hijo. Finalmente, la esperanza de recuperar a su hijo lleva a la determinada mujer a las \u00faltimas consecuencias y la valent\u00eda trae la recompensa anhelada.<\/p>\n<h3 style=\"text-align: justify;\"><img decoding=\"async\" loading=\"lazy\" class=\"alignnone size-full wp-image-231431\" src=\"https:\/\/www.rctvinternational.com\/wp-content\/uploads\/2020\/04\/deberias-saber-que.jpg\" alt=\"\" width=\"265\" height=\"39\" \/><\/h3>\n<p style=\"text-align: justify;\"><strong>&#8216;Buscando a David&#8217;<\/strong> destaca no solo por su trama que pone en relieve temas importantes como el tr\u00e1fico de menores y la resiliencia humana, ofreciendo una experiencia cinematogr\u00e1fica que conmueve; sino tambi\u00e9n su poderoso elenco, especialmente la actriz principal <strong>Victoria Robert<\/strong>, cuya fuerza actoral la llev\u00f3 a participar en numerosos \u00e9xitos de la televisi\u00f3n. Este drama ofrece no solo entretenimiento, sino tambi\u00e9n una profunda reflexi\u00f3n sobre la importancia de la familia y la lucha incansable por la justicia.<\/p>","protected":false},"featured_media":235972,"template":"","meta":{"_et_pb_use_builder":"","_et_pb_old_content":"","_et_gb_content_width":""},"product_cat":[24],"product_tag":[1213,1205,1212,727,1152,745,1214,1215,1216],"acf":[],"_links":{"self":[{"href":"http:\/\/3.144.191.25\/en\/wp-json\/wp\/v2\/product\/235927"}],"collection":[{"href":"http:\/\/3.144.191.25\/en\/wp-json\/wp\/v2\/product"}],"about":[{"href":"http:\/\/3.144.191.25\/en\/wp-json\/wp\/v2\/types\/product"}],"wp:featuredmedia":[{"embeddable":true,"href":"http:\/\/3.144.191.25\/en\/wp-json\/wp\/v2\/media\/235972"}],"wp:attachment":[{"href":"http:\/\/3.144.191.25\/en\/wp-json\/wp\/v2\/media?parent=235927"}],"wp:term":[{"taxonomy":"product_cat","embeddable":true,"href":"http:\/\/3.144.191.25\/en\/wp-json\/wp\/v2\/product_cat?post=235927"},{"taxonomy":"product_tag","embeddable":true,"href":"http:\/\/3.144.191.25\/en\/wp-json\/wp\/v2\/product_tag?post=235927"}],"curies":[{"name":"wp","href":"https:\/\/api.w.org\/{rel}","templated":true}]}}