{"id":235954,"date":"2024-07-11T21:07:27","date_gmt":"2024-07-11T21:07:27","guid":{"rendered":"https:\/\/www.rctvinternational.com\/?post_type=product&#038;p=235954"},"modified":"2024-07-12T12:59:34","modified_gmt":"2024-07-12T12:59:34","slug":"doble-vida","status":"publish","type":"product","link":"http:\/\/3.144.191.25\/en\/product\/doble-vida\/","title":{"rendered":"Doble Vida"},"content":{"rendered":"","protected":false},"excerpt":{"rendered":"<p style=\"text-align: justify;\"><img decoding=\"async\" loading=\"lazy\" class=\"alignnone size-medium wp-image-236149\" src=\"https:\/\/www.rctvinternational.com\/wp-content\/uploads\/2024\/07\/Doble-vida-15-15-1-267x300.png\" alt=\"\" width=\"267\" height=\"300\" \/><\/p>\n<p style=\"text-align: justify;\"><img decoding=\"async\" loading=\"lazy\" class=\"alignnone size-full wp-image-232350\" src=\"https:\/\/www.rctvinternational.com\/wp-content\/uploads\/2020\/10\/Sinopsis.png\" alt=\"\" width=\"125\" height=\"57\" \/><\/p>\n<p style=\"text-align: justify;\">Cecilia (<strong>Eileen Abad<\/strong>) y Beto (<strong>Ricardo Bianchi<\/strong>) descubren que su amor puede estar marcado por un oscuro secreto del pasado. Cecilia, una chica humilde, estudiosa y de esp\u00edritu libre, y Beto, un joven apasionado, carism\u00e1tico y sensible, se conocen en un restaurante cuando ella est\u00e1 vestida de hamburguesa. A partir de este peculiar y divertido encuentro, desarrollan una conexi\u00f3n especial que con el tiempo se transforma en un amor profundo y sincero.<\/p>\n<p style=\"text-align: justify;\">Sin embargo, su felicidad se ve amenazada cuando empiezan a surgir conjeturas sobre un posible v\u00ednculo familiar entre ellos. En el coraz\u00f3n de estas suposiciones est\u00e1n los misterios y secretos de sus padres, Cosme y Carmen. Durante una visita a la casa de Cecilia, Beto descubre que su padre tiene otra familia, lo que lo desilusiona profundamente. Frustrado y confundido, decide alejarse de su joven amada.<\/p>\n<p style=\"text-align: justify;\">Ante la situaci\u00f3n, Beto se enfrenta a su padre, quien le hace revelaciones impactantes sobre la doble vida que lleva. Cada detalle es una evidencia de la dolorosa realidad: el amor entre Beto y Cecilia est\u00e1 condenado. Sin mencionarle nada a Cecilia, Beto la abandona, dej\u00e1ndola llena de dudas, desesperanza y angustia.<\/p>\n<p style=\"text-align: justify;\">La situaci\u00f3n se complica a\u00fan m\u00e1s con la intervenci\u00f3n de sus madres, quienes guardan secretos y culpas que han intentado ocultar durante a\u00f1os. En una b\u00fasqueda desesperada por evitar que los j\u00f3venes contin\u00faen su romance prohibido, la madre de Cecilia revela la verdad a la madre de Beto, decidida a destruir cualquier posibilidad de que consumen su amor.<\/p>\n<p style=\"text-align: justify;\">S\u00fabitamente, Cecilia descubre que est\u00e1 embarazada de Beto. Desesperada, busca al joven y le comunica su situaci\u00f3n. Decidida a no tener al hijo, se dirige a una cl\u00ednica para realizarse una intervenci\u00f3n quir\u00fargica y terminar el embarazo.<\/p>\n<p style=\"text-align: justify;\">Al final, la madre de Beto se enfrenta a la decisi\u00f3n de revelar una pieza crucial de informaci\u00f3n a su esposo Cosme sobre el verdadero origen de su hijo. En un giro inesperado, esta revelaci\u00f3n ofrece a los j\u00f3venes la oportunidad que so\u00f1aban, sin tener que renunciar a su relaci\u00f3n.<\/p>\n<h3 style=\"text-align: justify;\"><img decoding=\"async\" loading=\"lazy\" class=\"alignnone size-full wp-image-231431\" src=\"https:\/\/www.rctvinternational.com\/wp-content\/uploads\/2020\/04\/deberias-saber-que.jpg\" alt=\"\" width=\"265\" height=\"39\" \/><\/h3>\n<p style=\"text-align: justify;\">\u2018<strong>Doble Vida<\/strong>\u2019 es una producci\u00f3n ic\u00f3nica de <strong>RCTV<\/strong> que destaca no solo por su trama envolvente, sino tambi\u00e9n por el talento de su elenco. Flor Elena Gonz\u00e1lez destaca en \u00e9xitos como <strong>\u2018Juana la virgen<\/strong>\u2019, \u2018<strong>Natalia de 8 a 9\u2019<\/strong> y \u2018<strong>Mujer con pantalones<\/strong>\u2019 y Pedro Dur\u00e1n, primer actor de la \u00e9poca de oro de la televisi\u00f3n venezolana, es conocido por sus brillantes actuaciones en diversas producciones como \u2018<strong>Pobre Negro<\/strong>\u2019.<\/p>\n<p style=\"text-align: justify;\">","protected":false},"featured_media":235968,"template":"","meta":{"_et_pb_use_builder":"","_et_pb_old_content":"","_et_gb_content_width":""},"product_cat":[24],"product_tag":[1222,1223,1224,1225,727,1226,745],"acf":[],"_links":{"self":[{"href":"http:\/\/3.144.191.25\/en\/wp-json\/wp\/v2\/product\/235954"}],"collection":[{"href":"http:\/\/3.144.191.25\/en\/wp-json\/wp\/v2\/product"}],"about":[{"href":"http:\/\/3.144.191.25\/en\/wp-json\/wp\/v2\/types\/product"}],"wp:featuredmedia":[{"embeddable":true,"href":"http:\/\/3.144.191.25\/en\/wp-json\/wp\/v2\/media\/235968"}],"wp:attachment":[{"href":"http:\/\/3.144.191.25\/en\/wp-json\/wp\/v2\/media?parent=235954"}],"wp:term":[{"taxonomy":"product_cat","embeddable":true,"href":"http:\/\/3.144.191.25\/en\/wp-json\/wp\/v2\/product_cat?post=235954"},{"taxonomy":"product_tag","embeddable":true,"href":"http:\/\/3.144.191.25\/en\/wp-json\/wp\/v2\/product_tag?post=235954"}],"curies":[{"name":"wp","href":"https:\/\/api.w.org\/{rel}","templated":true}]}}