{"id":235996,"date":"2024-07-11T14:32:30","date_gmt":"2024-07-11T14:32:30","guid":{"rendered":"https:\/\/www.rctvinternational.com\/?post_type=product&#038;p=235996"},"modified":"2024-07-11T20:55:39","modified_gmt":"2024-07-11T20:55:39","slug":"volver-a-empezar","status":"publish","type":"product","link":"http:\/\/3.144.191.25\/en\/product\/volver-a-empezar\/","title":{"rendered":"Volver a Empezar"},"content":{"rendered":"<div style=\"width: 100%; min-height: 1px;\" id=\"vimeo-wc-video-6a022fc123db0\" data-js=\"vimeo-wc-video\" data-atts=\"{&quot;autopause&quot;:&quot;true&quot;,&quot;autoplay&quot;:false,&quot;background&quot;:false,&quot;byline&quot;:&quot;true&quot;,&quot;color&quot;:&quot;none&quot;,&quot;controls&quot;:&quot;true&quot;,&quot;dnt&quot;:&quot;true&quot;,&quot;height&quot;:&quot;none&quot;,&quot;id&quot;:false,&quot;loop&quot;:false,&quot;maxheight&quot;:&quot;none&quot;,&quot;maxwidth&quot;:&quot;none&quot;,&quot;muted&quot;:false,&quot;pip&quot;:false,&quot;playsinline&quot;:&quot;true&quot;,&quot;portrait&quot;:&quot;true&quot;,&quot;quality&quot;:&quot;auto&quot;,&quot;responsive&quot;:&quot;true&quot;,&quot;speed&quot;:false,&quot;texttrack&quot;:&quot;none&quot;,&quot;title&quot;:&quot;true&quot;,&quot;transparent&quot;:true,&quot;url&quot;:&quot;https:\\\/\\\/vimeo.com\\\/968339002&quot;,&quot;width&quot;:&quot;none&quot;}\"><\/div>","protected":false},"excerpt":{"rendered":"<p style=\"text-align: justify;\"><img decoding=\"async\" loading=\"lazy\" class=\"alignnone size-medium wp-image-236142\" src=\"https:\/\/www.rctvinternational.com\/wp-content\/uploads\/2024\/07\/Volver-a-empezar-2024-06-267x300.png\" alt=\"\" width=\"267\" height=\"300\" \/><\/p>\n<p style=\"text-align: justify;\"><img decoding=\"async\" loading=\"lazy\" class=\"alignnone size-full wp-image-232350\" src=\"https:\/\/www.rctvinternational.com\/wp-content\/uploads\/2020\/10\/Sinopsis.png\" alt=\"\" width=\"125\" height=\"57\" \/><\/p>\n<p style=\"text-align: justify;\">M\u00f3nica, una mujer que ha dedicado muchos a\u00f1os a su matrimonio, descubre de repente que su esposo Gustavo le ha sido infiel. Este descubrimiento devastador la obliga a enfrentar una dolorosa realidad: su vida tal como la conoc\u00eda ha cambiado para siempre. A pesar del dolor y la traici\u00f3n, M\u00f3nica decide tomar el control de su destino y emprender una nueva vida.<\/p>\n<p style=\"text-align: justify;\">Con valent\u00eda, M\u00f3nica se embarca en un viaje de autodescubrimiento y reinvenci\u00f3n. Deja atr\u00e1s el pasado y se muda a una nueva ciudad, donde se enfrenta a numerosos desaf\u00edos mientras intenta reconstruir su vida desde cero. En su camino, conoce a nuevas personas que le brindan apoyo y amistad, y lentamente, redescubre sus propias fortalezas y capacidades.<\/p>\n<p style=\"text-align: justify;\">A lo largo de su viaje, M\u00f3nica se da cuenta de que su verdadero valor no depende de su relaci\u00f3n con Gustavo, sino de su propia resiliencia y determinaci\u00f3n. A medida que construye una nueva vida, tambi\u00e9n encuentra la oportunidad de abrir su coraz\u00f3n a nuevas experiencias y, posiblemente, a un nuevo amor. Finalmente, Monica es libre y se llena de amor propio y sin dudarlo, valientemente escucha su corazon pues ya cree en las segundas oportunidades.<\/p>\n<h3 style=\"text-align: justify;\"><img decoding=\"async\" loading=\"lazy\" class=\"alignnone size-full wp-image-231431\" src=\"https:\/\/www.rctvinternational.com\/wp-content\/uploads\/2020\/04\/deberias-saber-que.jpg\" alt=\"\" width=\"265\" height=\"39\" \/><\/h3>\n<p style=\"text-align: justify;\">&#8216;<strong>Volver a Empezar<\/strong>&#8216; es una producci\u00f3n de <strong>RCTV<\/strong> que aborda temas universales de traici\u00f3n, redenci\u00f3n y autodescubrimiento. Esta historia resuena con quienes han enfrentado desilusiones amorosas y buscan la fuerza para comenzar de nuevo. Las actuaciones conmovedoras y la narrativa emotiva ofrecen una profunda reflexi\u00f3n sobre la capacidad humana para recuperarse y encontrar la felicidad nuevamente.<\/p>","protected":false},"featured_media":236079,"template":"","meta":{"_et_pb_use_builder":"","_et_pb_old_content":"","_et_gb_content_width":""},"product_cat":[24],"product_tag":[1213,1222,1152,1230,388,1238,1239],"acf":[],"_links":{"self":[{"href":"http:\/\/3.144.191.25\/en\/wp-json\/wp\/v2\/product\/235996"}],"collection":[{"href":"http:\/\/3.144.191.25\/en\/wp-json\/wp\/v2\/product"}],"about":[{"href":"http:\/\/3.144.191.25\/en\/wp-json\/wp\/v2\/types\/product"}],"wp:featuredmedia":[{"embeddable":true,"href":"http:\/\/3.144.191.25\/en\/wp-json\/wp\/v2\/media\/236079"}],"wp:attachment":[{"href":"http:\/\/3.144.191.25\/en\/wp-json\/wp\/v2\/media?parent=235996"}],"wp:term":[{"taxonomy":"product_cat","embeddable":true,"href":"http:\/\/3.144.191.25\/en\/wp-json\/wp\/v2\/product_cat?post=235996"},{"taxonomy":"product_tag","embeddable":true,"href":"http:\/\/3.144.191.25\/en\/wp-json\/wp\/v2\/product_tag?post=235996"}],"curies":[{"name":"wp","href":"https:\/\/api.w.org\/{rel}","templated":true}]}}