{"id":236001,"date":"2024-07-12T12:43:22","date_gmt":"2024-07-12T12:43:22","guid":{"rendered":"https:\/\/www.rctvinternational.com\/?post_type=product&#038;p=236001"},"modified":"2024-07-12T12:44:20","modified_gmt":"2024-07-12T12:44:20","slug":"juan-y-el-rey-de-las-latas","status":"publish","type":"product","link":"http:\/\/3.144.191.25\/en\/product\/juan-y-el-rey-de-las-latas\/","title":{"rendered":"Juan y El Rey de las Latas"},"content":{"rendered":"<div style=\"width: 100%; min-height: 1px;\" id=\"vimeo-wc-video-6a022fcccb952\" data-js=\"vimeo-wc-video\" data-atts=\"{&quot;autopause&quot;:&quot;true&quot;,&quot;autoplay&quot;:false,&quot;background&quot;:false,&quot;byline&quot;:&quot;true&quot;,&quot;color&quot;:&quot;none&quot;,&quot;controls&quot;:&quot;true&quot;,&quot;dnt&quot;:&quot;true&quot;,&quot;height&quot;:&quot;none&quot;,&quot;id&quot;:false,&quot;loop&quot;:false,&quot;maxheight&quot;:&quot;none&quot;,&quot;maxwidth&quot;:&quot;none&quot;,&quot;muted&quot;:false,&quot;pip&quot;:false,&quot;playsinline&quot;:&quot;true&quot;,&quot;portrait&quot;:&quot;true&quot;,&quot;quality&quot;:&quot;auto&quot;,&quot;responsive&quot;:&quot;true&quot;,&quot;speed&quot;:false,&quot;texttrack&quot;:&quot;none&quot;,&quot;title&quot;:&quot;true&quot;,&quot;transparent&quot;:true,&quot;url&quot;:&quot;https:\\\/\\\/vimeo.com\\\/930379236&quot;,&quot;width&quot;:&quot;none&quot;}\"><\/div>","protected":false},"excerpt":{"rendered":"<p><img decoding=\"async\" loading=\"lazy\" class=\"alignnone size-medium wp-image-236152\" src=\"https:\/\/www.rctvinternational.com\/wp-content\/uploads\/2024\/07\/Juan-y-el-rey-de-las-ratas-03-03-267x300.png\" alt=\"\" width=\"267\" height=\"300\" \/><\/p>\n<p style=\"text-align: justify;\"><img decoding=\"async\" loading=\"lazy\" class=\"alignnone size-full wp-image-232350\" src=\"https:\/\/www.rctvinternational.com\/wp-content\/uploads\/2020\/10\/Sinopsis.png\" alt=\"\" width=\"125\" height=\"57\" \/><\/p>\n<p style=\"text-align: justify;\">El peque\u00f1o Juan, un ni\u00f1o de esp\u00edritu valiente y ojos brillantes, enfrenta un desaf\u00edo que amenaza su vida: un delicado tumor cerebral. Su madre, desesperada por salvar a su hijo, decide buscar la ayuda de su padre, un renombrado neurocirujano, con quien no ha tenido contacto en muchos a\u00f1os. En medio de esta angustiosa situaci\u00f3n, Juan y su madre encuentran apoyo en un personaje inusual: un hombre de la calle conocido como el Rey de Latas.<\/p>\n<p style=\"text-align: justify;\">El Rey de Latas, un hombre de buen coraz\u00f3n que vive recolectando y reciclando latas, se convierte en un inesperado aliado para Juan. Con su sabidur\u00eda y experiencias de vida, el Rey de Latas no solo ofrece apoyo emocional, sino tambi\u00e9n ayuda a Juan a encontrar el coraje y la esperanza necesarios para enfrentar su enfermedad. A trav\u00e9s de su bondad y actos desinteresados, el Rey de Latas juega un papel crucial en unir a la familia y en fortalecer el esp\u00edritu de lucha del peque\u00f1o Juan.<\/p>\n<p style=\"text-align: justify;\">Mientras el neurocirujano, quien hasta entonces desconoc\u00eda la existencia de su hijo, comienza a conmoverse por la gravedad de las condiciones del ni\u00f1o. Movido por el amor y la responsabilidad hacia su hijo, se compromete a realizar la dif\u00edcil operaci\u00f3n. Durante este tiempo, el Rey de Latas sigue siendo una figura inspiradora para Juan, mostr\u00e1ndole que incluso en los momentos m\u00e1s oscuros, la bondad y la esperanza pueden brillar. Con el apoyo de su medio hermano y la gu\u00eda del Rey de Latas, Juan enfrenta su operaci\u00f3n con valent\u00eda.<\/p>\n<p style=\"text-align: justify;\">La historia culmina con una operaci\u00f3n exitosa y la recuperaci\u00f3n de Juan, reafirmando el poder del amor, la familia y la bondad inesperada de extra\u00f1os.<\/p>\n<h3 style=\"text-align: justify;\"><img decoding=\"async\" loading=\"lazy\" class=\"alignnone size-full wp-image-231431\" src=\"https:\/\/www.rctvinternational.com\/wp-content\/uploads\/2020\/04\/deberias-saber-que.jpg\" alt=\"\" width=\"265\" height=\"39\" \/><\/h3>\n<p style=\"text-align: justify;\"><strong>\u2018Juan y el rey de latas\u2019 <\/strong>es una emotiva producci\u00f3n que destaca la importancia de la familia y la bondad desinteresada. La pel\u00edcula no solo narra la lucha de un ni\u00f1o contra una enfermedad mortal, sino tambi\u00e9n la fuerza y el apoyo que pueden encontrarse en los lugares m\u00e1s inesperados. Con una narrativa conmovedora y actuaciones memorables, esta pel\u00edcula ha tocado los corazones de muchos y sigue siendo una inspiraci\u00f3n para aquellos que creen en el poder del amor y la esperanza.<\/p>","protected":false},"featured_media":236002,"template":"","meta":{"_et_pb_use_builder":"","_et_pb_old_content":"","_et_gb_content_width":""},"product_cat":[24],"product_tag":[1229,1152,745,1214,388,1238],"acf":[],"_links":{"self":[{"href":"http:\/\/3.144.191.25\/en\/wp-json\/wp\/v2\/product\/236001"}],"collection":[{"href":"http:\/\/3.144.191.25\/en\/wp-json\/wp\/v2\/product"}],"about":[{"href":"http:\/\/3.144.191.25\/en\/wp-json\/wp\/v2\/types\/product"}],"wp:featuredmedia":[{"embeddable":true,"href":"http:\/\/3.144.191.25\/en\/wp-json\/wp\/v2\/media\/236002"}],"wp:attachment":[{"href":"http:\/\/3.144.191.25\/en\/wp-json\/wp\/v2\/media?parent=236001"}],"wp:term":[{"taxonomy":"product_cat","embeddable":true,"href":"http:\/\/3.144.191.25\/en\/wp-json\/wp\/v2\/product_cat?post=236001"},{"taxonomy":"product_tag","embeddable":true,"href":"http:\/\/3.144.191.25\/en\/wp-json\/wp\/v2\/product_tag?post=236001"}],"curies":[{"name":"wp","href":"https:\/\/api.w.org\/{rel}","templated":true}]}}