{"id":236041,"date":"2024-07-11T14:23:32","date_gmt":"2024-07-11T14:23:32","guid":{"rendered":"https:\/\/www.rctvinternational.com\/?post_type=product&#038;p=236041"},"modified":"2024-07-11T21:04:35","modified_gmt":"2024-07-11T21:04:35","slug":"confesion-oculta","status":"publish","type":"product","link":"http:\/\/3.144.191.25\/en\/product\/confesion-oculta\/","title":{"rendered":"Confesi\u00f3n Oculta"},"content":{"rendered":"<div style=\"width: 100%; min-height: 1px;\" id=\"vimeo-wc-video-6a02222ab175d\" data-js=\"vimeo-wc-video\" data-atts=\"{&quot;autopause&quot;:&quot;true&quot;,&quot;autoplay&quot;:false,&quot;background&quot;:false,&quot;byline&quot;:&quot;true&quot;,&quot;color&quot;:&quot;none&quot;,&quot;controls&quot;:&quot;true&quot;,&quot;dnt&quot;:&quot;true&quot;,&quot;height&quot;:&quot;none&quot;,&quot;id&quot;:false,&quot;loop&quot;:false,&quot;maxheight&quot;:&quot;none&quot;,&quot;maxwidth&quot;:&quot;none&quot;,&quot;muted&quot;:false,&quot;pip&quot;:false,&quot;playsinline&quot;:&quot;true&quot;,&quot;portrait&quot;:&quot;true&quot;,&quot;quality&quot;:&quot;auto&quot;,&quot;responsive&quot;:&quot;true&quot;,&quot;speed&quot;:false,&quot;texttrack&quot;:&quot;none&quot;,&quot;title&quot;:&quot;true&quot;,&quot;transparent&quot;:true,&quot;url&quot;:&quot;https:\\\/\\\/vimeo.com\\\/930388262\\\/e77b056d96&quot;,&quot;width&quot;:&quot;none&quot;}\"><\/div>","protected":false},"excerpt":{"rendered":"<p><img decoding=\"async\" loading=\"lazy\" class=\"alignnone size-medium wp-image-236146\" src=\"https:\/\/www.rctvinternational.com\/wp-content\/uploads\/2024\/07\/Confesion-oculta-claqueta-04-04-267x300.png\" alt=\"\" width=\"267\" height=\"300\" \/><\/p>\n<p><img decoding=\"async\" loading=\"lazy\" class=\"alignnone size-full wp-image-232350\" src=\"https:\/\/www.rctvinternational.com\/wp-content\/uploads\/2020\/10\/Sinopsis.png\" alt=\"\" width=\"125\" height=\"57\" \/><\/p>\n<p>El sacerdote de una parroquia en un tranquilo pueblo enfrenta un gran desaf\u00edo cuando, en una confesi\u00f3n, le revelan el asesinato cometido por uno de los miembros de la banda.<\/p>\n<p>Este secreto de confesi\u00f3n se convierte en el catalizador de una serie de acontecimientos, poniendo al padre Miguel en una posici\u00f3n peligrosa y moralmente compleja. Incapaz de revelar lo que ha escuchado debido a su voto de confidencialidad, debe encontrar una manera de proteger a su comunidad y detener a los delincuentes sin traicionar su fe.<\/p>\n<p>El p\u00e1rroco conocido por su valent\u00eda y compromiso, se enfrenta a Alberto y su banda, neg\u00e1ndose a abandonar su comunidad y su misi\u00f3n. El conflicto se intensifica cuando Alberto utiliza t\u00e1cticas violentas y amenazas para forzar la salida del sacerdote.<\/p>\n<p>A trav\u00e9s de su lucha, el padre muestra un coraje inquebrantable, inspirando a los habitantes del pueblo a unirse y resistir contra los criminales. La confrontaci\u00f3n final entre el sacerdote y Alberto culmina en una batalla de voluntades, donde la fe y la justicia se enfrentan a la corrupci\u00f3n y la violencia.<\/p>\n<p><img decoding=\"async\" loading=\"lazy\" class=\"alignnone size-full wp-image-231431\" src=\"https:\/\/www.rctvinternational.com\/wp-content\/uploads\/2020\/04\/deberias-saber-que.jpg\" alt=\"\" width=\"265\" height=\"39\" \/><\/p>\n<p><strong>\u2018Confesi\u00f3n Oculta\u2019<\/strong> es una intensa producci\u00f3n de <strong>RCTV<\/strong> dirigida por Johnny Solorzano, gran director y productor. El pintoresco pueblo de San Casimiro, estado Aragua fue el escenario de esta producci\u00f3n. Para la audiencia, esta pel\u00edcula venezolana destaca por su potente narrativa y sus emocionantes actuaciones.<\/p>","protected":false},"featured_media":236043,"template":"","meta":{"_et_pb_use_builder":"","_et_pb_old_content":"","_et_gb_content_width":""},"product_cat":[24],"product_tag":[1229,1205,727,1231,1152,745,388],"acf":[],"_links":{"self":[{"href":"http:\/\/3.144.191.25\/en\/wp-json\/wp\/v2\/product\/236041"}],"collection":[{"href":"http:\/\/3.144.191.25\/en\/wp-json\/wp\/v2\/product"}],"about":[{"href":"http:\/\/3.144.191.25\/en\/wp-json\/wp\/v2\/types\/product"}],"wp:featuredmedia":[{"embeddable":true,"href":"http:\/\/3.144.191.25\/en\/wp-json\/wp\/v2\/media\/236043"}],"wp:attachment":[{"href":"http:\/\/3.144.191.25\/en\/wp-json\/wp\/v2\/media?parent=236041"}],"wp:term":[{"taxonomy":"product_cat","embeddable":true,"href":"http:\/\/3.144.191.25\/en\/wp-json\/wp\/v2\/product_cat?post=236041"},{"taxonomy":"product_tag","embeddable":true,"href":"http:\/\/3.144.191.25\/en\/wp-json\/wp\/v2\/product_tag?post=236041"}],"curies":[{"name":"wp","href":"https:\/\/api.w.org\/{rel}","templated":true}]}}