{"id":236100,"date":"2024-07-12T12:42:32","date_gmt":"2024-07-12T12:42:32","guid":{"rendered":"https:\/\/www.rctvinternational.com\/?post_type=product&#038;p=236100"},"modified":"2024-10-09T23:20:51","modified_gmt":"2024-10-09T23:20:51","slug":"un-cadaver-en-la-nevera","status":"publish","type":"product","link":"http:\/\/3.144.191.25\/en\/product\/un-cadaver-en-la-nevera\/","title":{"rendered":"Un Cad\u00e1ver en la Nevera"},"content":{"rendered":"<div style=\"width: 100%; min-height: 1px;\" id=\"vimeo-wc-video-6a022f5f27c32\" data-js=\"vimeo-wc-video\" data-atts=\"{&quot;autopause&quot;:&quot;true&quot;,&quot;autoplay&quot;:false,&quot;background&quot;:false,&quot;byline&quot;:&quot;true&quot;,&quot;color&quot;:&quot;none&quot;,&quot;controls&quot;:&quot;true&quot;,&quot;dnt&quot;:&quot;true&quot;,&quot;height&quot;:&quot;none&quot;,&quot;id&quot;:false,&quot;loop&quot;:false,&quot;maxheight&quot;:&quot;none&quot;,&quot;maxwidth&quot;:&quot;none&quot;,&quot;muted&quot;:false,&quot;pip&quot;:false,&quot;playsinline&quot;:&quot;true&quot;,&quot;portrait&quot;:&quot;true&quot;,&quot;quality&quot;:&quot;auto&quot;,&quot;responsive&quot;:&quot;true&quot;,&quot;speed&quot;:false,&quot;texttrack&quot;:&quot;none&quot;,&quot;title&quot;:&quot;true&quot;,&quot;transparent&quot;:true,&quot;url&quot;:&quot;https:\\\/\\\/vimeo.com\\\/930413935&quot;,&quot;width&quot;:&quot;none&quot;}\"><\/div>","protected":false},"excerpt":{"rendered":"<p style=\"text-align: justify;\"><img decoding=\"async\" loading=\"lazy\" class=\"alignnone size-medium wp-image-236151\" src=\"https:\/\/www.rctvinternational.com\/wp-content\/uploads\/2024\/07\/un-cadaver-en-la-nevera-16-16-267x300.png\" alt=\"\" width=\"267\" height=\"300\" \/><\/p>\n<p style=\"text-align: justify;\"><img decoding=\"async\" loading=\"lazy\" class=\"alignnone size-full wp-image-232350\" src=\"https:\/\/www.rctvinternational.com\/wp-content\/uploads\/2020\/10\/Sinopsis.png\" alt=\"\" width=\"125\" height=\"57\" \/><\/p>\n<div class=\"flex flex-grow flex-col max-w-full\">\n<div class=\"min-h-[20px] text-message flex flex-col items-start whitespace-pre-wrap break-words [.text-message+&amp;]:mt-5 juice:w-full juice:items-end overflow-x-auto gap-2\" dir=\"auto\" data-message-author-role=\"assistant\" data-message-id=\"c9346cff-9e35-45e1-9be1-75a178e372a4\">\n<div class=\"flex w-full flex-col gap-1 juice:empty:hidden juice:first:pt-[3px]\">\n<div class=\"markdown prose w-full break-words dark:prose-invert dark\">\n<p style=\"text-align: justify;\">Un joven se encuentra en una situaci\u00f3n desesperada, ha dejado embarazada a su prima pol\u00edtica y \u00e9l no tiene dinero para mantener a la futura familia. Su suegro, un hombre severo, pero justo, le exige que consiga un trabajo estable para demostrar su responsabilidad.<\/p>\n<p style=\"text-align: justify;\">En su b\u00fasqueda, el joven se encuentra por casualidad con un hombre adinerado que est\u00e1 en un apuro, el joven lo salva de las circunstancias que pon\u00edan en peligro al se\u00f1or y al mismo tiempo identifica la situaci\u00f3n como una oportunidad de empleo como chofer de este hombre millonario de avanzada edad. Todo parece indicar que la suerte del joven hab\u00eda cambiado, pero lo que no sabe es que est\u00e1 a punto de entrar en una red de intrigas y traiciones.<\/p>\n<p style=\"text-align: justify;\">La esposa del se\u00f1or, es una mujer ambiciosa y sin escr\u00fapulos que ans\u00eda quedarse con la fortuna de su marido. Ella, utilizando su astucia y encanto, comienza a seducir y manipular al joven, convenci\u00e9ndolo de que la \u00fanica manera de asegurar su futuro era ayud\u00e1ndola a deshacerse de su anciano esposo.<\/p>\n<p style=\"text-align: justify;\">El joven, cegado por la desesperaci\u00f3n y la promesa de una vida mejor, accede a participar en el siniestro plan. Juntos, logran asesinar al hombre y ocultar su cad\u00e1ver, creyendo que su crimen perfecto les asegurar\u00eda la fortuna.<\/p>\n<p style=\"text-align: justify;\">Sin embargo, en lugar de la tranquilidad y la riqueza prometidas, ambos se encuentran atrapados en una espiral de paranoia y terror. El cad\u00e1ver, escondido en un oscuro congelador, parece cobrar vida propia, atormentando sus sue\u00f1os y sus d\u00edas. Sombras inquietantes y ruidos inexplicables les recuerdan constantemente su pecado.<\/p>\n<p style=\"text-align: justify;\">Finalmente, el joven, consumido por la culpa y el miedo, ve c\u00f3mo su vida se desmorona a su alrededor. La viuda, igualmente afectada, comienza a perder la cordura, susurros y visiones del difunto marido le persiguen sin descanso. La fortuna que tanto ansiaron se convirti\u00f3 en una maldici\u00f3n que les arrebat\u00f3 la paz y la raz\u00f3n.<\/p>\n<p style=\"text-align: justify;\"><img decoding=\"async\" loading=\"lazy\" class=\"alignnone size-full wp-image-231431\" src=\"https:\/\/www.rctvinternational.com\/wp-content\/uploads\/2020\/04\/deberias-saber-que.jpg\" alt=\"\" width=\"265\" height=\"39\" \/><\/p>\n<p style=\"text-align: justify;\">Tony Rodr\u00edguez es el director de <strong>\u2018Un cad\u00e1ver en la nevera\u2019\u00a0<\/strong>y tambi\u00e9n dirigi\u00f3 uno de los unitarios favoritos de la audiencia de <strong>RCTV<\/strong>, <strong>\u2018La\u00a0Mano\u2019.<\/strong>\u00a0Conocido por sus impactantes tramas y su capacidad para crear una atm\u00f3sfera emocionante e intrigante, Rodr\u00edguez ha logrado captar la atenci\u00f3n del p\u00fablico una vez m\u00e1s con esta producci\u00f3n. La obra se distingue por su narrativa llena de giros inesperados donde se combina el suspenso, el humor y el drama de manera magistral, asegurando que cada episodio est\u00e9 lleno de tensi\u00f3n y emoci\u00f3n. La direcci\u00f3n de Tony Rodr\u00edguez, con su estilo \u00fanico y su habilidad para manejar historias cautivadoras, garantiza que esta producci\u00f3n sea tan cautivadora como sus anteriores \u00e9xitos.<\/p>\n<p style=\"text-align: justify;\">\n<\/div>\n<\/div>\n<\/div>\n<\/div>","protected":false},"featured_media":236692,"template":"","meta":{"_et_pb_use_builder":"","_et_pb_old_content":"","_et_gb_content_width":""},"product_cat":[24],"product_tag":[1258,1229,1205,1152,745,388,268,1259,1238],"acf":[],"_links":{"self":[{"href":"http:\/\/3.144.191.25\/en\/wp-json\/wp\/v2\/product\/236100"}],"collection":[{"href":"http:\/\/3.144.191.25\/en\/wp-json\/wp\/v2\/product"}],"about":[{"href":"http:\/\/3.144.191.25\/en\/wp-json\/wp\/v2\/types\/product"}],"wp:featuredmedia":[{"embeddable":true,"href":"http:\/\/3.144.191.25\/en\/wp-json\/wp\/v2\/media\/236692"}],"wp:attachment":[{"href":"http:\/\/3.144.191.25\/en\/wp-json\/wp\/v2\/media?parent=236100"}],"wp:term":[{"taxonomy":"product_cat","embeddable":true,"href":"http:\/\/3.144.191.25\/en\/wp-json\/wp\/v2\/product_cat?post=236100"},{"taxonomy":"product_tag","embeddable":true,"href":"http:\/\/3.144.191.25\/en\/wp-json\/wp\/v2\/product_tag?post=236100"}],"curies":[{"name":"wp","href":"https:\/\/api.w.org\/{rel}","templated":true}]}}