{"id":236105,"date":"2024-08-12T21:28:12","date_gmt":"2024-08-12T21:28:12","guid":{"rendered":"https:\/\/www.rctvinternational.com\/?post_type=product&#038;p=236105"},"modified":"2024-08-12T21:29:16","modified_gmt":"2024-08-12T21:29:16","slug":"felizmente-casada","status":"publish","type":"product","link":"http:\/\/3.144.191.25\/en\/product\/felizmente-casada\/","title":{"rendered":"Felizmente Casada"},"content":{"rendered":"<div style=\"width: 100%; min-height: 1px;\" id=\"vimeo-wc-video-6a023dbb7412b\" data-js=\"vimeo-wc-video\" data-atts=\"{&quot;autopause&quot;:&quot;true&quot;,&quot;autoplay&quot;:false,&quot;background&quot;:false,&quot;byline&quot;:&quot;true&quot;,&quot;color&quot;:&quot;none&quot;,&quot;controls&quot;:&quot;true&quot;,&quot;dnt&quot;:&quot;true&quot;,&quot;height&quot;:&quot;none&quot;,&quot;id&quot;:false,&quot;loop&quot;:false,&quot;maxheight&quot;:&quot;none&quot;,&quot;maxwidth&quot;:&quot;none&quot;,&quot;muted&quot;:false,&quot;pip&quot;:false,&quot;playsinline&quot;:&quot;true&quot;,&quot;portrait&quot;:&quot;true&quot;,&quot;quality&quot;:&quot;auto&quot;,&quot;responsive&quot;:&quot;true&quot;,&quot;speed&quot;:false,&quot;texttrack&quot;:&quot;none&quot;,&quot;title&quot;:&quot;true&quot;,&quot;transparent&quot;:true,&quot;url&quot;:&quot;https:\\\/\\\/vimeo.com\\\/930384845&quot;,&quot;width&quot;:&quot;none&quot;}\"><\/div>","protected":false},"excerpt":{"rendered":"<p style=\"text-align: justify;\"><img decoding=\"async\" loading=\"lazy\" class=\"alignnone size-medium wp-image-236150\" src=\"https:\/\/www.rctvinternational.com\/wp-content\/uploads\/2024\/07\/felizmente-casada-17-17-17-267x300.png\" alt=\"\" width=\"267\" height=\"300\" \/><\/p>\n<p style=\"text-align: justify;\"><img decoding=\"async\" loading=\"lazy\" class=\"alignnone size-full wp-image-232350\" src=\"https:\/\/www.rctvinternational.com\/wp-content\/uploads\/2020\/10\/Sinopsis.png\" alt=\"\" width=\"125\" height=\"57\" \/><\/p>\n<p style=\"text-align: justify;\" data-sourcepos=\"5:1-5:368\"><strong>Amanda<\/strong>, una mujer aparentemente perfecta atrapada en la monoton\u00eda de su vida, anhela un cambio radical. Detr\u00e1s de la fachada de esposa y madre devota, se esconde una mujer que lucha por recuperar su identidad. Al inscribirse en una clase de gimnasia, conoce a <strong>Julio<\/strong>, un hombre que reaviva en ella pasiones dormidas y la invita a un mundo de emociones intensas.<\/p>\n<p style=\"text-align: justify;\" data-sourcepos=\"7:1-7:365\">Su romance, ardiente y prohibido, sacude los cimientos de sus vidas. <strong>Ra\u00fal<\/strong>, el esposo de Amanda, un psiquiatra que lidia con las crisis matrimoniales de sus pacientes, se ve confrontado con la infidelidad de su esposa. Mientras tanto, <strong>Diana<\/strong>, la esposa de Julio, encuentra consuelo en Ra\u00fal, creando un enredo de relaciones que desaf\u00eda los l\u00edmites de la moral.<\/p>\n<p style=\"text-align: justify;\" data-sourcepos=\"9:1-9:388\">En un juego de espejos, Amanda y Julio descubren que su b\u00fasqueda de la felicidad ha desencadenado una cadena de consecuencias imprevistas. \u00bfPodr\u00e1n construir una nueva vida juntos sin lastimar a quienes aman? Esta historia, un viaje introspectivo y apasionado, nos invita a reflexionar sobre el costo de la libertad, la naturaleza del amor y la importancia de ser fieles a nosotros mismos.<\/p>\n<p style=\"text-align: justify;\"><strong><img decoding=\"async\" loading=\"lazy\" class=\"alignnone size-full wp-image-231431\" src=\"https:\/\/www.rctvinternational.com\/wp-content\/uploads\/2020\/04\/deberias-saber-que.jpg\" alt=\"\" width=\"265\" height=\"39\" \/><\/strong><\/p>\n<p style=\"text-align: justify;\">Victoria Robert, quien interpreta a Amanda, tambi\u00e9n ha participado en otros grandes \u00e9xitos de <strong>RCTV<\/strong> como \u00ab<strong>Lady in Rose (La Dama de Rosa)<\/strong>\u00ab, \u00ab<strong>La Ni\u00f1a de Mis Ojo<\/strong>s\u00bb y \u00ab<strong>Viva la Pepa<\/strong>\u00ab. En la producci\u00f3n de \u00ab<strong>Felizmente casada<\/strong>\u00bb se destaca por su actuaci\u00f3n cuidadosa y detallada, que refleja la evoluci\u00f3n de su personaje a lo largo de la trama. Esto la llev\u00f3 a ser reconocida y ganarse la atenci\u00f3n y cari\u00f1o de la audiencia por su habilidad para reflejar los estados internos de Amanda, un personaje que justamente resalta por la riqueza de sus matices.<\/p>\n<p style=\"text-align: justify;\">","protected":false},"featured_media":236106,"template":"","meta":{"_et_pb_use_builder":"","_et_pb_old_content":"","_et_gb_content_width":""},"product_cat":[24],"product_tag":[1222,669,1257,1152,745,1230,1238,1239,1256],"acf":[],"_links":{"self":[{"href":"http:\/\/3.144.191.25\/en\/wp-json\/wp\/v2\/product\/236105"}],"collection":[{"href":"http:\/\/3.144.191.25\/en\/wp-json\/wp\/v2\/product"}],"about":[{"href":"http:\/\/3.144.191.25\/en\/wp-json\/wp\/v2\/types\/product"}],"wp:featuredmedia":[{"embeddable":true,"href":"http:\/\/3.144.191.25\/en\/wp-json\/wp\/v2\/media\/236106"}],"wp:attachment":[{"href":"http:\/\/3.144.191.25\/en\/wp-json\/wp\/v2\/media?parent=236105"}],"wp:term":[{"taxonomy":"product_cat","embeddable":true,"href":"http:\/\/3.144.191.25\/en\/wp-json\/wp\/v2\/product_cat?post=236105"},{"taxonomy":"product_tag","embeddable":true,"href":"http:\/\/3.144.191.25\/en\/wp-json\/wp\/v2\/product_tag?post=236105"}],"curies":[{"name":"wp","href":"https:\/\/api.w.org\/{rel}","templated":true}]}}