{"id":236166,"date":"2024-07-22T18:55:59","date_gmt":"2024-07-22T18:55:59","guid":{"rendered":"https:\/\/www.rctvinternational.com\/?post_type=product&#038;p=236166"},"modified":"2024-09-04T23:31:08","modified_gmt":"2024-09-04T23:31:08","slug":"la-bestia-acecha","status":"publish","type":"product","link":"http:\/\/3.144.191.25\/en\/product\/la-bestia-acecha\/","title":{"rendered":"La Bestia Acecha"},"content":{"rendered":"<div style=\"width: 100%; min-height: 1px;\" id=\"vimeo-wc-video-6a022f6f12480\" data-js=\"vimeo-wc-video\" data-atts=\"{&quot;autopause&quot;:&quot;true&quot;,&quot;autoplay&quot;:false,&quot;background&quot;:false,&quot;byline&quot;:&quot;true&quot;,&quot;color&quot;:&quot;none&quot;,&quot;controls&quot;:&quot;true&quot;,&quot;dnt&quot;:&quot;true&quot;,&quot;height&quot;:&quot;none&quot;,&quot;id&quot;:false,&quot;loop&quot;:false,&quot;maxheight&quot;:&quot;none&quot;,&quot;maxwidth&quot;:&quot;none&quot;,&quot;muted&quot;:false,&quot;pip&quot;:false,&quot;playsinline&quot;:&quot;true&quot;,&quot;portrait&quot;:&quot;true&quot;,&quot;quality&quot;:&quot;auto&quot;,&quot;responsive&quot;:&quot;true&quot;,&quot;speed&quot;:false,&quot;texttrack&quot;:&quot;none&quot;,&quot;title&quot;:&quot;true&quot;,&quot;transparent&quot;:true,&quot;url&quot;:&quot;https:\\\/\\\/vimeo.com\\\/930415754&quot;,&quot;width&quot;:&quot;none&quot;}\"><\/div>","protected":false},"excerpt":{"rendered":"<div class=\"w-full text-token-text-primary\" dir=\"auto\" data-testid=\"conversation-turn-29\" data-scroll-anchor=\"false\">\n<div class=\"py-2 juice:py-[18px] px-3 text-base md:px-4 m-auto md:px-5 lg:px-1 xl:px-5\">\n<div class=\"mx-auto flex flex-1 gap-3 text-base juice:gap-4 juice:md:gap-5 juice:lg:gap-6 md:max-w-3xl\">\n<div class=\"group\/conversation-turn relative flex w-full min-w-0 flex-col agent-turn\">\n<div class=\"flex-col gap-1 md:gap-3\">\n<div class=\"flex flex-grow flex-col max-w-full\">\n<div class=\"min-h-[20px] text-message flex flex-col items-start whitespace-pre-wrap break-words [.text-message+&amp;]:mt-5 juice:w-full juice:items-end overflow-x-auto gap-2\" dir=\"auto\" data-message-author-role=\"assistant\" data-message-id=\"6cf87375-9ee5-4fe6-a7f1-841e6496273b\">\n<div class=\"flex w-full flex-col gap-1 juice:empty:hidden juice:first:pt-[3px]\">\n<div class=\"markdown prose w-full break-words dark:prose-invert dark\">\n<p style=\"text-align: justify;\"><img decoding=\"async\" loading=\"lazy\" class=\"alignnone size-medium wp-image-236266\" src=\"https:\/\/www.rctvinternational.com\/wp-content\/uploads\/2024\/07\/La-Bestia-Asecha-Claquetas-37-267x300.png\" alt=\"\" width=\"267\" height=\"300\" \/><\/p>\n<p style=\"text-align: justify;\"><img decoding=\"async\" loading=\"lazy\" class=\"alignnone size-full wp-image-232350\" src=\"https:\/\/www.rctvinternational.com\/wp-content\/uploads\/2020\/10\/Sinopsis.png\" alt=\"\" width=\"125\" height=\"57\" \/><\/p>\n<div style=\"text-align: justify;\">\n<div>\n<p>Un hombre est\u00e1 causando escalofriantes asesinatos de manera inconsciente. Al parecer, est\u00e1 en un hipn\u00f3tico y es en este estado que comete actos atroces en nombre de una supuesta justicia divina. El sujeto se convierte no solo en una amenaza para la sociedad, sino en un misterio, pues nadie conoce su identidad y bajo un halo de temor y de incertidumbre comienza a empeorar la situaci\u00f3n, as\u00ed, se transforma en un mani\u00e1tico y se convierte en un asesino en serie.<\/p>\n<p>La comunidad est\u00e1 aterrorizada ante los cr\u00edmenes. La polic\u00eda, desesperada por detener la ola de asesinatos, lucha incansablemente para descubrir la identidad del homicida y poner fin a su reinado de terror.<\/p>\n<p>El \u00fanico que parece tener respuestas es un cura que, por su compromiso con el secreto de confesi\u00f3n, guarda silencio sobre lo que sabe. Mientras el asesino sigue suelto, la tensi\u00f3n crece y el tiempo se agota. La polic\u00eda deber\u00e1 desenmascarar al asesino antes de que sea demasiado tarde.<\/p>\n<p>&nbsp;<\/p>\n<\/div>\n<div><img decoding=\"async\" loading=\"lazy\" class=\"alignnone size-full wp-image-231431\" src=\"https:\/\/www.rctvinternational.com\/wp-content\/uploads\/2020\/04\/deberias-saber-que.jpg\" alt=\"\" width=\"265\" height=\"39\" \/><\/div>\n<div><\/div>\n<\/div>\n<div style=\"text-align: justify;\">\n<div>\n<p>\u2018<strong>La Bestia acecha<\/strong>\u2019 cuenta con la direcci\u00f3n de Javier Mujica, prolijo director, con destacadas producciones cinematogr\u00e1ficas como \u2018<strong>Campe\u00f3n<\/strong>\u2019, obra que sobresale por su autenticidad, pionera e impecable del cine de acci\u00f3n, con gran adrenalina, drama y suspenso. Este director es reconocido por su habilidad para crear atm\u00f3sferas intensas y llenas de suspenso. Junto al guion de \u2018<strong>La Bestia acecha<\/strong>\u2019 se convierte en uno de los elementos m\u00e1s llamativos de la producci\u00f3n, explorando magistralmente temas profundos de moralidad y justicia.<\/p>\n<\/div>\n<\/div>\n<\/div>\n<\/div>\n<\/div>\n<\/div>\n<\/div>\n<\/div>\n<\/div>\n<\/div>\n<\/div>\n<div class=\"w-full text-token-text-primary\" dir=\"auto\" data-testid=\"conversation-turn-30\" data-scroll-anchor=\"false\">\n<div class=\"py-2 juice:py-[18px] px-3 text-base md:px-4 m-auto md:px-5 lg:px-1 xl:px-5\">\n<div class=\"mx-auto flex flex-1 gap-3 text-base juice:gap-4 juice:md:gap-5 juice:lg:gap-6 md:max-w-3xl\">\n<div class=\"group\/conversation-turn relative flex w-full min-w-0 flex-col\">\n<div class=\"flex-col gap-1 md:gap-3\">\n<div class=\"flex flex-grow flex-col max-w-full\">\n<div class=\"min-h-[20px] text-message flex flex-col items-start whitespace-pre-wrap break-words [.text-message+&amp;]:mt-5 juice:w-full juice:items-end overflow-x-auto gap-2\" dir=\"auto\" data-message-author-role=\"user\" data-message-id=\"aaa2542b-fe35-4119-b803-c2b20782b8af\">\n<div class=\"flex w-full flex-col gap-1 juice:empty:hidden items-end rtl:items-start\">\n<div class=\"relative max-w-[70%] rounded-3xl bg-[#f4f4f4] px-5 py-2.5 dark:bg-token-main-surface-secondary\">\n<div>\n<p style=\"text-align: justify;\">\n<\/div>\n<\/div>\n<\/div>\n<\/div>\n<\/div>\n<\/div>\n<\/div>\n<\/div>\n<\/div>\n<\/div>","protected":false},"featured_media":236295,"template":"","meta":{"_et_pb_use_builder":"","_et_pb_old_content":"","_et_gb_content_width":""},"product_cat":[24],"product_tag":[1205,1260,1152,745,1214,1238,1239],"acf":[],"_links":{"self":[{"href":"http:\/\/3.144.191.25\/en\/wp-json\/wp\/v2\/product\/236166"}],"collection":[{"href":"http:\/\/3.144.191.25\/en\/wp-json\/wp\/v2\/product"}],"about":[{"href":"http:\/\/3.144.191.25\/en\/wp-json\/wp\/v2\/types\/product"}],"wp:featuredmedia":[{"embeddable":true,"href":"http:\/\/3.144.191.25\/en\/wp-json\/wp\/v2\/media\/236295"}],"wp:attachment":[{"href":"http:\/\/3.144.191.25\/en\/wp-json\/wp\/v2\/media?parent=236166"}],"wp:term":[{"taxonomy":"product_cat","embeddable":true,"href":"http:\/\/3.144.191.25\/en\/wp-json\/wp\/v2\/product_cat?post=236166"},{"taxonomy":"product_tag","embeddable":true,"href":"http:\/\/3.144.191.25\/en\/wp-json\/wp\/v2\/product_tag?post=236166"}],"curies":[{"name":"wp","href":"https:\/\/api.w.org\/{rel}","templated":true}]}}