{"id":236169,"date":"2024-08-12T22:27:28","date_gmt":"2024-08-12T22:27:28","guid":{"rendered":"https:\/\/www.rctvinternational.com\/?post_type=product&#038;p=236169"},"modified":"2024-08-12T22:27:28","modified_gmt":"2024-08-12T22:27:28","slug":"el-enigma-de-laura","status":"publish","type":"product","link":"http:\/\/3.144.191.25\/en\/product\/el-enigma-de-laura\/","title":{"rendered":"El Enigma De Laura"},"content":{"rendered":"<div style=\"width: 100%; min-height: 1px;\" id=\"vimeo-wc-video-6a022f805807b\" data-js=\"vimeo-wc-video\" data-atts=\"{&quot;autopause&quot;:&quot;true&quot;,&quot;autoplay&quot;:false,&quot;background&quot;:false,&quot;byline&quot;:&quot;true&quot;,&quot;color&quot;:&quot;none&quot;,&quot;controls&quot;:&quot;true&quot;,&quot;dnt&quot;:&quot;true&quot;,&quot;height&quot;:&quot;none&quot;,&quot;id&quot;:false,&quot;loop&quot;:false,&quot;maxheight&quot;:&quot;none&quot;,&quot;maxwidth&quot;:&quot;none&quot;,&quot;muted&quot;:false,&quot;pip&quot;:false,&quot;playsinline&quot;:&quot;true&quot;,&quot;portrait&quot;:&quot;true&quot;,&quot;quality&quot;:&quot;auto&quot;,&quot;responsive&quot;:&quot;true&quot;,&quot;speed&quot;:false,&quot;texttrack&quot;:&quot;none&quot;,&quot;title&quot;:&quot;true&quot;,&quot;transparent&quot;:true,&quot;url&quot;:&quot;https:\\\/\\\/vimeo.com\\\/968242180&quot;,&quot;width&quot;:&quot;none&quot;}\"><\/div>","protected":false},"excerpt":{"rendered":"<p><img decoding=\"async\" loading=\"lazy\" class=\"alignnone size-medium wp-image-236176\" src=\"https:\/\/www.rctvinternational.com\/wp-content\/uploads\/2024\/07\/El-Enigma-de-Laura-Claquetas-36-267x300.png\" alt=\"\" width=\"267\" height=\"300\" \/><\/p>\n<p style=\"text-align: justify;\"><img decoding=\"async\" loading=\"lazy\" class=\"alignnone size-full wp-image-232350\" src=\"https:\/\/www.rctvinternational.com\/wp-content\/uploads\/2020\/10\/Sinopsis.png\" alt=\"\" width=\"125\" height=\"57\" \/><\/p>\n<p style=\"text-align: justify;\">Mateo Santana, un cineasta inquieto en busca de nuevas historias viaja a un paradisiaco y lejano lugar. Mientras est\u00e1 disfrutando de la playa y el aire libre visualiza a una joven mujer, atractiva; curioso y atra\u00eddo, le pregunta a su amigo sobre la identidad de esa dama. As\u00ed descubre que se llama Laura, y es la esposa de An\u00edbal, un poderoso hombre de negocios que adem\u00e1s dirige el pueblo.<\/p>\n<p style=\"text-align: justify;\">Mateo no se inmuta por el estado civil de la hermosa mujer y suscita un encuentro en donde puede presentarse ella. Al conocerla queda a\u00fan m\u00e1s cautivado por la elegancia y dulzura de Laura.<\/p>\n<p style=\"text-align: justify;\">Cada d\u00eda que pasa, Mateo aprovecha la oportunidad para acercarse a Laura. Fascinado por su misterio, Mateo no sospecha de los delirios y trastornos que la atormentan. A medida que se adentra en su vida, se enfrenta a situaciones cada vez m\u00e1s inquietantes, desentra\u00f1ando las capas de secretos que oculta.<\/p>\n<p style=\"text-align: justify;\">La relaci\u00f3n entre Mateo y Laura se vuelve cada vez m\u00e1s compleja. Los delirios de Laura, a menudo incontrolables, crean un ambiente de tensi\u00f3n y peligro. Mateo, atrapado entre su fascinaci\u00f3n por Laura y la creciente oscuridad de su enigma, lucha por encontrar una manera de hacer que la situaci\u00f3n sea llevadera y poder disfrutar de su compa\u00f1\u00eda, pero todo comienza simplemente a agravarse, en una ola de desvar\u00edos e infortunios con consecuencias que no tendr\u00e1n rev\u00e9s.}<\/p>\n<p style=\"text-align: justify;\"><img decoding=\"async\" loading=\"lazy\" class=\"alignnone size-full wp-image-231431\" src=\"https:\/\/www.rctvinternational.com\/wp-content\/uploads\/2020\/04\/deberias-saber-que.jpg\" alt=\"\" width=\"265\" height=\"39\" \/><\/p>\n<p style=\"text-align: justify;\"><strong>\u2018El enigma de Laura<\/strong>\u2019 es original de Alidha \u00c1vila, quien tambi\u00e9n escribi\u00f3 \u2018<strong>La ni\u00f1a de mis ojos<\/strong>\u2019. Esta admirable guionista es reconocida por su habilidad para crear historias emocionalmente intensas y llenas de misterio. La producci\u00f3n cuenta adem\u00e1s con las actuaciones de Claudia Venturini, Enrique Ib\u00e1\u00f1ez, Ra\u00fal Xiqu\u00e9s, Haydee Balza, Juan Rodr\u00edguez, Carlos Rodr\u00edguez, Laureano M\u00e1rquez, Margarita Hern\u00e1ndez, y Franco Colmenares. Sus interpretaciones han sido aclamadas por su profundidad y autenticidad. Tambi\u00e9n hay que destacar que las escenas en el pintoresco pueblo, en la bella, sutil y nost\u00e1lgica playa fueron filmadas en locaciones reales, aportando una atm\u00f3sfera aut\u00e9ntica y envolvente a la obra.<\/p>\n<p style=\"text-align: justify;\">","protected":false},"featured_media":236291,"template":"","meta":{"_et_pb_use_builder":"","_et_pb_old_content":"","_et_gb_content_width":""},"product_cat":[24],"product_tag":[1261,727,1264,1262,388,1238,1239],"acf":[],"_links":{"self":[{"href":"http:\/\/3.144.191.25\/en\/wp-json\/wp\/v2\/product\/236169"}],"collection":[{"href":"http:\/\/3.144.191.25\/en\/wp-json\/wp\/v2\/product"}],"about":[{"href":"http:\/\/3.144.191.25\/en\/wp-json\/wp\/v2\/types\/product"}],"wp:featuredmedia":[{"embeddable":true,"href":"http:\/\/3.144.191.25\/en\/wp-json\/wp\/v2\/media\/236291"}],"wp:attachment":[{"href":"http:\/\/3.144.191.25\/en\/wp-json\/wp\/v2\/media?parent=236169"}],"wp:term":[{"taxonomy":"product_cat","embeddable":true,"href":"http:\/\/3.144.191.25\/en\/wp-json\/wp\/v2\/product_cat?post=236169"},{"taxonomy":"product_tag","embeddable":true,"href":"http:\/\/3.144.191.25\/en\/wp-json\/wp\/v2\/product_tag?post=236169"}],"curies":[{"name":"wp","href":"https:\/\/api.w.org\/{rel}","templated":true}]}}