{"id":236171,"date":"2024-09-23T22:07:56","date_gmt":"2024-09-23T22:07:56","guid":{"rendered":"https:\/\/www.rctvinternational.com\/?post_type=product&#038;p=236171"},"modified":"2024-09-23T22:10:43","modified_gmt":"2024-09-23T22:10:43","slug":"un-milagro-en-navidad","status":"publish","type":"product","link":"http:\/\/3.144.191.25\/en\/product\/un-milagro-en-navidad\/","title":{"rendered":"Un Milagro En Navidad"},"content":{"rendered":"<div style=\"width: 100%; min-height: 1px;\" id=\"vimeo-wc-video-6a02299b9972f\" data-js=\"vimeo-wc-video\" data-atts=\"{&quot;autopause&quot;:&quot;true&quot;,&quot;autoplay&quot;:false,&quot;background&quot;:false,&quot;byline&quot;:&quot;true&quot;,&quot;color&quot;:&quot;none&quot;,&quot;controls&quot;:&quot;true&quot;,&quot;dnt&quot;:&quot;true&quot;,&quot;height&quot;:&quot;none&quot;,&quot;id&quot;:false,&quot;loop&quot;:false,&quot;maxheight&quot;:&quot;none&quot;,&quot;maxwidth&quot;:&quot;none&quot;,&quot;muted&quot;:false,&quot;pip&quot;:false,&quot;playsinline&quot;:&quot;true&quot;,&quot;portrait&quot;:&quot;true&quot;,&quot;quality&quot;:&quot;auto&quot;,&quot;responsive&quot;:&quot;true&quot;,&quot;speed&quot;:false,&quot;texttrack&quot;:&quot;none&quot;,&quot;title&quot;:&quot;true&quot;,&quot;transparent&quot;:true,&quot;url&quot;:&quot;https:\\\/\\\/vimeo.com\\\/930392611&quot;,&quot;width&quot;:&quot;none&quot;}\"><\/div>","protected":false},"excerpt":{"rendered":"<p style=\"text-align: justify;\"><img decoding=\"async\" loading=\"lazy\" class=\"alignnone size-medium wp-image-236639\" src=\"https:\/\/www.rctvinternational.com\/wp-content\/uploads\/2024\/09\/Milagro-de-navidad-claqueta-2024-267x300.png\" alt=\"\" width=\"267\" height=\"300\" \/><\/p>\n<p style=\"text-align: justify;\"><img decoding=\"async\" loading=\"lazy\" class=\"alignnone size-full wp-image-232350\" src=\"https:\/\/www.rctvinternational.com\/wp-content\/uploads\/2020\/10\/Sinopsis.png\" alt=\"\" width=\"125\" height=\"57\" \/><\/p>\n<p style=\"text-align: justify;\" data-sourcepos=\"5:1-5:67\">Bel\u00e9n <strong>(Maryalejandra Mart\u00ed)<\/strong>, una madre desconsolada, vive sumida en una angustia profunda desde la desaparici\u00f3n de su hijo. Cada Navidad, la ausencia del peque\u00f1o se hace m\u00e1s palpable, reviviendo la esperanza y el dolor de una p\u00e9rdida que la ha marcado.<\/p>\n<p style=\"text-align: justify;\" data-sourcepos=\"7:1-7:126\">Semana tras semana, Bel\u00e9n acude a la polic\u00eda, aferr\u00e1ndose a cualquier indicio que pueda conducirla al reencuentro con su amado hijo. Un d\u00eda, una noticia sacude su mundo: unos agentes han encontrado a unos ni\u00f1os en la calle, y uno de ellos podr\u00eda ser su peque\u00f1o.<\/p>\n<p style=\"text-align: justify;\" data-sourcepos=\"11:1-11:175\">Al encontrarse con los ni\u00f1os, Bel\u00e9n los observa con detenimiento, buscando en sus rostros alg\u00fan rasgo familiar que la ayude a reconocer a su hijo. Justo cuando est\u00e1 a punto de identificar una mirada, una sonrisa, los peque\u00f1os escapan, desvaneci\u00e9ndose entre la multitud como fantasmas.<\/p>\n<p style=\"text-align: justify;\" data-sourcepos=\"13:1-13:341\">A pesar de la nueva decepci\u00f3n, Bel\u00e9n no se rinde y con renovada determinaci\u00f3n, junto al inspector y sus agentes, emprende una desesperada b\u00fasqueda. La polic\u00eda, en especial el inspector del caso, sabiendo la importancia de actuar con rapidez, comienza a seguir cada paso que dieron los ni\u00f1os, para que Bel\u00e9n pueda estar m\u00e1s cerca del milagro que tanto ha pedido: el reencuentro con su hijo perdido en esa m\u00e1gica Navidad.<\/p>\n<p style=\"text-align: justify;\"><img decoding=\"async\" loading=\"lazy\" class=\"alignnone size-full wp-image-231431\" src=\"https:\/\/www.rctvinternational.com\/wp-content\/uploads\/2020\/04\/deberias-saber-que.jpg\" alt=\"\" width=\"265\" height=\"39\" \/><\/p>\n<p style=\"text-align: justify;\">Esta producci\u00f3n cuenta con el trabajo actoral de Alberto Mar\u00edn, reconocido como uno de los primeros actores de la televisi\u00f3n venezolana. Mar\u00edn es conocido por su potente voz y su imponente presencia en escena, habiendo participado en numerosas producciones destacadas, entre ellas <strong>\u2018<\/strong><strong>La hija de Juana Crespo\u2019<\/strong>.<\/p>\n<p style=\"text-align: justify;\">Adem\u00e1s, la pel\u00edcula presenta la inesperada actuaci\u00f3n de Alexandro Noguera, generalmente conocido por su creaci\u00f3n e interpretaci\u00f3n del personaje Charly Mata, una figura de gran fama y popularidad en el programa de televisi\u00f3n <strong>\u2018<\/strong><strong>Radio Rochela\u2019<\/strong>, emitido por Radio Caracas Televisi\u00f3n.<\/p>","protected":false},"featured_media":236404,"template":"","meta":{"_et_pb_use_builder":"","_et_pb_old_content":"","_et_gb_content_width":""},"product_cat":[24],"product_tag":[1205,1268,763,1270,1231,1152,1204,1269],"acf":[],"_links":{"self":[{"href":"http:\/\/3.144.191.25\/en\/wp-json\/wp\/v2\/product\/236171"}],"collection":[{"href":"http:\/\/3.144.191.25\/en\/wp-json\/wp\/v2\/product"}],"about":[{"href":"http:\/\/3.144.191.25\/en\/wp-json\/wp\/v2\/types\/product"}],"wp:featuredmedia":[{"embeddable":true,"href":"http:\/\/3.144.191.25\/en\/wp-json\/wp\/v2\/media\/236404"}],"wp:attachment":[{"href":"http:\/\/3.144.191.25\/en\/wp-json\/wp\/v2\/media?parent=236171"}],"wp:term":[{"taxonomy":"product_cat","embeddable":true,"href":"http:\/\/3.144.191.25\/en\/wp-json\/wp\/v2\/product_cat?post=236171"},{"taxonomy":"product_tag","embeddable":true,"href":"http:\/\/3.144.191.25\/en\/wp-json\/wp\/v2\/product_tag?post=236171"}],"curies":[{"name":"wp","href":"https:\/\/api.w.org\/{rel}","templated":true}]}}