{"id":236172,"date":"2024-09-13T21:01:17","date_gmt":"2024-09-13T21:01:17","guid":{"rendered":"https:\/\/www.rctvinternational.com\/?post_type=product&#038;p=236172"},"modified":"2024-09-13T21:01:17","modified_gmt":"2024-09-13T21:01:17","slug":"luna-de-miel-en-tinieblas","status":"publish","type":"product","link":"http:\/\/3.144.191.25\/en\/product\/luna-de-miel-en-tinieblas\/","title":{"rendered":"Luna De Miel En Tinieblas"},"content":{"rendered":"<div style=\"width: 100%; min-height: 1px;\" id=\"vimeo-wc-video-6a0215c261c3a\" data-js=\"vimeo-wc-video\" data-atts=\"{&quot;autopause&quot;:&quot;true&quot;,&quot;autoplay&quot;:false,&quot;background&quot;:false,&quot;byline&quot;:&quot;true&quot;,&quot;color&quot;:&quot;none&quot;,&quot;controls&quot;:&quot;true&quot;,&quot;dnt&quot;:&quot;true&quot;,&quot;height&quot;:&quot;none&quot;,&quot;id&quot;:false,&quot;loop&quot;:false,&quot;maxheight&quot;:&quot;none&quot;,&quot;maxwidth&quot;:&quot;none&quot;,&quot;muted&quot;:false,&quot;pip&quot;:false,&quot;playsinline&quot;:&quot;true&quot;,&quot;portrait&quot;:&quot;true&quot;,&quot;quality&quot;:&quot;auto&quot;,&quot;responsive&quot;:&quot;true&quot;,&quot;speed&quot;:false,&quot;texttrack&quot;:&quot;none&quot;,&quot;title&quot;:&quot;true&quot;,&quot;transparent&quot;:true,&quot;url&quot;:&quot;https:\\\/\\\/vimeo.com\\\/968303328&quot;,&quot;width&quot;:&quot;none&quot;}\"><\/div>","protected":false},"excerpt":{"rendered":"<p><img decoding=\"async\" loading=\"lazy\" class=\"alignnone size-medium wp-image-236416\" src=\"https:\/\/www.rctvinternational.com\/wp-content\/uploads\/2024\/08\/Claquetas-Unitarios-2024-267x300.png\" alt=\"\" width=\"267\" height=\"300\" \/><\/p>\n<p style=\"text-align: justify;\"><img decoding=\"async\" loading=\"lazy\" class=\"alignnone size-full wp-image-232350\" src=\"https:\/\/www.rctvinternational.com\/wp-content\/uploads\/2020\/10\/Sinopsis.png\" alt=\"\" width=\"125\" height=\"57\" \/><\/p>\n<p style=\"text-align: justify;\">Sumergidos en un romance lleno de sue\u00f1os y promesas, Milena y Sebasti\u00e1n, deciden casarse apresuradamente, llevados por su emoci\u00f3n. Los reci\u00e9n casados, emprenden su luna de miel, m\u00e1s enamorados que nunca, con ilusi\u00f3n y pasi\u00f3n sincera.<\/p>\n<p style=\"text-align: justify;\">Lo que comienza como un viaje hacia el para\u00edso se convierte en una experiencia oscura. Mientras, una serie de eventos sombr\u00edos comienzan a perturbar su idilio. Se trata de extra\u00f1os sucesos, misteriosos, que les hace sentir que no est\u00e1n solos, que algo siniestro acecha en las sombras de la noche.<\/p>\n<p style=\"text-align: justify;\">El momento de la verdad llega cuando su chofer, un hombre tranquilo y experimentado, advierte una amenaza ineludible y mortal: unos perros salvajes y despiadados que parec\u00edan estar decididos a acabar con ellos. Perseguidos y acosados, la pareja y su chofer se ven envueltos en una lucha desesperada por sus vidas.<\/p>\n<p style=\"text-align: justify;\">En medio de la oscuridad, entre aullidos y ladridos amenazantes, Milena (<strong>Carolina Perpetuo<\/strong>) y Sebasti\u00e1n (<strong>Aroldo Betancourt)<\/strong> comprenden que su luna de miel se transform\u00f3 en una prueba de coraje y supervivencia, donde el amor que los une se convierte en su \u00fanica fortaleza contra el terror que los rodea.<\/p>\n<p style=\"text-align: justify;\"><img decoding=\"async\" loading=\"lazy\" class=\"alignnone size-full wp-image-231431\" src=\"https:\/\/www.rctvinternational.com\/wp-content\/uploads\/2020\/04\/deberias-saber-que.jpg\" alt=\"\" width=\"265\" height=\"39\" \/><\/p>\n<p style=\"text-align: justify;\"><strong>\u2018Luna de Miel en Tinieblas\u2019 <\/strong>es una obra original de Alfredo Lugo, un renombrado cineasta venezolano que tambi\u00e9n dirigi\u00f3 importantes producciones cinematogr\u00e1ficas como <strong>\u2018<\/strong><strong>La Hora del Tigre\u2019<\/strong> y <strong>\u2018<\/strong><strong>Operaci\u00f3n Billete\u2019<\/strong>.<\/p>\n<p style=\"text-align: justify;\">Esta pel\u00edcula cuenta con un extraordinario elenco encabezado por Aroldo Betancourt, reconocido actor que ha participado en varias producciones destacadas de <strong>RCTV<\/strong>, incluyendo la emblem\u00e1tica <strong>\u2018<\/strong><strong>Por Estas Calles\u2019<\/strong>.<\/p>\n<p style=\"text-align: justify;\">","protected":false},"featured_media":236396,"template":"","meta":{"_et_pb_use_builder":"","_et_pb_old_content":"","_et_gb_content_width":""},"product_cat":[24],"product_tag":[270,415,1229,727,1152,745,1204,1238],"acf":[],"_links":{"self":[{"href":"http:\/\/3.144.191.25\/en\/wp-json\/wp\/v2\/product\/236172"}],"collection":[{"href":"http:\/\/3.144.191.25\/en\/wp-json\/wp\/v2\/product"}],"about":[{"href":"http:\/\/3.144.191.25\/en\/wp-json\/wp\/v2\/types\/product"}],"wp:featuredmedia":[{"embeddable":true,"href":"http:\/\/3.144.191.25\/en\/wp-json\/wp\/v2\/media\/236396"}],"wp:attachment":[{"href":"http:\/\/3.144.191.25\/en\/wp-json\/wp\/v2\/media?parent=236172"}],"wp:term":[{"taxonomy":"product_cat","embeddable":true,"href":"http:\/\/3.144.191.25\/en\/wp-json\/wp\/v2\/product_cat?post=236172"},{"taxonomy":"product_tag","embeddable":true,"href":"http:\/\/3.144.191.25\/en\/wp-json\/wp\/v2\/product_tag?post=236172"}],"curies":[{"name":"wp","href":"https:\/\/api.w.org\/{rel}","templated":true}]}}