{"id":236181,"date":"2024-07-18T23:00:26","date_gmt":"2024-07-18T23:00:26","guid":{"rendered":"https:\/\/www.rctvinternational.com\/?post_type=product&#038;p=236181"},"modified":"2024-09-23T21:56:58","modified_gmt":"2024-09-23T21:56:58","slug":"la-hora-de-la-verdad","status":"publish","type":"product","link":"http:\/\/3.144.191.25\/en\/product\/la-hora-de-la-verdad\/","title":{"rendered":"La Hora De La Verdad"},"content":{"rendered":"<div style=\"width: 100%; min-height: 1px;\" id=\"vimeo-wc-video-6a022f830ca15\" data-js=\"vimeo-wc-video\" data-atts=\"{&quot;autopause&quot;:&quot;true&quot;,&quot;autoplay&quot;:false,&quot;background&quot;:false,&quot;byline&quot;:&quot;true&quot;,&quot;color&quot;:&quot;none&quot;,&quot;controls&quot;:&quot;true&quot;,&quot;dnt&quot;:&quot;true&quot;,&quot;height&quot;:&quot;none&quot;,&quot;id&quot;:false,&quot;loop&quot;:false,&quot;maxheight&quot;:&quot;none&quot;,&quot;maxwidth&quot;:&quot;none&quot;,&quot;muted&quot;:false,&quot;pip&quot;:false,&quot;playsinline&quot;:&quot;true&quot;,&quot;portrait&quot;:&quot;true&quot;,&quot;quality&quot;:&quot;auto&quot;,&quot;responsive&quot;:&quot;true&quot;,&quot;speed&quot;:false,&quot;texttrack&quot;:&quot;none&quot;,&quot;title&quot;:&quot;true&quot;,&quot;transparent&quot;:true,&quot;url&quot;:&quot;https:\\\/\\\/vimeo.com\\\/968276939&quot;,&quot;width&quot;:&quot;none&quot;}\"><\/div>","protected":false},"excerpt":{"rendered":"<p style=\"text-align: justify;\"><img decoding=\"async\" loading=\"lazy\" class=\"alignnone size-medium wp-image-236182\" src=\"https:\/\/www.rctvinternational.com\/wp-content\/uploads\/2024\/07\/La-Hora-De-La-Verdad-Claquetas-35-267x300.png\" alt=\"\" width=\"267\" height=\"300\" \/><\/p>\n<p style=\"text-align: justify;\"><img decoding=\"async\" loading=\"lazy\" class=\"alignnone size-full wp-image-232350\" src=\"https:\/\/www.rctvinternational.com\/wp-content\/uploads\/2020\/10\/Sinopsis.png\" alt=\"\" width=\"125\" height=\"57\" \/><\/p>\n<p style=\"text-align: justify;\">En un pa\u00eds donde la corrupci\u00f3n y el poder caminan de la mano, un oscuro suceso estremece a la naci\u00f3n. Un avi\u00f3n se estrella en la pista de un aeropuerto reci\u00e9n inaugurado, cobrando la vida de 23 personas inocentes. El silencio y las evasivas reinan en los pasillos del Ministerio de V\u00edas y Comunicaciones y la falta de explicaciones generan una atm\u00f3sfera de desconfianza, indignaci\u00f3n y dolor entre la poblaci\u00f3n.<\/p>\n<p style=\"text-align: justify;\">Entre las sombras de este caos, surge una valiente y comprometida periodista de televisi\u00f3n, Ana Bel\u00e9n Colmenares (<strong>Gisvel Ascanio<\/strong>), cuyo prop\u00f3sito en la vida es destapar la verdad, sin importar los riesgos. Ella presiente que este tr\u00e1gico accidente no es un simple error humano y decide investigar cada detalle.<\/p>\n<p style=\"text-align: justify;\">Durante la averiguaci\u00f3n, Ana descubre que su esposo, Aquiles Dom\u00ednguez, un importante empleado gubernamental, est\u00e1 involucrado en las licitaciones ilegales y las decisiones corruptas que provocaron el accidente. Esta revelaci\u00f3n coloca a Ana en una encrucijada moral: sus principios o la protecci\u00f3n de su familia.<\/p>\n<p style=\"text-align: justify;\">Los responsables de la corrupci\u00f3n est\u00e1n decididos a impedir que la verdad salga a la luz. La polic\u00eda apresa a un presunto culpable. Sin embargo, esta detenci\u00f3n no es convincente. La verdad deber\u00e1 ser demostrada para finalmente saber qui\u00e9n es el verdadero responsable, si es este hombre o alguien que sigue en libertad, escondido tras una mara\u00f1a de mentiras y corrupci\u00f3n.<\/p>\n<p style=\"text-align: justify;\"><img decoding=\"async\" loading=\"lazy\" class=\"alignnone size-full wp-image-231431\" src=\"https:\/\/www.rctvinternational.com\/wp-content\/uploads\/2020\/04\/deberias-saber-que.jpg\" alt=\"\" width=\"265\" height=\"39\" \/><\/p>\n<p style=\"text-align: justify;\">La actriz que interpreta a Ana Colmenares, <strong>Gisvel Ascanio, <\/strong>tambi\u00e9n\u00a0ha participado en m\u00faltiples producciones exitosas de <strong>RCTV<\/strong>, como las telenovelas <strong>\u2018La ni\u00f1a de mis ojos\u2019<\/strong>, <strong>\u2018La Dama de Rosa\u2019 <\/strong>y<strong> \u2018Por estas calles\u2019<\/strong>, series como<strong> \u2018La pandilla de los siete\u2019 <\/strong>y pel\u00edculas como<strong> \u2018Pobre negro\u2019<\/strong> <strong>\u2018Juan y El rey de las latas<\/strong>\u2019. Por sus magistrales actuaciones, ha sido galardonada con grandes premios nacionales e internacionales, reconociendo su excelente trayectoria en el mundo televisivo.<\/p>","protected":false},"featured_media":236183,"template":"","meta":{"_et_pb_use_builder":"","_et_pb_old_content":"","_et_gb_content_width":""},"product_cat":[24],"product_tag":[1229,1272,1152,745,1204,1269,1271],"acf":[],"_links":{"self":[{"href":"http:\/\/3.144.191.25\/en\/wp-json\/wp\/v2\/product\/236181"}],"collection":[{"href":"http:\/\/3.144.191.25\/en\/wp-json\/wp\/v2\/product"}],"about":[{"href":"http:\/\/3.144.191.25\/en\/wp-json\/wp\/v2\/types\/product"}],"wp:featuredmedia":[{"embeddable":true,"href":"http:\/\/3.144.191.25\/en\/wp-json\/wp\/v2\/media\/236183"}],"wp:attachment":[{"href":"http:\/\/3.144.191.25\/en\/wp-json\/wp\/v2\/media?parent=236181"}],"wp:term":[{"taxonomy":"product_cat","embeddable":true,"href":"http:\/\/3.144.191.25\/en\/wp-json\/wp\/v2\/product_cat?post=236181"},{"taxonomy":"product_tag","embeddable":true,"href":"http:\/\/3.144.191.25\/en\/wp-json\/wp\/v2\/product_tag?post=236181"}],"curies":[{"name":"wp","href":"https:\/\/api.w.org\/{rel}","templated":true}]}}