{"id":236187,"date":"2024-09-18T20:40:16","date_gmt":"2024-09-18T20:40:16","guid":{"rendered":"https:\/\/www.rctvinternational.com\/?post_type=product&#038;p=236187"},"modified":"2024-09-18T20:43:43","modified_gmt":"2024-09-18T20:43:43","slug":"entrevista-a-un-asesino","status":"publish","type":"product","link":"http:\/\/3.144.191.25\/en\/product\/entrevista-a-un-asesino\/","title":{"rendered":"Entrevista a un Asesino"},"content":{"rendered":"<div style=\"width: 100%; min-height: 1px;\" id=\"vimeo-wc-video-6a02299b867d8\" data-js=\"vimeo-wc-video\" data-atts=\"{&quot;autopause&quot;:&quot;true&quot;,&quot;autoplay&quot;:false,&quot;background&quot;:false,&quot;byline&quot;:&quot;true&quot;,&quot;color&quot;:&quot;none&quot;,&quot;controls&quot;:&quot;true&quot;,&quot;dnt&quot;:&quot;true&quot;,&quot;height&quot;:&quot;none&quot;,&quot;id&quot;:false,&quot;loop&quot;:false,&quot;maxheight&quot;:&quot;none&quot;,&quot;maxwidth&quot;:&quot;none&quot;,&quot;muted&quot;:false,&quot;pip&quot;:false,&quot;playsinline&quot;:&quot;true&quot;,&quot;portrait&quot;:&quot;true&quot;,&quot;quality&quot;:&quot;auto&quot;,&quot;responsive&quot;:&quot;true&quot;,&quot;speed&quot;:false,&quot;texttrack&quot;:&quot;none&quot;,&quot;title&quot;:&quot;true&quot;,&quot;transparent&quot;:true,&quot;url&quot;:&quot;https:\\\/\\\/vimeo.com\\\/968255449&quot;,&quot;width&quot;:&quot;none&quot;}\"><\/div>","protected":false},"excerpt":{"rendered":"<p><img decoding=\"async\" loading=\"lazy\" class=\"alignnone size-medium wp-image-236603\" src=\"https:\/\/www.rctvinternational.com\/wp-content\/uploads\/2024\/07\/Entrevista-a-un-asesino-Claquetas1-2024-267x300.png\" alt=\"\" width=\"267\" height=\"300\" \/><\/p>\n<p><img decoding=\"async\" loading=\"lazy\" class=\"alignnone size-full wp-image-232350\" src=\"https:\/\/www.rctvinternational.com\/wp-content\/uploads\/2020\/10\/Sinopsis.png\" alt=\"\" width=\"125\" height=\"57\" \/><\/p>\n<p>La vida de una osada periodista cambia radicalmente cuando decide desenmascarar a Pablo C\u00e1rdenas, un hombre que para ella es sospechoso de asesinar a su esposa. Decidida a revelar la verdad, la periodista organiza una entrevista con el C\u00e1rdenas, convencida de que atrapar\u00e1 a un monstruo. Pero las cosas no salen como planea y termina atrapada en las redes de C\u00e1rdenas.<\/p>\n<p>Una noche, en un cambio de planes impulsivo, decide no asistir a la cena que ten\u00eda programada y, en su lugar, documenta un concierto muy especial. Mientras toma fotos del evento, es abordada por unos sujetos armados que la retienen y le destrozan la c\u00e1mara. En un momento de tensi\u00f3n, confiesa que estaba all\u00ed porque cree que el hombre al que fotografiaba es un asesino. Sorprendentemente, la dejan ir, y poco despu\u00e9s, el sospechoso, Pablo C\u00e1rdenas, acepta concederle una serie de entrevistas.<\/p>\n<p>Estas entrevistas vienen con condiciones estrictas: C\u00e1rdenas elige la hora y el d\u00eda, no se permite el uso de grabadoras, y solo \u00e9l puede terminar la entrevista. Aceptando las condiciones, la periodista se adentra en un juego peligroso de preguntas y respuestas, con la esperanza de encontrar la verdad y la justicia.<\/p>\n<p>A medida que las entrevistas avanzan, la periodista se encuentra cada vez m\u00e1s atrapada por el carisma y la astucia de C\u00e1rdenas. Al parecer, la periodista ha subestimado a su oponente. En cada encuentro se van revelando oscuros secretos que la acercan cada vez m\u00e1s al abismo.<\/p>\n<p><img decoding=\"async\" loading=\"lazy\" class=\"alignnone size-full wp-image-231431\" src=\"https:\/\/www.rctvinternational.com\/wp-content\/uploads\/2020\/04\/deberias-saber-que.jpg\" alt=\"\" width=\"265\" height=\"39\" \/><\/p>\n<p>Alicia Plaza, la protagonista de &#8216;<strong>Entrevista a un asesino&#8217;<\/strong>, es una talentosa actriz y cantante venezolana que ha participado en numerosas telenovelas en Venezuela y Estados Unidos, consolid\u00e1ndose como una figura destacada en el mundo del entretenimiento.<\/p>","protected":false},"featured_media":236189,"template":"","meta":{"_et_pb_use_builder":"","_et_pb_old_content":"","_et_gb_content_width":""},"product_cat":[24],"product_tag":[1205,1303,1231,1264,745,1204,1269,1238],"acf":[],"_links":{"self":[{"href":"http:\/\/3.144.191.25\/en\/wp-json\/wp\/v2\/product\/236187"}],"collection":[{"href":"http:\/\/3.144.191.25\/en\/wp-json\/wp\/v2\/product"}],"about":[{"href":"http:\/\/3.144.191.25\/en\/wp-json\/wp\/v2\/types\/product"}],"wp:featuredmedia":[{"embeddable":true,"href":"http:\/\/3.144.191.25\/en\/wp-json\/wp\/v2\/media\/236189"}],"wp:attachment":[{"href":"http:\/\/3.144.191.25\/en\/wp-json\/wp\/v2\/media?parent=236187"}],"wp:term":[{"taxonomy":"product_cat","embeddable":true,"href":"http:\/\/3.144.191.25\/en\/wp-json\/wp\/v2\/product_cat?post=236187"},{"taxonomy":"product_tag","embeddable":true,"href":"http:\/\/3.144.191.25\/en\/wp-json\/wp\/v2\/product_tag?post=236187"}],"curies":[{"name":"wp","href":"https:\/\/api.w.org\/{rel}","templated":true}]}}