{"id":236193,"date":"2024-09-04T21:55:11","date_gmt":"2024-09-04T21:55:11","guid":{"rendered":"https:\/\/www.rctvinternational.com\/?post_type=product&#038;p=236193"},"modified":"2024-10-04T22:03:15","modified_gmt":"2024-10-04T22:03:15","slug":"el-fantasma","status":"publish","type":"product","link":"http:\/\/3.144.191.25\/en\/product\/el-fantasma\/","title":{"rendered":"El Fantasma"},"content":{"rendered":"<div style=\"width: 100%; min-height: 1px;\" id=\"vimeo-wc-video-6a023dab4b49b\" data-js=\"vimeo-wc-video\" data-atts=\"{&quot;autopause&quot;:&quot;true&quot;,&quot;autoplay&quot;:false,&quot;background&quot;:false,&quot;byline&quot;:&quot;true&quot;,&quot;color&quot;:&quot;none&quot;,&quot;controls&quot;:&quot;true&quot;,&quot;dnt&quot;:&quot;true&quot;,&quot;height&quot;:&quot;none&quot;,&quot;id&quot;:false,&quot;loop&quot;:false,&quot;maxheight&quot;:&quot;none&quot;,&quot;maxwidth&quot;:&quot;none&quot;,&quot;muted&quot;:false,&quot;pip&quot;:false,&quot;playsinline&quot;:&quot;true&quot;,&quot;portrait&quot;:&quot;true&quot;,&quot;quality&quot;:&quot;auto&quot;,&quot;responsive&quot;:&quot;true&quot;,&quot;speed&quot;:false,&quot;texttrack&quot;:&quot;none&quot;,&quot;title&quot;:&quot;true&quot;,&quot;transparent&quot;:true,&quot;url&quot;:&quot;https:\\\/\\\/vimeo.com\\\/968246629&quot;,&quot;width&quot;:&quot;none&quot;}\"><\/div>","protected":false},"excerpt":{"rendered":"<p><img decoding=\"async\" loading=\"lazy\" class=\"alignnone size-medium wp-image-236194\" src=\"https:\/\/www.rctvinternational.com\/wp-content\/uploads\/2024\/07\/El-Fantasma-Claquetas-33-267x300.png\" alt=\"\" width=\"267\" height=\"300\" \/><\/p>\n<p><img decoding=\"async\" loading=\"lazy\" class=\"alignnone size-full wp-image-232350\" src=\"https:\/\/www.rctvinternational.com\/wp-content\/uploads\/2020\/10\/Sinopsis.png\" alt=\"\" width=\"125\" height=\"57\" \/><\/p>\n<p style=\"text-align: justify;\" data-sourcepos=\"5:1-5:306\">En la penumbra de un estudio de cine, acecha una figura fantasmal, un actor desfigurado por el destino y consumido por la venganza. Fabricio Alem\u00e1n, una vez una estrella en ascenso, ahora es un espectro que vaga por los pasillos, atormentando a las actrices que un d\u00eda compartieron el escenario con \u00e9l.<\/p>\n<p style=\"text-align: justify;\" data-sourcepos=\"7:1-7:298\">Tras un tr\u00e1gico accidente que lo dej\u00f3 al borde de la muerte, Fabricio se oculta en las sombras, su rostro desfigurado por las llamas. Con el paso de los a\u00f1os, se convierte en una leyenda urbana, un fantasma que susurra al o\u00eddo de sus v\u00edctimas y siembra el terror en el coraz\u00f3n de quienes lo cruzan.<\/p>\n<p style=\"text-align: justify;\" data-sourcepos=\"9:1-9:258\">Mientras tanto, una nueva generaci\u00f3n de actores y actrices se pregunta si las leyendas son ciertas. \u00bfEs Fabricio Alem\u00e1n realmente un fantasma que busca venganza? La reapertura de la investigaci\u00f3n sobre su desaparici\u00f3n solo alimenta las teor\u00edas y los rumores.<\/p>\n<p style=\"text-align: justify;\" data-sourcepos=\"11:1-11:212\">En este juego de apariciones y desapariciones, la l\u00ednea entre la realidad y la ficci\u00f3n se difumina. \u00bfSer\u00e1 Fabricio capaz de encontrar la paz o estar\u00e1 condenado a vagar por la eternidad, atormentado por su pasado?<\/p>\n<p style=\"text-align: justify;\"><img decoding=\"async\" loading=\"lazy\" class=\"alignnone size-full wp-image-231431\" src=\"https:\/\/www.rctvinternational.com\/wp-content\/uploads\/2020\/04\/deberias-saber-que.jpg\" alt=\"\" width=\"265\" height=\"39\" \/><\/p>\n<p style=\"text-align: justify;\">&#8216;<strong>El Fantasma&#8217;<\/strong> es una reinvenci\u00f3n del cl\u00e1sico g\u00f3tico, adaptada a la realidad contempor\u00e1nea y con una dosis extra de suspenso. En este caso encarnado por <strong>Carlos C\u00e1mara<\/strong>, un \u00edcono de la televisi\u00f3n venezolana. Su interpretaci\u00f3n nos sumerge en un mundo de oscuridad y venganza, donde la l\u00ednea entre la realidad y la ficci\u00f3n se difumina. Recordado por su papel en la exitosa telenovela <strong>\u00abTopacio\u00bb<\/strong>, C\u00e1mara demuestra una vez m\u00e1s su talento para interpretar personajes complejos y llenos de matices.<\/p>\n<p>&nbsp;<\/p>","protected":false},"featured_media":236680,"template":"","meta":{"_et_pb_use_builder":"","_et_pb_old_content":"","_et_gb_content_width":""},"product_cat":[24],"product_tag":[1302,429,1205,1299,1301,1300,1204,1214,1238],"acf":[],"_links":{"self":[{"href":"http:\/\/3.144.191.25\/en\/wp-json\/wp\/v2\/product\/236193"}],"collection":[{"href":"http:\/\/3.144.191.25\/en\/wp-json\/wp\/v2\/product"}],"about":[{"href":"http:\/\/3.144.191.25\/en\/wp-json\/wp\/v2\/types\/product"}],"wp:featuredmedia":[{"embeddable":true,"href":"http:\/\/3.144.191.25\/en\/wp-json\/wp\/v2\/media\/236680"}],"wp:attachment":[{"href":"http:\/\/3.144.191.25\/en\/wp-json\/wp\/v2\/media?parent=236193"}],"wp:term":[{"taxonomy":"product_cat","embeddable":true,"href":"http:\/\/3.144.191.25\/en\/wp-json\/wp\/v2\/product_cat?post=236193"},{"taxonomy":"product_tag","embeddable":true,"href":"http:\/\/3.144.191.25\/en\/wp-json\/wp\/v2\/product_tag?post=236193"}],"curies":[{"name":"wp","href":"https:\/\/api.w.org\/{rel}","templated":true}]}}