{"id":236206,"date":"2024-09-23T23:14:39","date_gmt":"2024-09-23T23:14:39","guid":{"rendered":"https:\/\/www.rctvinternational.com\/?post_type=product&#038;p=236206"},"modified":"2024-10-09T15:45:01","modified_gmt":"2024-10-09T15:45:01","slug":"prisioneros-de-la-noche","status":"publish","type":"product","link":"http:\/\/3.144.191.25\/en\/product\/prisioneros-de-la-noche\/","title":{"rendered":"Prisioneros De La Noche"},"content":{"rendered":"<div style=\"width: 100%; min-height: 1px;\" id=\"vimeo-wc-video-6a020ac4a3f7a\" data-js=\"vimeo-wc-video\" data-atts=\"{&quot;autopause&quot;:&quot;true&quot;,&quot;autoplay&quot;:false,&quot;background&quot;:false,&quot;byline&quot;:&quot;true&quot;,&quot;color&quot;:&quot;none&quot;,&quot;controls&quot;:&quot;true&quot;,&quot;dnt&quot;:&quot;true&quot;,&quot;height&quot;:&quot;none&quot;,&quot;id&quot;:false,&quot;loop&quot;:false,&quot;maxheight&quot;:&quot;none&quot;,&quot;maxwidth&quot;:&quot;none&quot;,&quot;muted&quot;:false,&quot;pip&quot;:false,&quot;playsinline&quot;:&quot;true&quot;,&quot;portrait&quot;:&quot;true&quot;,&quot;quality&quot;:&quot;auto&quot;,&quot;responsive&quot;:&quot;true&quot;,&quot;speed&quot;:false,&quot;texttrack&quot;:&quot;none&quot;,&quot;title&quot;:&quot;true&quot;,&quot;transparent&quot;:true,&quot;url&quot;:&quot;https:\\\/\\\/vimeo.com\\\/968319640&quot;,&quot;width&quot;:&quot;none&quot;}\"><\/div>","protected":false},"excerpt":{"rendered":"<p style=\"text-align: justify;\"><img decoding=\"async\" loading=\"lazy\" class=\"alignnone size-medium wp-image-236615\" src=\"https:\/\/www.rctvinternational.com\/wp-content\/uploads\/2024\/07\/Prisioneros-de-la-noche-Claquet4s-31-267x300.png\" alt=\"\" width=\"267\" height=\"300\" \/><\/p>\n<p style=\"text-align: justify;\"><img decoding=\"async\" loading=\"lazy\" class=\"alignnone size-full wp-image-232350\" src=\"https:\/\/www.rctvinternational.com\/wp-content\/uploads\/2020\/10\/Sinopsis.png\" alt=\"\" width=\"125\" height=\"57\" \/><\/p>\n<p style=\"text-align: justify;\">Tres j\u00f3venes en su b\u00fasqueda de la cima, se encuentran atrapados en una espiral descendente hacia la autodestrucci\u00f3n. La historia comienza en la c\u00faspide del \u00e9xito, donde estos prometedores talentos parecen tenerlo todo: fama, fortuna y un futuro brillante.<\/p>\n<p style=\"text-align: justify;\">Cada uno de ellos, impulsado por la ambici\u00f3n y el deseo de conquistar el mundo, cae bajo el hechizo de las drogas. La emoci\u00f3n y el glamour que una vez iluminaron sus vidas se desvanecen r\u00e1pidamente, reemplazados por una tormenta de adicci\u00f3n que consume su esencia. El brillo de sus carreras, una vez tan prometedora, empieza a desmoronarse mientras se adentran en un mundo oscuro y peligroso que amenaza con devorarlos.<\/p>\n<p style=\"text-align: justify;\">A medida que los d\u00edas se convierten en noches interminables, las drogas transforman a estos j\u00f3venes desde los h\u00e9roes de su propia historia en tristes sombras de lo que sol\u00edan ser. Sus sue\u00f1os de grandeza se tornan en pesadillas de desesperaci\u00f3n y desesperanza, mientras cada uno lucha por mantenerse a flote en un mar de dependencia y desesperaci\u00f3n.<\/p>\n<p style=\"text-align: justify;\"><strong><img decoding=\"async\" loading=\"lazy\" class=\"alignnone size-full wp-image-231431\" src=\"https:\/\/www.rctvinternational.com\/wp-content\/uploads\/2020\/04\/deberias-saber-que.jpg\" alt=\"\" width=\"265\" height=\"39\" \/><\/strong><\/p>\n<p style=\"text-align: justify;\">En<strong> &#8216;Prisioneros de la Noche&#8217;<\/strong> el director Jhony Solorzano\u00a0 ofrece un relato potente y perturbador, record\u00e1ndonos la fragilidad de la vida y las duras realidades que acechan a quienes se adentran en el oscuro mundo de las drogas. El director explora la oscura realidad del consumo de drogas a trav\u00e9s de una historia basada en hechos reales y muestra sin tapujos c\u00f3mo la adicci\u00f3n puede desmoronar incluso las vidas m\u00e1s prometedoras, transformando sue\u00f1os de \u00e9xito en una lucha constante por la supervivencia.<\/p>","protected":false},"featured_media":236683,"template":"","meta":{"_et_pb_use_builder":"","_et_pb_old_content":"","_et_gb_content_width":""},"product_cat":[24],"product_tag":[1205,727,1296,745,388,1238],"acf":[],"_links":{"self":[{"href":"http:\/\/3.144.191.25\/en\/wp-json\/wp\/v2\/product\/236206"}],"collection":[{"href":"http:\/\/3.144.191.25\/en\/wp-json\/wp\/v2\/product"}],"about":[{"href":"http:\/\/3.144.191.25\/en\/wp-json\/wp\/v2\/types\/product"}],"wp:featuredmedia":[{"embeddable":true,"href":"http:\/\/3.144.191.25\/en\/wp-json\/wp\/v2\/media\/236683"}],"wp:attachment":[{"href":"http:\/\/3.144.191.25\/en\/wp-json\/wp\/v2\/media?parent=236206"}],"wp:term":[{"taxonomy":"product_cat","embeddable":true,"href":"http:\/\/3.144.191.25\/en\/wp-json\/wp\/v2\/product_cat?post=236206"},{"taxonomy":"product_tag","embeddable":true,"href":"http:\/\/3.144.191.25\/en\/wp-json\/wp\/v2\/product_tag?post=236206"}],"curies":[{"name":"wp","href":"https:\/\/api.w.org\/{rel}","templated":true}]}}