{"id":236218,"date":"2024-07-18T22:15:29","date_gmt":"2024-07-18T22:15:29","guid":{"rendered":"https:\/\/www.rctvinternational.com\/?post_type=product&#038;p=236218"},"modified":"2024-07-18T22:28:20","modified_gmt":"2024-07-18T22:28:20","slug":"la-noche-de-las-ratas","status":"publish","type":"product","link":"http:\/\/3.144.191.25\/en\/product\/la-noche-de-las-ratas\/","title":{"rendered":"La Noche De Las Ratas"},"content":{"rendered":"<div style=\"width: 100%; min-height: 1px;\" id=\"vimeo-wc-video-6a022fcec0c76\" data-js=\"vimeo-wc-video\" data-atts=\"{&quot;autopause&quot;:&quot;true&quot;,&quot;autoplay&quot;:false,&quot;background&quot;:false,&quot;byline&quot;:&quot;true&quot;,&quot;color&quot;:&quot;none&quot;,&quot;controls&quot;:&quot;true&quot;,&quot;dnt&quot;:&quot;true&quot;,&quot;height&quot;:&quot;none&quot;,&quot;id&quot;:false,&quot;loop&quot;:false,&quot;maxheight&quot;:&quot;none&quot;,&quot;maxwidth&quot;:&quot;none&quot;,&quot;muted&quot;:false,&quot;pip&quot;:false,&quot;playsinline&quot;:&quot;true&quot;,&quot;portrait&quot;:&quot;true&quot;,&quot;quality&quot;:&quot;auto&quot;,&quot;responsive&quot;:&quot;true&quot;,&quot;speed&quot;:false,&quot;texttrack&quot;:&quot;none&quot;,&quot;title&quot;:&quot;true&quot;,&quot;transparent&quot;:true,&quot;url&quot;:&quot;https:\\\/\\\/vimeo.com\\\/968281788&quot;,&quot;width&quot;:&quot;none&quot;}\"><\/div>","protected":false},"excerpt":{"rendered":"<p style=\"text-align: justify;\"><img decoding=\"async\" loading=\"lazy\" class=\"alignnone size-medium wp-image-236219\" src=\"https:\/\/www.rctvinternational.com\/wp-content\/uploads\/2024\/07\/La-noche-de-las-ratas-claquetas-28-267x300.png\" alt=\"\" width=\"267\" height=\"300\" \/><\/p>\n<p style=\"text-align: justify;\"><img decoding=\"async\" loading=\"lazy\" class=\"alignnone size-full wp-image-232350\" src=\"https:\/\/www.rctvinternational.com\/wp-content\/uploads\/2020\/10\/Sinopsis.png\" alt=\"\" width=\"125\" height=\"57\" \/><\/p>\n<p style=\"text-align: justify;\">En un remoto pueblo, una joven estudiante de Ingenier\u00eda alquila una antigua casa que susurra historias de un pasado oscuro. Ignorando las advertencias de los lugare\u00f1os sobre el siniestro juez que una vez la habit\u00f3, ella se instala con la determinaci\u00f3n de completar sus estudios. La casa, envuelta en sombras y susurros, parece cobrar vida propia durante las noches solitarias.<\/p>\n<p style=\"text-align: justify;\">Desde el primer d\u00eda, la estudiante nota la presencia inquietante de ratas negras de ojos rojos que parecen observarla desde las sombras. Un gato negro, con ojos amarillos brillantes, se desliza silenciosamente por los rincones. Pero lo m\u00e1s perturbador es un retrato antiguo del juez, con su peluca blanca y capa de armi\u00f1o, cuyos ojos parecen seguir cada uno de sus movimientos.<\/p>\n<p style=\"text-align: justify;\">Las noches se vuelven m\u00e1s angustiosas cuando las ratas comienzan a tocar una campana antigua, alertando al pueblo. La estudiante descubre que no est\u00e1 sola: algo oscuro y malevolente acecha en los rincones sombr\u00edos de la casa. Con la ayuda inesperada de las mismas ratas que inicialmente la aterrorizaban, la estudiante desentra\u00f1a la verdad escalofriante detr\u00e1s del juez y logra salvar su propia vida de su legado de miedo.<\/p>\n<p style=\"text-align: justify;\"><strong><img decoding=\"async\" loading=\"lazy\" class=\"alignnone size-full wp-image-231431\" src=\"https:\/\/www.rctvinternational.com\/wp-content\/uploads\/2020\/04\/deberias-saber-que.jpg\" alt=\"\" width=\"265\" height=\"39\" \/><\/strong><\/p>\n<p style=\"text-align: justify;\"><strong>\u2018La Noche de las Ratas\u2019<\/strong> es una obra maestra del terror cl\u00e1sico que impacta a\u00fan en la era moderna. Adaptada de un cuento de Bram Stoker, autor de <strong>\u2018Dr\u00e1cula\u2019<\/strong>, la pel\u00edcula utiliza una narrativa notable para evocar un terror absoluto ineludible. A trav\u00e9s de im\u00e1genes y sonidos repetitivos, como el inquietante maullido del gato negro, la pel\u00edcula construye un ambiente de terror que perdura mucho despu\u00e9s de que culmina el aterrado relato.<\/p>\n<p style=\"text-align: justify;\">","protected":false},"featured_media":236220,"template":"","meta":{"_et_pb_use_builder":"","_et_pb_old_content":"","_et_gb_content_width":""},"product_cat":[24],"product_tag":[1205,669,1280,1282,727,1281,745,1214,388],"acf":[],"_links":{"self":[{"href":"http:\/\/3.144.191.25\/en\/wp-json\/wp\/v2\/product\/236218"}],"collection":[{"href":"http:\/\/3.144.191.25\/en\/wp-json\/wp\/v2\/product"}],"about":[{"href":"http:\/\/3.144.191.25\/en\/wp-json\/wp\/v2\/types\/product"}],"wp:featuredmedia":[{"embeddable":true,"href":"http:\/\/3.144.191.25\/en\/wp-json\/wp\/v2\/media\/236220"}],"wp:attachment":[{"href":"http:\/\/3.144.191.25\/en\/wp-json\/wp\/v2\/media?parent=236218"}],"wp:term":[{"taxonomy":"product_cat","embeddable":true,"href":"http:\/\/3.144.191.25\/en\/wp-json\/wp\/v2\/product_cat?post=236218"},{"taxonomy":"product_tag","embeddable":true,"href":"http:\/\/3.144.191.25\/en\/wp-json\/wp\/v2\/product_tag?post=236218"}],"curies":[{"name":"wp","href":"https:\/\/api.w.org\/{rel}","templated":true}]}}