{"id":236224,"date":"2024-07-16T22:45:12","date_gmt":"2024-07-16T22:45:12","guid":{"rendered":"https:\/\/www.rctvinternational.com\/?post_type=product&#038;p=236224"},"modified":"2024-10-04T21:52:36","modified_gmt":"2024-10-04T21:52:36","slug":"el-asesinato-de-delgado-chalbaud","status":"publish","type":"product","link":"http:\/\/3.144.191.25\/en\/product\/el-asesinato-de-delgado-chalbaud\/","title":{"rendered":"El Asesinato De Delgado Chalbaud"},"content":{"rendered":"<div style=\"width: 100%; min-height: 1px;\" id=\"vimeo-wc-video-6a022fd0b28fd\" data-js=\"vimeo-wc-video\" data-atts=\"{&quot;autopause&quot;:&quot;true&quot;,&quot;autoplay&quot;:false,&quot;background&quot;:false,&quot;byline&quot;:&quot;true&quot;,&quot;color&quot;:&quot;none&quot;,&quot;controls&quot;:&quot;true&quot;,&quot;dnt&quot;:&quot;true&quot;,&quot;height&quot;:&quot;none&quot;,&quot;id&quot;:false,&quot;loop&quot;:false,&quot;maxheight&quot;:&quot;none&quot;,&quot;maxwidth&quot;:&quot;none&quot;,&quot;muted&quot;:false,&quot;pip&quot;:false,&quot;playsinline&quot;:&quot;true&quot;,&quot;portrait&quot;:&quot;true&quot;,&quot;quality&quot;:&quot;auto&quot;,&quot;responsive&quot;:&quot;true&quot;,&quot;speed&quot;:false,&quot;texttrack&quot;:&quot;none&quot;,&quot;title&quot;:&quot;true&quot;,&quot;transparent&quot;:true,&quot;url&quot;:&quot;https:\\\/\\\/vimeo.com\\\/968237594\\\/9204557b82&quot;,&quot;width&quot;:&quot;none&quot;}\"><\/div>","protected":false},"excerpt":{"rendered":"<p style=\"text-align: justify;\"><img decoding=\"async\" loading=\"lazy\" class=\"alignnone size-medium wp-image-236679\" src=\"https:\/\/www.rctvinternational.com\/wp-content\/uploads\/2024\/07\/El-Asesinato-de-Chalbout-2024-267x300.png\" alt=\"\" width=\"267\" height=\"300\" \/><\/p>\n<p style=\"text-align: justify;\"><img decoding=\"async\" loading=\"lazy\" class=\"alignnone size-full wp-image-232350\" src=\"https:\/\/www.rctvinternational.com\/wp-content\/uploads\/2020\/10\/Sinopsis.png\" alt=\"\" width=\"125\" height=\"57\" \/><\/p>\n<p style=\"text-align: justify;\" data-sourcepos=\"12:1-12:446\">En la convulsa Venezuela de los a\u00f1os 50, la ambici\u00f3n y la traici\u00f3n se entrelazan en un drama que culminar\u00e1 en un tr\u00e1gico desenlace. Rafael Sim\u00f3n Urbina, un hombre marcado por el resentimiento y la frustraci\u00f3n, trama un plan para eliminar a <strong>Carlos Delgado Chalbaud (Ra\u00fal Amundaray),<\/strong> el l\u00edder de la Junta Militar que gobierna al pa\u00eds. Impulsado por un odio profundo hacia el r\u00e9gimen y una sed de poder insaciable, Urbina orquesta un audaz secuestro que terminar\u00e1 en un brutal asesinato.<\/p>\n<p style=\"text-align: justify;\" data-sourcepos=\"14:1-14:301\">Delgado Chalbaud, un hombre visionario pero tambi\u00e9n autoritario, se convierte en el blanco de un complot que sacudir\u00e1 los cimientos de la naci\u00f3n. Mientras el l\u00edder militar lucha por consolidar su poder y enfrentar los desaf\u00edos de una \u00e9poca turbulenta, no sospecha de la amenaza que se cierne sobre \u00e9l.<\/p>\n<p style=\"text-align: justify;\" data-sourcepos=\"16:1-16:503\">La historia se sumerge en los oscuros recovecos de la pol\u00edtica venezolana, revelando las intrigas, las alianzas y las traiciones que marcaron una \u00e9poca. A trav\u00e9s de la mirada de sus protagonistas, el espectador ser\u00e1 testigo de un drama apasionante que culminar\u00e1 en un tr\u00e1gico desenlace.<\/p>\n<p style=\"text-align: justify;\">La creciente tensi\u00f3n entre Delgado Chalbaud y Urbina, transforma la diferencias pol\u00edticas en una enemistad personal. Urbina, impulsado por una combinaci\u00f3n de resentimiento y ambici\u00f3n desmedida, se embarca en un audaz plan para secuestrar y asesinar al l\u00edder militar. Mientras Delgado Chalbaud lucha por navegar las complejidades de su gobierno y sus aspiraciones de reforma, no tiene idea de la amenaza inminente que se cierne sobre \u00e9l.<\/p>\n<div class=\"flex flex-grow flex-col max-w-full\">\n<div class=\"min-h-[20px] text-message flex w-full flex-col items-end gap-2 whitespace-pre-wrap break-words [.text-message+&amp;]:mt-5 overflow-x-auto\" dir=\"auto\" data-message-author-role=\"assistant\" data-message-id=\"bbfa1aeb-2c38-4fe8-9e96-6c3851c493f8\">\n<div class=\"flex w-full flex-col gap-1 empty:hidden first:pt-[3px]\">\n<div class=\"markdown prose w-full break-words dark:prose-invert dark\">\n<p style=\"text-align: justify;\">Finalmente, los movimientos calculados de Urbina rinden fruto y el coronel Chalbaud\u00a0 es asesinado brutalmente en Caracas luego de haber sido secuestrado cerca de su casa en el Country Club en una escena estremecedora que revela el impacto devastador del acto violento, un magnicidio que marca un hito en la historia de Venezuela.<\/p>\n<p style=\"text-align: justify;\"><strong><img decoding=\"async\" loading=\"lazy\" class=\"alignnone size-full wp-image-231431\" src=\"https:\/\/www.rctvinternational.com\/wp-content\/uploads\/2020\/04\/deberias-saber-que.jpg\" alt=\"\" width=\"265\" height=\"39\" \/><\/strong><\/p>\n<p style=\"text-align: justify;\">En esta obra el actor que da vida a Carlos Delgado Chalbaud encarna al personaje utilizando la vestimenta del l\u00edder militares de la \u00e9poca, a\u00f1adiendo autenticidad al retrato. El asesinato de Delgado Chalbaud, llevado a cabo por Rafael Sim\u00f3n Urbina, es el \u00fanico magnicidio presidencial en la historia venezolana. La producci\u00f3n ofrece una visi\u00f3n invaluable de la producci\u00f3n televisiva venezolana de la \u00e9poca y para presentar la narrativa se dividi\u00f3 como una miniserie.<\/p>\n<\/div>\n<\/div>\n<\/div>\n<\/div>","protected":false},"featured_media":236290,"template":"","meta":{"_et_pb_use_builder":"","_et_pb_old_content":"","_et_gb_content_width":""},"product_cat":[24],"product_tag":[1205,1287,1285,1288,669,1289,745,360,1286],"acf":[],"_links":{"self":[{"href":"http:\/\/3.144.191.25\/en\/wp-json\/wp\/v2\/product\/236224"}],"collection":[{"href":"http:\/\/3.144.191.25\/en\/wp-json\/wp\/v2\/product"}],"about":[{"href":"http:\/\/3.144.191.25\/en\/wp-json\/wp\/v2\/types\/product"}],"wp:featuredmedia":[{"embeddable":true,"href":"http:\/\/3.144.191.25\/en\/wp-json\/wp\/v2\/media\/236290"}],"wp:attachment":[{"href":"http:\/\/3.144.191.25\/en\/wp-json\/wp\/v2\/media?parent=236224"}],"wp:term":[{"taxonomy":"product_cat","embeddable":true,"href":"http:\/\/3.144.191.25\/en\/wp-json\/wp\/v2\/product_cat?post=236224"},{"taxonomy":"product_tag","embeddable":true,"href":"http:\/\/3.144.191.25\/en\/wp-json\/wp\/v2\/product_tag?post=236224"}],"curies":[{"name":"wp","href":"https:\/\/api.w.org\/{rel}","templated":true}]}}