{"id":236236,"date":"2024-08-12T22:12:48","date_gmt":"2024-08-12T22:12:48","guid":{"rendered":"https:\/\/www.rctvinternational.com\/?post_type=product&#038;p=236236"},"modified":"2024-08-12T22:13:27","modified_gmt":"2024-08-12T22:13:27","slug":"la-ventana","status":"publish","type":"product","link":"http:\/\/3.144.191.25\/en\/product\/la-ventana\/","title":{"rendered":"La Ventana"},"content":{"rendered":"<div style=\"width: 100%; min-height: 1px;\" id=\"vimeo-wc-video-6a023da617090\" data-js=\"vimeo-wc-video\" data-atts=\"{&quot;autopause&quot;:&quot;true&quot;,&quot;autoplay&quot;:false,&quot;background&quot;:false,&quot;byline&quot;:&quot;true&quot;,&quot;color&quot;:&quot;none&quot;,&quot;controls&quot;:&quot;true&quot;,&quot;dnt&quot;:&quot;true&quot;,&quot;height&quot;:&quot;none&quot;,&quot;id&quot;:false,&quot;loop&quot;:false,&quot;maxheight&quot;:&quot;none&quot;,&quot;maxwidth&quot;:&quot;none&quot;,&quot;muted&quot;:false,&quot;pip&quot;:false,&quot;playsinline&quot;:&quot;true&quot;,&quot;portrait&quot;:&quot;true&quot;,&quot;quality&quot;:&quot;auto&quot;,&quot;responsive&quot;:&quot;true&quot;,&quot;speed&quot;:false,&quot;texttrack&quot;:&quot;none&quot;,&quot;title&quot;:&quot;true&quot;,&quot;transparent&quot;:true,&quot;url&quot;:&quot;https:\\\/\\\/vimeo.com\\\/968292057&quot;,&quot;width&quot;:&quot;none&quot;}\"><\/div>","protected":false},"excerpt":{"rendered":"<p><img decoding=\"async\" loading=\"lazy\" class=\"alignnone size-medium wp-image-236237\" src=\"https:\/\/www.rctvinternational.com\/wp-content\/uploads\/2024\/07\/La-Ventama-Claqueta-24-267x300.png\" alt=\"\" width=\"267\" height=\"300\" \/><\/p>\n<p><img decoding=\"async\" loading=\"lazy\" class=\"alignnone size-full wp-image-232350\" src=\"https:\/\/www.rctvinternational.com\/wp-content\/uploads\/2020\/10\/Sinopsis.png\" alt=\"\" width=\"125\" height=\"57\" \/><\/p>\n<p>Efra\u00edn (<strong>Roberto Lamarca<\/strong>) es un fot\u00f3grafo de sucesos cuya vida da un giro inesperado tras un accidente que lo deja enyesado y confinado a una silla de ruedas. Atrapado en su apartamento, sus d\u00edas se vuelven mon\u00f3tonos. Encuentra en la observaci\u00f3n de sus vecinos desde la ventana una forma de escapar del hast\u00edo<\/p>\n<p>Desde su nueva perspectiva, la vida del vecindario se despliega ante \u00e9l como una serie de escenas de una pel\u00edcula cotidiana. Sin embargo, la tranquilidad de sus observaciones se transforma en algo perturbador cuando Efra\u00edn empieza a notar comportamientos extra\u00f1os y detalles inquietantes entre los habitantes de los edificios cercanos. Su curiosidad toma un giro oscuro y aterrador al descubrir que uno de sus vecinos ha cometido un asesinato.<\/p>\n<p>Con la incredulidad y el p\u00e1nico apoder\u00e1ndose de \u00e9l, Efra\u00edn se convierte en un detective improvisado. Sus intentos de alertar a las autoridades son recibidos con escepticismo, ya que nadie cree las afirmaciones de un hombre en una silla de ruedas. Determinado a resolver el misterio, Efra\u00edn utiliza su ingenio y los fragmentos de informaci\u00f3n que ha recolectado para intentar desenmascarar al asesino.<\/p>\n<p>El cl\u00edmax se alcanza cuando Efra\u00edn, enfrentando su propia vulnerabilidad y el peligro inminente, logra reunir pruebas suficientes para exponer al culpable. El vecindario, que hab\u00eda estado sumido en la calma aparente, se ve sacudido por la revelaci\u00f3n de la verdad. Con el asesino finalmente desenmascarado, Efra\u00edn encuentra un nuevo sentido de prop\u00f3sito y una perspectiva renovada sobre la vida y la justicia.<\/p>\n<p><img decoding=\"async\" loading=\"lazy\" class=\"alignnone size-full wp-image-231431\" src=\"https:\/\/www.rctvinternational.com\/wp-content\/uploads\/2020\/04\/deberias-saber-que.jpg\" alt=\"\" width=\"265\" height=\"39\" \/><\/p>\n<p>Roberto Lamarca, quien interpreta a Efra\u00edn en &#8216;La Ventana&#8217;, fue un destacado actor en la historia de la televisi\u00f3n venezolana. Su actuaci\u00f3n en esta producci\u00f3n es especialmente notable dado su legado en la pantalla. Tanto el personaje como la obra fueron ampliamente elogiados por la audiencia, consolidando a Lamanca como una figura influyente y respetada en el \u00e1mbito televisivo. Lamarca adem\u00e1s es recordado con admiraci\u00f3n por sus papeles en diversas producciones del cat\u00e1logo de RCTV, incluyendo su memorable interpretaci\u00f3n de &#8216;El Dr. Valerio&#8217; un m\u00e9dico corrupto en la aclamada telenovela <strong>&#8216;Eva Marina (Por estas calles)&#8217;<\/strong><\/p>","protected":false},"featured_media":236294,"template":"","meta":{"_et_pb_use_builder":"","_et_pb_old_content":"","_et_gb_content_width":""},"product_cat":[24],"product_tag":[1291,1205,1292,669,1290,745,1269,1172,1206],"acf":[],"_links":{"self":[{"href":"http:\/\/3.144.191.25\/en\/wp-json\/wp\/v2\/product\/236236"}],"collection":[{"href":"http:\/\/3.144.191.25\/en\/wp-json\/wp\/v2\/product"}],"about":[{"href":"http:\/\/3.144.191.25\/en\/wp-json\/wp\/v2\/types\/product"}],"wp:featuredmedia":[{"embeddable":true,"href":"http:\/\/3.144.191.25\/en\/wp-json\/wp\/v2\/media\/236294"}],"wp:attachment":[{"href":"http:\/\/3.144.191.25\/en\/wp-json\/wp\/v2\/media?parent=236236"}],"wp:term":[{"taxonomy":"product_cat","embeddable":true,"href":"http:\/\/3.144.191.25\/en\/wp-json\/wp\/v2\/product_cat?post=236236"},{"taxonomy":"product_tag","embeddable":true,"href":"http:\/\/3.144.191.25\/en\/wp-json\/wp\/v2\/product_tag?post=236236"}],"curies":[{"name":"wp","href":"https:\/\/api.w.org\/{rel}","templated":true}]}}