{"id":236249,"date":"2024-07-18T22:41:19","date_gmt":"2024-07-18T22:41:19","guid":{"rendered":"https:\/\/www.rctvinternational.com\/?post_type=product&#038;p=236249"},"modified":"2024-07-18T22:45:09","modified_gmt":"2024-07-18T22:45:09","slug":"madres","status":"publish","type":"product","link":"http:\/\/3.144.191.25\/en\/product\/madres\/","title":{"rendered":"Madres"},"content":{"rendered":"<div style=\"width: 100%; min-height: 1px;\" id=\"vimeo-wc-video-6a022f8618369\" data-js=\"vimeo-wc-video\" data-atts=\"{&quot;autopause&quot;:&quot;true&quot;,&quot;autoplay&quot;:false,&quot;background&quot;:false,&quot;byline&quot;:&quot;true&quot;,&quot;color&quot;:&quot;none&quot;,&quot;controls&quot;:&quot;true&quot;,&quot;dnt&quot;:&quot;true&quot;,&quot;height&quot;:&quot;none&quot;,&quot;id&quot;:false,&quot;loop&quot;:false,&quot;maxheight&quot;:&quot;none&quot;,&quot;maxwidth&quot;:&quot;none&quot;,&quot;muted&quot;:false,&quot;pip&quot;:false,&quot;playsinline&quot;:&quot;true&quot;,&quot;portrait&quot;:&quot;true&quot;,&quot;quality&quot;:&quot;auto&quot;,&quot;responsive&quot;:&quot;true&quot;,&quot;speed&quot;:false,&quot;texttrack&quot;:&quot;none&quot;,&quot;title&quot;:&quot;true&quot;,&quot;transparent&quot;:true,&quot;url&quot;:&quot;https:\\\/\\\/vimeo.com\\\/968306591&quot;,&quot;width&quot;:&quot;none&quot;}\"><\/div>","protected":false},"excerpt":{"rendered":"<p style=\"text-align: justify;\"><img decoding=\"async\" loading=\"lazy\" class=\"alignnone size-medium wp-image-236254\" src=\"https:\/\/www.rctvinternational.com\/wp-content\/uploads\/2024\/07\/Madres-Claqueta-23-267x300.png\" alt=\"\" width=\"267\" height=\"300\" \/><\/p>\n<p style=\"text-align: justify;\"><img decoding=\"async\" loading=\"lazy\" class=\"alignnone size-full wp-image-232350\" src=\"https:\/\/www.rctvinternational.com\/wp-content\/uploads\/2020\/10\/Sinopsis.png\" alt=\"\" width=\"125\" height=\"57\" \/><\/p>\n<p style=\"text-align: justify;\">Una mujer que desea ser madre se adentra en la desesperaci\u00f3n y el anhelo de vivir esta experiencia, as\u00ed tenga que recurrir a un oscuro mercado. As\u00ed comienza a inmiscuirse en un mundo donde el deseo de tener hijos y la falta de recursos para criarlos confluyen en una siniestra realidad y se desarrolla un desgarrador drama humano: el terrible delito de tr\u00e1fico de ni\u00f1os. Sin medir lo profundo de las consecuencias de sus acciones, esta mujer concreta la compra de un ni\u00f1o, pero detr\u00e1s de motivaciones aparentemente nobles o conmovedoras se encuentra una verdadera atrocidad.<\/p>\n<p style=\"text-align: justify;\">Por otro lado, una madre abandonada que enfrenta sola la maternidad. Sin apoyo ni recursos, se ve forzada a tomar la desgarradora decisi\u00f3n de entregar a su peque\u00f1a.<\/p>\n<p style=\"text-align: justify;\">Las vidas de ambas mujeres, aparentemente contrastadas, tienen un aspecto en com\u00fan: el deseo de tener hijos se ve frustrado. La soledad y la desesperaci\u00f3n las llevan a considerar medidas extremas para cumplir su anhelo de ser madre. Ambas vivir\u00e1n la verdadera angustia emocional y deber\u00e1n enfrentar situaciones que nunca concibieron por tomar caminos oscuros.<\/p>\n<p style=\"text-align: justify;\">La trama se entrelaza con las historias de otras mujeres y familias, revelando un entramado de dolor, desesperaci\u00f3n y decisiones dif\u00edciles. A medida que se desvela el tr\u00e1fico de ni\u00f1os, la serie explora las profundas heridas emocionales y sociales que marcan a sus personajes, mostrando c\u00f3mo la desesperaci\u00f3n puede llevar a acciones extremas y c\u00f3mo la b\u00fasqueda de una vida mejor puede ser manipulada por intereses oscuros.<\/p>\n<h4 style=\"text-align: justify;\"><img decoding=\"async\" loading=\"lazy\" class=\"alignnone size-full wp-image-231431\" src=\"https:\/\/www.rctvinternational.com\/wp-content\/uploads\/2020\/04\/deberias-saber-que.jpg\" alt=\"\" width=\"265\" height=\"39\" \/><\/h4>\n<p style=\"text-align: justify;\">Las actrices que dan vida a estas complejas mujeres son <strong>Victoria Robert<\/strong> y <strong>Lourdes Valera<\/strong>. <strong>Victoria Robert<\/strong> es reconocida por su trabajo en <em><strong>\u2018<\/strong><\/em><strong>Pura Sangre\u2019<\/strong><em>, <strong>\u2018<\/strong><\/em><strong>La ni\u00f1a de mis ojos\u2019<\/strong> y \u2018<strong>Viva la Pepa<\/strong><i>\u2019. <\/i><strong>Lourdes Valera\u00a0<\/strong>fue una reconocida actriz con una carrera actoral diversa desde programas de humor como<strong> <em>\u2018<\/em>Radio Rochela\u2019<\/strong> hasta <em><strong>\u2018<\/strong><\/em><strong>Topacio\u2019 y <em>\u2018<\/em>Cristal\u2019<\/strong> entre otras telenovelas.<\/p>","protected":false},"featured_media":236250,"template":"","meta":{"_et_pb_use_builder":"","_et_pb_old_content":"","_et_gb_content_width":""},"product_cat":[24],"product_tag":[1205,1275,1274,1264,745,1239,1256],"acf":[],"_links":{"self":[{"href":"http:\/\/3.144.191.25\/en\/wp-json\/wp\/v2\/product\/236249"}],"collection":[{"href":"http:\/\/3.144.191.25\/en\/wp-json\/wp\/v2\/product"}],"about":[{"href":"http:\/\/3.144.191.25\/en\/wp-json\/wp\/v2\/types\/product"}],"wp:featuredmedia":[{"embeddable":true,"href":"http:\/\/3.144.191.25\/en\/wp-json\/wp\/v2\/media\/236250"}],"wp:attachment":[{"href":"http:\/\/3.144.191.25\/en\/wp-json\/wp\/v2\/media?parent=236249"}],"wp:term":[{"taxonomy":"product_cat","embeddable":true,"href":"http:\/\/3.144.191.25\/en\/wp-json\/wp\/v2\/product_cat?post=236249"},{"taxonomy":"product_tag","embeddable":true,"href":"http:\/\/3.144.191.25\/en\/wp-json\/wp\/v2\/product_tag?post=236249"}],"curies":[{"name":"wp","href":"https:\/\/api.w.org\/{rel}","templated":true}]}}