{"id":236255,"date":"2024-07-18T22:50:49","date_gmt":"2024-07-18T22:50:49","guid":{"rendered":"https:\/\/www.rctvinternational.com\/?post_type=product&#038;p=236255"},"modified":"2024-10-10T03:25:50","modified_gmt":"2024-10-10T03:25:50","slug":"mentes-transplantadas","status":"publish","type":"product","link":"http:\/\/3.144.191.25\/en\/product\/mentes-transplantadas\/","title":{"rendered":"Mentes Transplantadas"},"content":{"rendered":"<div style=\"width: 100%; min-height: 1px;\" id=\"vimeo-wc-video-6a022f893dd1c\" data-js=\"vimeo-wc-video\" data-atts=\"{&quot;autopause&quot;:&quot;true&quot;,&quot;autoplay&quot;:false,&quot;background&quot;:false,&quot;byline&quot;:&quot;true&quot;,&quot;color&quot;:&quot;none&quot;,&quot;controls&quot;:&quot;true&quot;,&quot;dnt&quot;:&quot;true&quot;,&quot;height&quot;:&quot;none&quot;,&quot;id&quot;:false,&quot;loop&quot;:false,&quot;maxheight&quot;:&quot;none&quot;,&quot;maxwidth&quot;:&quot;none&quot;,&quot;muted&quot;:false,&quot;pip&quot;:false,&quot;playsinline&quot;:&quot;true&quot;,&quot;portrait&quot;:&quot;true&quot;,&quot;quality&quot;:&quot;auto&quot;,&quot;responsive&quot;:&quot;true&quot;,&quot;speed&quot;:false,&quot;texttrack&quot;:&quot;none&quot;,&quot;title&quot;:&quot;true&quot;,&quot;transparent&quot;:true,&quot;url&quot;:&quot;https:\\\/\\\/vimeo.com\\\/968314254&quot;,&quot;width&quot;:&quot;none&quot;}\"><\/div>","protected":false},"excerpt":{"rendered":"<p style=\"text-align: justify;\"><img decoding=\"async\" loading=\"lazy\" class=\"alignnone size-medium wp-image-236256\" src=\"https:\/\/www.rctvinternational.com\/wp-content\/uploads\/2024\/07\/Mentes-transplantadas-claqueta-22-267x300.png\" alt=\"\" width=\"267\" height=\"300\" \/><\/p>\n<p style=\"text-align: justify;\"><img decoding=\"async\" loading=\"lazy\" class=\"alignnone size-full wp-image-232350\" src=\"https:\/\/www.rctvinternational.com\/wp-content\/uploads\/2020\/10\/Sinopsis.png\" alt=\"\" width=\"125\" height=\"57\" \/><\/p>\n<p style=\"text-align: justify;\">Victorio, Un exitoso corredor de autos, tiene el mundo a sus pies, viviendo una vida llena de adrenalina y fama. Por otro lado, Rogelio, un m\u00e9dico decidido e inteligente, disfruta de una vida estable y respetada, con todo lo que siempre ha deseado junto a su esposa.<\/p>\n<p style=\"text-align: justify;\">Un d\u00eda, el destino juega una carta inesperada. Un terrible accidente ocurre, y de alguna manera inexplicable, los esp\u00edritus de ambos hombres cambian de cuerpo. Rogelio se despierta en la sala de operaciones, en el cuerpo de Victorio, mientras que Victorio se encuentra al volante de un auto de carreras, atrapado en el cuerpo de Rogelio.<\/p>\n<p style=\"text-align: justify;\">Ambos hombres enfrentan un desaf\u00edo monumental: adaptarse a la vida del otro. Victorio, ahora en el mundo de la medicina, debe aprender a manejar el bistur\u00ed y tomar decisiones cr\u00edticas que salvan vidas. Mientras tanto, Rogelio, en el cuerpo de un corredor de autos, tiene que enfrentar la velocidad y los peligros de las pistas, algo completamente ajeno a su naturaleza meticulosa y calculadora.<\/p>\n<p style=\"text-align: justify;\">En medio de este caos, la esposa de Rogelio, se convierte en una figura clave. Desesperada por recuperar a su esposo, la determinada mujer empieza a investigar lo sucedido. Su amor y esmero la llevan a descubrir el misterio detr\u00e1s del accidente y encontrar una manera de revertir el cambio.<\/p>\n<p style=\"text-align: justify;\">Con sus vidas en juego, Rogelio y Victorio se encuentran y aparece la oportunidad para recuperar sus verdaderas identidades. Si es que hay alguna soluci\u00f3n para devolverles sus cuerpos.<\/p>\n<p style=\"text-align: justify;\">Sin embargo, despu\u00e9s de esta experiencia transformadora, el destino de Jorge y Marcos queda entrelazado para siempre. Estos hombres, habiendo vivido en la piel del otro, encuentran un nuevo prop\u00f3sito y una profunda comprensi\u00f3n de la vida y sus propias capacidades. A partir de ese momento, nada vuelve a ser igual.<\/p>\n<p style=\"text-align: justify;\"><img decoding=\"async\" loading=\"lazy\" class=\"alignnone size-full wp-image-231431\" src=\"https:\/\/www.rctvinternational.com\/wp-content\/uploads\/2020\/04\/deberias-saber-que.jpg\" alt=\"\" width=\"265\" height=\"39\" \/><\/p>\n<p style=\"text-align: justify;\"><strong>Caridad Canel\u00f3n<\/strong> y <strong>Javier Vidal<\/strong> interpretan a dos de los miembros de las parejas protagonistas en esta emocionante producci\u00f3n. Ambos son actores de renombre en la televisi\u00f3n venezolana y han participado en m\u00faltiples producciones exitosas de<strong> RCTV<\/strong>. <strong>Caridad Canel\u00f3n<\/strong> ha brillado en telenovelas como<strong> &#8216;Toda una dama&#8217; y &#8216;Coraz\u00f3n traicionado&#8217;<\/strong>, siendo una de las actrices mas vers\u00e1tiles del elenco, es ampliamente reconocida por su talento, mientras que Javier Vidal es tambi\u00e9n un reconocido actor elocuente y din\u00e1mico, de gran carisma y versatilidad que adem\u00e1s destaca como periodista, dramaturgo, profesor universitario y director teatral\u00a0 y de televisi\u00f3n venezolano.<\/p>","protected":false},"featured_media":236695,"template":"","meta":{"_et_pb_use_builder":"","_et_pb_old_content":"","_et_gb_content_width":""},"product_cat":[24],"product_tag":[269,1205,669,742,1273,1264,745,1238],"acf":[],"_links":{"self":[{"href":"http:\/\/3.144.191.25\/en\/wp-json\/wp\/v2\/product\/236255"}],"collection":[{"href":"http:\/\/3.144.191.25\/en\/wp-json\/wp\/v2\/product"}],"about":[{"href":"http:\/\/3.144.191.25\/en\/wp-json\/wp\/v2\/types\/product"}],"wp:featuredmedia":[{"embeddable":true,"href":"http:\/\/3.144.191.25\/en\/wp-json\/wp\/v2\/media\/236695"}],"wp:attachment":[{"href":"http:\/\/3.144.191.25\/en\/wp-json\/wp\/v2\/media?parent=236255"}],"wp:term":[{"taxonomy":"product_cat","embeddable":true,"href":"http:\/\/3.144.191.25\/en\/wp-json\/wp\/v2\/product_cat?post=236255"},{"taxonomy":"product_tag","embeddable":true,"href":"http:\/\/3.144.191.25\/en\/wp-json\/wp\/v2\/product_tag?post=236255"}],"curies":[{"name":"wp","href":"https:\/\/api.w.org\/{rel}","templated":true}]}}